{"id":3385,"date":"2022-09-21T17:54:44","date_gmt":"2022-09-21T17:54:44","guid":{"rendered":"https:\/\/www.betweenlgbt.com.mx\/?post_type=product&#038;p=3385"},"modified":"2022-09-21T18:03:57","modified_gmt":"2022-09-21T18:03:57","slug":"orgullo-disidente","status":"publish","type":"product","link":"https:\/\/www.betweenlgbt.com.mx\/en\/product\/orgullo-disidente\/","title":{"rendered":"Orgullo Disidente"},"content":{"rendered":"","protected":false},"excerpt":{"rendered":"","protected":false},"featured_media":3386,"comment_status":"open","ping_status":"closed","template":"","meta":[],"product_brand":[],"product_cat":[149],"product_tag":[195,196,194,205,206,198,199,200],"class_list":{"0":"post-3385","1":"product","2":"type-product","3":"status-publish","4":"has-post-thumbnail","6":"product_cat-mexico","7":"product_tag-hombres-gays","8":"product_tag-mujeres-lesbianas","9":"product_tag-personas-bisexuales","10":"product_tag-personas-intersexuales","11":"product_tag-personas-queers","12":"product_tag-personas-transexuales","13":"product_tag-personas-transgenero","14":"product_tag-personas-travestis","15":"description-off","17":"first","18":"instock","19":"shipping-taxable","20":"product-type-simple"},"yoast_head":"<!-- This site is optimized with the Yoast SEO plugin v26.9 - https:\/\/yoast.com\/product\/yoast-seo-wordpress\/ -->\n<title>Orgullo Disidente - BETWEEN LGBT*<\/title>\n<meta name=\"robots\" content=\"index, follow, max-snippet:-1, max-image-preview:large, max-video-preview:-1\" \/>\n<link rel=\"canonical\" href=\"https:\/\/www.betweenlgbt.com.mx\/en\/product\/orgullo-disidente\/\" \/>\n<meta property=\"og:locale\" content=\"en_GB\" \/>\n<meta property=\"og:type\" content=\"article\" \/>\n<meta property=\"og:title\" content=\"Orgullo Disidente - BETWEEN LGBT*\" \/>\n<meta property=\"og:url\" content=\"https:\/\/www.betweenlgbt.com.mx\/en\/product\/orgullo-disidente\/\" \/>\n<meta property=\"og:site_name\" content=\"BETWEEN LGBT*\" \/>\n<meta property=\"article:modified_time\" content=\"2022-09-21T18:03:57+00:00\" \/>\n<meta property=\"og:image\" content=\"https:\/\/www.betweenlgbt.com.mx\/wp-content\/uploads\/2022\/09\/Orgullo-Disidente.jpg\" \/>\n\t<meta property=\"og:image:width\" content=\"399\" \/>\n\t<meta property=\"og:image:height\" content=\"399\" \/>\n\t<meta property=\"og:image:type\" content=\"image\/jpeg\" \/>\n<meta name=\"twitter:card\" content=\"summary_large_image\" \/>\n<script type=\"application\/ld+json\" class=\"yoast-schema-graph\">{\"@context\":\"https:\/\/schema.org\",\"@graph\":[{\"@type\":\"WebPage\",\"@id\":\"https:\/\/www.betweenlgbt.com.mx\/producto\/orgullo-disidente\/\",\"url\":\"https:\/\/www.betweenlgbt.com.mx\/producto\/orgullo-disidente\/\",\"name\":\"Orgullo Disidente - BETWEEN LGBT*\",\"isPartOf\":{\"@id\":\"https:\/\/www.betweenlgbt.com.mx\/#website\"},\"primaryImageOfPage\":{\"@id\":\"https:\/\/www.betweenlgbt.com.mx\/producto\/orgullo-disidente\/#primaryimage\"},\"image\":{\"@id\":\"https:\/\/www.betweenlgbt.com.mx\/producto\/orgullo-disidente\/#primaryimage\"},\"thumbnailUrl\":\"https:\/\/www.betweenlgbt.com.mx\/wp-content\/uploads\/2022\/09\/Orgullo-Disidente.jpg\",\"datePublished\":\"2022-09-21T17:54:44+00:00\",\"dateModified\":\"2022-09-21T18:03:57+00:00\",\"breadcrumb\":{\"@id\":\"https:\/\/www.betweenlgbt.com.mx\/producto\/orgullo-disidente\/#breadcrumb\"},\"inLanguage\":\"en-GB\",\"potentialAction\":[{\"@type\":\"ReadAction\",\"target\":[\"https:\/\/www.betweenlgbt.com.mx\/producto\/orgullo-disidente\/\"]}]},{\"@type\":\"ImageObject\",\"inLanguage\":\"en-GB\",\"@id\":\"https:\/\/www.betweenlgbt.com.mx\/producto\/orgullo-disidente\/#primaryimage\",\"url\":\"https:\/\/www.betweenlgbt.com.mx\/wp-content\/uploads\/2022\/09\/Orgullo-Disidente.jpg\",\"contentUrl\":\"https:\/\/www.betweenlgbt.com.mx\/wp-content\/uploads\/2022\/09\/Orgullo-Disidente.jpg\",\"width\":399,\"height\":399},{\"@type\":\"BreadcrumbList\",\"@id\":\"https:\/\/www.betweenlgbt.com.mx\/producto\/orgullo-disidente\/#breadcrumb\",\"itemListElement\":[{\"@type\":\"ListItem\",\"position\":1,\"name\":\"Portada\",\"item\":\"https:\/\/www.betweenlgbt.com.mx\/\"},{\"@type\":\"ListItem\",\"position\":2,\"name\":\"Productos\",\"item\":\"https:\/\/www.betweenlgbt.com.mx\/shop\/\"},{\"@type\":\"ListItem\",\"position\":3,\"name\":\"Orgullo Disidente\"}]},{\"@type\":\"WebSite\",\"@id\":\"https:\/\/www.betweenlgbt.com.mx\/#website\",\"url\":\"https:\/\/www.betweenlgbt.com.mx\/\",\"name\":\"BETWEEN LGBT*\",\"description\":\"BETWEEN LGBT* es una plataforma para consulta de derechos humanos de la poblaci\u00f3n LGBT en M\u00e9xico y Am\u00e9rica Latina\",\"publisher\":{\"@id\":\"https:\/\/www.betweenlgbt.com.mx\/#organization\"},\"potentialAction\":[{\"@type\":\"SearchAction\",\"target\":{\"@type\":\"EntryPoint\",\"urlTemplate\":\"https:\/\/www.betweenlgbt.com.mx\/?s={search_term_string}\"},\"query-input\":{\"@type\":\"PropertyValueSpecification\",\"valueRequired\":true,\"valueName\":\"search_term_string\"}}],\"inLanguage\":\"en-GB\"},{\"@type\":\"Organization\",\"@id\":\"https:\/\/www.betweenlgbt.com.mx\/#organization\",\"name\":\"BETWEEN LGBT*\",\"url\":\"https:\/\/www.betweenlgbt.com.mx\/\",\"logo\":{\"@type\":\"ImageObject\",\"inLanguage\":\"en-GB\",\"@id\":\"https:\/\/www.betweenlgbt.com.mx\/#\/schema\/logo\/image\/\",\"url\":\"https:\/\/www.betweenlgbt.com.mx\/wp-content\/uploads\/2021\/12\/Captura-de-Pantalla-2021-12-20-a-las-14.19.48.png\",\"contentUrl\":\"https:\/\/www.betweenlgbt.com.mx\/wp-content\/uploads\/2021\/12\/Captura-de-Pantalla-2021-12-20-a-las-14.19.48.png\",\"width\":464,\"height\":332,\"caption\":\"BETWEEN LGBT*\"},\"image\":{\"@id\":\"https:\/\/www.betweenlgbt.com.mx\/#\/schema\/logo\/image\/\"}}]}<\/script>\n<!-- \/ Yoast SEO plugin. -->","yoast_head_json":{"title":"Orgullo Disidente - BETWEEN LGBT*","robots":{"index":"index","follow":"follow","max-snippet":"max-snippet:-1","max-image-preview":"max-image-preview:large","max-video-preview":"max-video-preview:-1"},"canonical":"https:\/\/www.betweenlgbt.com.mx\/en\/product\/orgullo-disidente\/","og_locale":"en_GB","og_type":"article","og_title":"Orgullo Disidente - BETWEEN LGBT*","og_url":"https:\/\/www.betweenlgbt.com.mx\/en\/product\/orgullo-disidente\/","og_site_name":"BETWEEN LGBT*","article_modified_time":"2022-09-21T18:03:57+00:00","og_image":[{"width":399,"height":399,"url":"https:\/\/www.betweenlgbt.com.mx\/wp-content\/uploads\/2022\/09\/Orgullo-Disidente.jpg","type":"image\/jpeg"}],"twitter_card":"summary_large_image","schema":{"@context":"https:\/\/schema.org","@graph":[{"@type":"WebPage","@id":"https:\/\/www.betweenlgbt.com.mx\/producto\/orgullo-disidente\/","url":"https:\/\/www.betweenlgbt.com.mx\/producto\/orgullo-disidente\/","name":"Orgullo Disidente - BETWEEN LGBT*","isPartOf":{"@id":"https:\/\/www.betweenlgbt.com.mx\/#website"},"primaryImageOfPage":{"@id":"https:\/\/www.betweenlgbt.com.mx\/producto\/orgullo-disidente\/#primaryimage"},"image":{"@id":"https:\/\/www.betweenlgbt.com.mx\/producto\/orgullo-disidente\/#primaryimage"},"thumbnailUrl":"https:\/\/www.betweenlgbt.com.mx\/wp-content\/uploads\/2022\/09\/Orgullo-Disidente.jpg","datePublished":"2022-09-21T17:54:44+00:00","dateModified":"2022-09-21T18:03:57+00:00","breadcrumb":{"@id":"https:\/\/www.betweenlgbt.com.mx\/producto\/orgullo-disidente\/#breadcrumb"},"inLanguage":"en-GB","potentialAction":[{"@type":"ReadAction","target":["https:\/\/www.betweenlgbt.com.mx\/producto\/orgullo-disidente\/"]}]},{"@type":"ImageObject","inLanguage":"en-GB","@id":"https:\/\/www.betweenlgbt.com.mx\/producto\/orgullo-disidente\/#primaryimage","url":"https:\/\/www.betweenlgbt.com.mx\/wp-content\/uploads\/2022\/09\/Orgullo-Disidente.jpg","contentUrl":"https:\/\/www.betweenlgbt.com.mx\/wp-content\/uploads\/2022\/09\/Orgullo-Disidente.jpg","width":399,"height":399},{"@type":"BreadcrumbList","@id":"https:\/\/www.betweenlgbt.com.mx\/producto\/orgullo-disidente\/#breadcrumb","itemListElement":[{"@type":"ListItem","position":1,"name":"Portada","item":"https:\/\/www.betweenlgbt.com.mx\/"},{"@type":"ListItem","position":2,"name":"Productos","item":"https:\/\/www.betweenlgbt.com.mx\/shop\/"},{"@type":"ListItem","position":3,"name":"Orgullo Disidente"}]},{"@type":"WebSite","@id":"https:\/\/www.betweenlgbt.com.mx\/#website","url":"https:\/\/www.betweenlgbt.com.mx\/","name":"BETWEEN LGBT*","description":"BETWEEN LGBT* es una plataforma para consulta de derechos humanos de la poblaci\u00f3n LGBT en M\u00e9xico y Am\u00e9rica Latina","publisher":{"@id":"https:\/\/www.betweenlgbt.com.mx\/#organization"},"potentialAction":[{"@type":"SearchAction","target":{"@type":"EntryPoint","urlTemplate":"https:\/\/www.betweenlgbt.com.mx\/?s={search_term_string}"},"query-input":{"@type":"PropertyValueSpecification","valueRequired":true,"valueName":"search_term_string"}}],"inLanguage":"en-GB"},{"@type":"Organization","@id":"https:\/\/www.betweenlgbt.com.mx\/#organization","name":"BETWEEN LGBT*","url":"https:\/\/www.betweenlgbt.com.mx\/","logo":{"@type":"ImageObject","inLanguage":"en-GB","@id":"https:\/\/www.betweenlgbt.com.mx\/#\/schema\/logo\/image\/","url":"https:\/\/www.betweenlgbt.com.mx\/wp-content\/uploads\/2021\/12\/Captura-de-Pantalla-2021-12-20-a-las-14.19.48.png","contentUrl":"https:\/\/www.betweenlgbt.com.mx\/wp-content\/uploads\/2021\/12\/Captura-de-Pantalla-2021-12-20-a-las-14.19.48.png","width":464,"height":332,"caption":"BETWEEN LGBT*"},"image":{"@id":"https:\/\/www.betweenlgbt.com.mx\/#\/schema\/logo\/image\/"}}]}},"_links":{"self":[{"href":"https:\/\/www.betweenlgbt.com.mx\/en\/wp-json\/wp\/v2\/product\/3385","targetHints":{"allow":["GET"]}}],"collection":[{"href":"https:\/\/www.betweenlgbt.com.mx\/en\/wp-json\/wp\/v2\/product"}],"about":[{"href":"https:\/\/www.betweenlgbt.com.mx\/en\/wp-json\/wp\/v2\/types\/product"}],"replies":[{"embeddable":true,"href":"https:\/\/www.betweenlgbt.com.mx\/en\/wp-json\/wp\/v2\/comments?post=3385"}],"wp:featuredmedia":[{"embeddable":true,"href":"https:\/\/www.betweenlgbt.com.mx\/en\/wp-json\/wp\/v2\/media\/3386"}],"wp:attachment":[{"href":"https:\/\/www.betweenlgbt.com.mx\/en\/wp-json\/wp\/v2\/media?parent=3385"}],"wp:term":[{"taxonomy":"product_brand","embeddable":true,"href":"https:\/\/www.betweenlgbt.com.mx\/en\/wp-json\/wp\/v2\/product_brand?post=3385"},{"taxonomy":"product_cat","embeddable":true,"href":"https:\/\/www.betweenlgbt.com.mx\/en\/wp-json\/wp\/v2\/product_cat?post=3385"},{"taxonomy":"product_tag","embeddable":true,"href":"https:\/\/www.betweenlgbt.com.mx\/en\/wp-json\/wp\/v2\/product_tag?post=3385"}],"curies":[{"name":"wp","href":"https:\/\/api.w.org\/{rel}","templated":true}]}}