{"id":659,"date":"2021-12-20T23:55:42","date_gmt":"2021-12-20T23:55:42","guid":{"rendered":"https:\/\/www.betweenlgbt.com.mx\/?page_id=659"},"modified":"2024-01-31T18:27:48","modified_gmt":"2024-01-31T18:27:48","slug":"genealogia","status":"publish","type":"page","link":"https:\/\/www.betweenlgbt.com.mx\/en\/genealogia\/","title":{"rendered":"Genealog\u00eda del grupo de investigaci\u00f3n"},"content":{"rendered":"<div class=\"vc_row wpb_row vc_row-fluid\"><div class=\"wpb_column vc_column_container vc_col-sm-3\"><div class=\"vc_column-inner\"><div class=\"wpb_wrapper\"><\/div><\/div><\/div><div class=\"wpb_column vc_column_container vc_col-sm-6\"><div class=\"vc_column-inner\"><div class=\"wpb_wrapper\">\n\t<div class=\"wpb_text_column wpb_content_element\" >\n\t\t<div class=\"wpb_wrapper\">\n\t\t\t<p>El proyecto de elaboraci\u00f3n de bases de datos sobre el reconocimiento de derechos LGBT+ en Am\u00e9rica Latina empez\u00f3 en 2018 con la idea de sistematizar y visibilizar la condici\u00f3n ciudadana de las personas de las diversidades sexuales y de g\u00e9nero en la regi\u00f3n. Esto ha sido posible gracias al trabajo conjunto de equipo de becarixs de la Universidad de Guanajuato que en diferentes momentos han colaborado arduamente para sumar a este proyecto.<\/p>\n\n\t\t<\/div>\n\t<\/div>\n<div class=\"vc_empty_space\"   style=\"height: 20px\"><span class=\"vc_empty_space_inner\"><\/span><\/div><\/div><\/div><\/div><div class=\"wpb_column vc_column_container vc_col-sm-3\"><div class=\"vc_column-inner\"><div class=\"wpb_wrapper\"><\/div><\/div><\/div><\/div><div class=\"vc_row wpb_row vc_row-fluid\"><div class=\"wpb_column vc_column_container vc_col-sm-4\"><div class=\"vc_column-inner\"><div class=\"wpb_wrapper\">\n\t<div  class=\"wpb_single_image wpb_content_element vc_align_center\">\n\t\t\n\t\t<figure class=\"wpb_wrapper vc_figure\">\n\t\t\t<div class=\"vc_single_image-wrapper   vc_box_border_grey\"><img loading=\"lazy\" decoding=\"async\" width=\"1242\" height=\"1830\" src=\"https:\/\/www.betweenlgbt.com.mx\/wp-content\/uploads\/2021\/12\/5-2.png\" class=\"vc_single_image-img attachment-full\" alt=\"\" srcset=\"https:\/\/www.betweenlgbt.com.mx\/wp-content\/uploads\/2021\/12\/5-2.png 1242w, https:\/\/www.betweenlgbt.com.mx\/wp-content\/uploads\/2021\/12\/5-2-204x300.png 204w, https:\/\/www.betweenlgbt.com.mx\/wp-content\/uploads\/2021\/12\/5-2-695x1024.png 695w, https:\/\/www.betweenlgbt.com.mx\/wp-content\/uploads\/2021\/12\/5-2-768x1132.png 768w, https:\/\/www.betweenlgbt.com.mx\/wp-content\/uploads\/2021\/12\/5-2-1042x1536.png 1042w, https:\/\/www.betweenlgbt.com.mx\/wp-content\/uploads\/2021\/12\/5-2-600x884.png 600w\" sizes=\"auto, (max-width: 1242px) 100vw, 1242px\"  data-dt-location=\"https:\/\/www.betweenlgbt.com.mx\/en\/genealogia\/5-2\/\" \/><\/div>\n\t\t<\/figure>\n\t<\/div>\n\n\t<div class=\"wpb_text_column wpb_content_element\" >\n\t\t<div class=\"wpb_wrapper\">\n\t\t\t<h3>Alison Jamila \u00c1lvarez Nu\u00f1ez<\/h3>\n<p>Enero 2019 &#8211; Diciembre 2019<\/p>\n\n\t\t<\/div>\n\t<\/div>\n<\/div><\/div><\/div><div class=\"wpb_column vc_column_container vc_col-sm-4\"><div class=\"vc_column-inner\"><div class=\"wpb_wrapper\">\n\t<div  class=\"wpb_single_image wpb_content_element vc_align_center\">\n\t\t\n\t\t<figure class=\"wpb_wrapper vc_figure\">\n\t\t\t<div class=\"vc_single_image-wrapper   vc_box_border_grey\"><img loading=\"lazy\" decoding=\"async\" width=\"608\" height=\"853\" src=\"https:\/\/www.betweenlgbt.com.mx\/wp-content\/uploads\/2021\/12\/1-3.png\" class=\"vc_single_image-img attachment-full\" alt=\"\" srcset=\"https:\/\/www.betweenlgbt.com.mx\/wp-content\/uploads\/2021\/12\/1-3.png 608w, https:\/\/www.betweenlgbt.com.mx\/wp-content\/uploads\/2021\/12\/1-3-214x300.png 214w, https:\/\/www.betweenlgbt.com.mx\/wp-content\/uploads\/2021\/12\/1-3-600x842.png 600w\" sizes=\"auto, (max-width: 608px) 100vw, 608px\"  data-dt-location=\"https:\/\/www.betweenlgbt.com.mx\/en\/genealogia\/1-3\/\" \/><\/div>\n\t\t<\/figure>\n\t<\/div>\n\n\t<div class=\"wpb_text_column wpb_content_element\" >\n\t\t<div class=\"wpb_wrapper\">\n\t\t\t<h3>Paloma Arregu\u00edn Ochoa<\/h3>\n<p>Enero 2019 &#8211; Diciembre 2019<\/p>\n\n\t\t<\/div>\n\t<\/div>\n<\/div><\/div><\/div><div class=\"wpb_column vc_column_container vc_col-sm-4\"><div class=\"vc_column-inner\"><div class=\"wpb_wrapper\">\n\t<div  class=\"wpb_single_image wpb_content_element vc_align_center\">\n\t\t\n\t\t<figure class=\"wpb_wrapper vc_figure\">\n\t\t\t<div class=\"vc_single_image-wrapper   vc_box_border_grey\"><img loading=\"lazy\" decoding=\"async\" width=\"636\" height=\"899\" src=\"https:\/\/www.betweenlgbt.com.mx\/wp-content\/uploads\/2021\/12\/2-3.png\" class=\"vc_single_image-img attachment-full\" alt=\"\" srcset=\"https:\/\/www.betweenlgbt.com.mx\/wp-content\/uploads\/2021\/12\/2-3.png 636w, https:\/\/www.betweenlgbt.com.mx\/wp-content\/uploads\/2021\/12\/2-3-212x300.png 212w, https:\/\/www.betweenlgbt.com.mx\/wp-content\/uploads\/2021\/12\/2-3-600x848.png 600w\" sizes=\"auto, (max-width: 636px) 100vw, 636px\"  data-dt-location=\"https:\/\/www.betweenlgbt.com.mx\/en\/genealogia\/2-3\/\" \/><\/div>\n\t\t<\/figure>\n\t<\/div>\n\n\t<div class=\"wpb_text_column wpb_content_element\" >\n\t\t<div class=\"wpb_wrapper\">\n\t\t\t<h3>Regina Carl\u00edn Valencia<\/h3>\n<p>Mayo 2019 &#8211; Mayo 2020<\/p>\n\n\t\t<\/div>\n\t<\/div>\n<\/div><\/div><\/div><\/div><div class=\"vc_row wpb_row vc_row-fluid\"><div class=\"wpb_column vc_column_container vc_col-sm-4\"><div class=\"vc_column-inner\"><div class=\"wpb_wrapper\">\n\t<div  class=\"wpb_single_image wpb_content_element vc_align_center\">\n\t\t\n\t\t<figure class=\"wpb_wrapper vc_figure\">\n\t\t\t<div class=\"vc_single_image-wrapper   vc_box_border_grey\"><img loading=\"lazy\" decoding=\"async\" width=\"1426\" height=\"1847\" src=\"https:\/\/www.betweenlgbt.com.mx\/wp-content\/uploads\/2021\/12\/3-2.png\" class=\"vc_single_image-img attachment-full\" alt=\"\" srcset=\"https:\/\/www.betweenlgbt.com.mx\/wp-content\/uploads\/2021\/12\/3-2.png 1426w, https:\/\/www.betweenlgbt.com.mx\/wp-content\/uploads\/2021\/12\/3-2-232x300.png 232w, https:\/\/www.betweenlgbt.com.mx\/wp-content\/uploads\/2021\/12\/3-2-791x1024.png 791w, https:\/\/www.betweenlgbt.com.mx\/wp-content\/uploads\/2021\/12\/3-2-768x995.png 768w, https:\/\/www.betweenlgbt.com.mx\/wp-content\/uploads\/2021\/12\/3-2-1186x1536.png 1186w, https:\/\/www.betweenlgbt.com.mx\/wp-content\/uploads\/2021\/12\/3-2-600x777.png 600w\" sizes=\"auto, (max-width: 1426px) 100vw, 1426px\"  data-dt-location=\"https:\/\/www.betweenlgbt.com.mx\/en\/genealogia\/3-2\/\" \/><\/div>\n\t\t<\/figure>\n\t<\/div>\n\n\t<div class=\"wpb_text_column wpb_content_element\" >\n\t\t<div class=\"wpb_wrapper\">\n\t\t\t<h3>Kenia Melissa Garc\u00eda Sosa<\/h3>\n<p>Septiembre 2019 &#8211; Abril 2020<\/p>\n\n\t\t<\/div>\n\t<\/div>\n<\/div><\/div><\/div><div class=\"wpb_column vc_column_container vc_col-sm-4\"><div class=\"vc_column-inner\"><div class=\"wpb_wrapper\">\n\t<div  class=\"wpb_single_image wpb_content_element vc_align_center\">\n\t\t\n\t\t<figure class=\"wpb_wrapper vc_figure\">\n\t\t\t<div class=\"vc_single_image-wrapper   vc_box_border_grey\"><img loading=\"lazy\" decoding=\"async\" width=\"1536\" height=\"2048\" src=\"https:\/\/www.betweenlgbt.com.mx\/wp-content\/uploads\/2021\/12\/4-2.png\" class=\"vc_single_image-img attachment-full\" alt=\"\" srcset=\"https:\/\/www.betweenlgbt.com.mx\/wp-content\/uploads\/2021\/12\/4-2.png 1536w, https:\/\/www.betweenlgbt.com.mx\/wp-content\/uploads\/2021\/12\/4-2-225x300.png 225w, https:\/\/www.betweenlgbt.com.mx\/wp-content\/uploads\/2021\/12\/4-2-768x1024.png 768w, https:\/\/www.betweenlgbt.com.mx\/wp-content\/uploads\/2021\/12\/4-2-1152x1536.png 1152w, https:\/\/www.betweenlgbt.com.mx\/wp-content\/uploads\/2021\/12\/4-2-600x800.png 600w\" sizes=\"auto, (max-width: 1536px) 100vw, 1536px\"  data-dt-location=\"https:\/\/www.betweenlgbt.com.mx\/en\/genealogia\/4-2\/\" \/><\/div>\n\t\t<\/figure>\n\t<\/div>\n\n\t<div class=\"wpb_text_column wpb_content_element\" >\n\t\t<div class=\"wpb_wrapper\">\n\t\t\t<h3>Mar\u00eda Jos\u00e9 Guti\u00e9rrez Arregu\u00edn<\/h3>\n<p>Mayo 2019 &#8211; Mayo del 2020<\/p>\n\n\t\t<\/div>\n\t<\/div>\n<\/div><\/div><\/div><div class=\"wpb_column vc_column_container vc_col-sm-4\"><div class=\"vc_column-inner\"><div class=\"wpb_wrapper\">\n\t<div  class=\"wpb_single_image wpb_content_element vc_align_left\">\n\t\t\n\t\t<figure class=\"wpb_wrapper vc_figure\">\n\t\t\t<div class=\"vc_single_image-wrapper   vc_box_border_grey\"><img loading=\"lazy\" decoding=\"async\" width=\"839\" height=\"1024\" src=\"https:\/\/www.betweenlgbt.com.mx\/wp-content\/uploads\/2022\/03\/Zulema.png\" class=\"vc_single_image-img attachment-full\" alt=\"\" srcset=\"https:\/\/www.betweenlgbt.com.mx\/wp-content\/uploads\/2022\/03\/Zulema.png 839w, https:\/\/www.betweenlgbt.com.mx\/wp-content\/uploads\/2022\/03\/Zulema-246x300.png 246w, https:\/\/www.betweenlgbt.com.mx\/wp-content\/uploads\/2022\/03\/Zulema-768x937.png 768w, https:\/\/www.betweenlgbt.com.mx\/wp-content\/uploads\/2022\/03\/Zulema-600x732.png 600w\" sizes=\"auto, (max-width: 839px) 100vw, 839px\"  data-dt-location=\"https:\/\/www.betweenlgbt.com.mx\/en\/nosotrxs\/zulema\/\" \/><\/div>\n\t\t<\/figure>\n\t<\/div>\n\n\t<div class=\"wpb_text_column wpb_content_element\" >\n\t\t<div class=\"wpb_wrapper\">\n\t\t\t<h3>Zulema Sarah\u00ed Manr\u00edquez S\u00e1nchez<\/h3>\n<p>Enero 2021 &#8211; Noviembre 2022<\/p>\n\n\t\t<\/div>\n\t<\/div>\n<\/div><\/div><\/div><\/div><div class=\"vc_row wpb_row vc_row-fluid\"><div class=\"wpb_column vc_column_container vc_col-sm-4\"><div class=\"vc_column-inner\"><div class=\"wpb_wrapper\">\n\t<div  class=\"wpb_single_image wpb_content_element vc_align_left\">\n\t\t\n\t\t<figure class=\"wpb_wrapper vc_figure\">\n\t\t\t<div class=\"vc_single_image-wrapper   vc_box_border_grey\"><img loading=\"lazy\" decoding=\"async\" width=\"572\" height=\"517\" src=\"https:\/\/www.betweenlgbt.com.mx\/wp-content\/uploads\/2023\/06\/ERICK-SITIO-WEB-1.png\" class=\"vc_single_image-img attachment-full\" alt=\"\" srcset=\"https:\/\/www.betweenlgbt.com.mx\/wp-content\/uploads\/2023\/06\/ERICK-SITIO-WEB-1.png 572w, https:\/\/www.betweenlgbt.com.mx\/wp-content\/uploads\/2023\/06\/ERICK-SITIO-WEB-1-300x271.png 300w, https:\/\/www.betweenlgbt.com.mx\/wp-content\/uploads\/2023\/06\/ERICK-SITIO-WEB-1-13x12.png 13w\" sizes=\"auto, (max-width: 572px) 100vw, 572px\"  data-dt-location=\"https:\/\/www.betweenlgbt.com.mx\/en\/genealogia\/erick-sitio-web-2\/\" \/><\/div>\n\t\t<\/figure>\n\t<\/div>\n\n\t<div class=\"wpb_text_column wpb_content_element\" >\n\t\t<div class=\"wpb_wrapper\">\n\t\t\t<h3>Erick Hassen Ju\u00e1rez Hernand\u00e9z<\/h3>\n<p>Enero 2018 &#8211; Abril 2023<\/p>\n\n\t\t<\/div>\n\t<\/div>\n<\/div><\/div><\/div><div class=\"wpb_column vc_column_container vc_col-sm-4\"><div class=\"vc_column-inner\"><div class=\"wpb_wrapper\">\n\t<div  class=\"wpb_single_image wpb_content_element vc_align_left\">\n\t\t\n\t\t<figure class=\"wpb_wrapper vc_figure\">\n\t\t\t<div class=\"vc_single_image-wrapper   vc_box_border_grey\"><img loading=\"lazy\" decoding=\"async\" width=\"960\" height=\"960\" src=\"https:\/\/www.betweenlgbt.com.mx\/wp-content\/uploads\/2024\/01\/5-1-1.png\" class=\"vc_single_image-img attachment-large\" alt=\"\" srcset=\"https:\/\/www.betweenlgbt.com.mx\/wp-content\/uploads\/2024\/01\/5-1-1.png 960w, https:\/\/www.betweenlgbt.com.mx\/wp-content\/uploads\/2024\/01\/5-1-1-300x300.png 300w, https:\/\/www.betweenlgbt.com.mx\/wp-content\/uploads\/2024\/01\/5-1-1-150x150.png 150w, https:\/\/www.betweenlgbt.com.mx\/wp-content\/uploads\/2024\/01\/5-1-1-768x768.png 768w, https:\/\/www.betweenlgbt.com.mx\/wp-content\/uploads\/2024\/01\/5-1-1-12x12.png 12w, https:\/\/www.betweenlgbt.com.mx\/wp-content\/uploads\/2024\/01\/5-1-1-600x600.png 600w, https:\/\/www.betweenlgbt.com.mx\/wp-content\/uploads\/2024\/01\/5-1-1-200x200.png 200w\" sizes=\"auto, (max-width: 960px) 100vw, 960px\"  data-dt-location=\"https:\/\/www.betweenlgbt.com.mx\/en\/genealogia\/5-1-2\/\" \/><\/div>\n\t\t<\/figure>\n\t<\/div>\n\n\t<div class=\"wpb_text_column wpb_content_element\" >\n\t\t<div class=\"wpb_wrapper\">\n\t\t\t<h3>Rossana Ju\u00e1rez Mart\u00ednez<\/h3>\n<p>Enero 2021 &#8211; Diciembre 2023<\/p>\n\n\t\t<\/div>\n\t<\/div>\n<\/div><\/div><\/div><div class=\"wpb_column vc_column_container vc_col-sm-4\"><div class=\"vc_column-inner\"><div class=\"wpb_wrapper\"><\/div><\/div><\/div><\/div>","protected":false},"excerpt":{"rendered":"<p>El proyecto de elaboraci\u00f3n de bases de datos sobre el reconocimiento de derechos LGBT+ en Am\u00e9rica Latina empez\u00f3 en 2018 con la idea de sistematizar y visibilizar la condici\u00f3n ciudadana de las personas de las diversidades sexuales y de g\u00e9nero en la regi\u00f3n. Esto ha sido posible gracias al trabajo conjunto de equipo de becarixs&hellip;<\/p>","protected":false},"author":1,"featured_media":0,"parent":0,"menu_order":0,"comment_status":"closed","ping_status":"closed","template":"","meta":[],"class_list":["post-659","page","type-page","status-publish","hentry","description-off"],"yoast_head":"<!-- This site is optimized with the Yoast SEO plugin v26.9 - https:\/\/yoast.com\/product\/yoast-seo-wordpress\/ -->\n<title>Genealog\u00eda del grupo de investigaci\u00f3n - BETWEEN LGBT*<\/title>\n<meta name=\"robots\" content=\"index, follow, max-snippet:-1, max-image-preview:large, max-video-preview:-1\" \/>\n<link rel=\"canonical\" href=\"https:\/\/www.betweenlgbt.com.mx\/en\/genealogia\/\" \/>\n<meta property=\"og:locale\" content=\"en_GB\" \/>\n<meta property=\"og:type\" content=\"article\" \/>\n<meta property=\"og:title\" content=\"Genealog\u00eda del grupo de investigaci\u00f3n - BETWEEN LGBT*\" \/>\n<meta property=\"og:url\" content=\"https:\/\/www.betweenlgbt.com.mx\/en\/genealogia\/\" \/>\n<meta property=\"og:site_name\" content=\"BETWEEN LGBT*\" \/>\n<meta property=\"article:modified_time\" content=\"2024-01-31T18:27:48+00:00\" \/>\n<meta name=\"twitter:card\" content=\"summary_large_image\" \/>\n<meta name=\"twitter:label1\" content=\"Estimated reading time\" \/>\n\t<meta name=\"twitter:data1\" content=\"1 minute\" \/>\n<script type=\"application\/ld+json\" class=\"yoast-schema-graph\">{\"@context\":\"https:\/\/schema.org\",\"@graph\":[{\"@type\":\"WebPage\",\"@id\":\"https:\/\/www.betweenlgbt.com.mx\/genealogia\/\",\"url\":\"https:\/\/www.betweenlgbt.com.mx\/genealogia\/\",\"name\":\"Genealog\u00eda del grupo de investigaci\u00f3n - BETWEEN LGBT*\",\"isPartOf\":{\"@id\":\"https:\/\/www.betweenlgbt.com.mx\/#website\"},\"datePublished\":\"2021-12-20T23:55:42+00:00\",\"dateModified\":\"2024-01-31T18:27:48+00:00\",\"breadcrumb\":{\"@id\":\"https:\/\/www.betweenlgbt.com.mx\/genealogia\/#breadcrumb\"},\"inLanguage\":\"en-GB\",\"potentialAction\":[{\"@type\":\"ReadAction\",\"target\":[\"https:\/\/www.betweenlgbt.com.mx\/genealogia\/\"]}]},{\"@type\":\"BreadcrumbList\",\"@id\":\"https:\/\/www.betweenlgbt.com.mx\/genealogia\/#breadcrumb\",\"itemListElement\":[{\"@type\":\"ListItem\",\"position\":1,\"name\":\"Portada\",\"item\":\"https:\/\/www.betweenlgbt.com.mx\/\"},{\"@type\":\"ListItem\",\"position\":2,\"name\":\"Genealog\u00eda del grupo de investigaci\u00f3n\"}]},{\"@type\":\"WebSite\",\"@id\":\"https:\/\/www.betweenlgbt.com.mx\/#website\",\"url\":\"https:\/\/www.betweenlgbt.com.mx\/\",\"name\":\"BETWEEN LGBT*\",\"description\":\"BETWEEN LGBT* es una plataforma para consulta de derechos humanos de la poblaci\u00f3n LGBT en M\u00e9xico y Am\u00e9rica Latina\",\"publisher\":{\"@id\":\"https:\/\/www.betweenlgbt.com.mx\/#organization\"},\"potentialAction\":[{\"@type\":\"SearchAction\",\"target\":{\"@type\":\"EntryPoint\",\"urlTemplate\":\"https:\/\/www.betweenlgbt.com.mx\/?s={search_term_string}\"},\"query-input\":{\"@type\":\"PropertyValueSpecification\",\"valueRequired\":true,\"valueName\":\"search_term_string\"}}],\"inLanguage\":\"en-GB\"},{\"@type\":\"Organization\",\"@id\":\"https:\/\/www.betweenlgbt.com.mx\/#organization\",\"name\":\"BETWEEN LGBT*\",\"url\":\"https:\/\/www.betweenlgbt.com.mx\/\",\"logo\":{\"@type\":\"ImageObject\",\"inLanguage\":\"en-GB\",\"@id\":\"https:\/\/www.betweenlgbt.com.mx\/#\/schema\/logo\/image\/\",\"url\":\"https:\/\/www.betweenlgbt.com.mx\/wp-content\/uploads\/2021\/12\/Captura-de-Pantalla-2021-12-20-a-las-14.19.48.png\",\"contentUrl\":\"https:\/\/www.betweenlgbt.com.mx\/wp-content\/uploads\/2021\/12\/Captura-de-Pantalla-2021-12-20-a-las-14.19.48.png\",\"width\":464,\"height\":332,\"caption\":\"BETWEEN LGBT*\"},\"image\":{\"@id\":\"https:\/\/www.betweenlgbt.com.mx\/#\/schema\/logo\/image\/\"}}]}<\/script>\n<!-- \/ Yoast SEO plugin. -->","yoast_head_json":{"title":"Genealog\u00eda del grupo de investigaci\u00f3n - BETWEEN LGBT*","robots":{"index":"index","follow":"follow","max-snippet":"max-snippet:-1","max-image-preview":"max-image-preview:large","max-video-preview":"max-video-preview:-1"},"canonical":"https:\/\/www.betweenlgbt.com.mx\/en\/genealogia\/","og_locale":"en_GB","og_type":"article","og_title":"Genealog\u00eda del grupo de investigaci\u00f3n - BETWEEN LGBT*","og_url":"https:\/\/www.betweenlgbt.com.mx\/en\/genealogia\/","og_site_name":"BETWEEN LGBT*","article_modified_time":"2024-01-31T18:27:48+00:00","twitter_card":"summary_large_image","twitter_misc":{"Estimated reading time":"1 minute"},"schema":{"@context":"https:\/\/schema.org","@graph":[{"@type":"WebPage","@id":"https:\/\/www.betweenlgbt.com.mx\/genealogia\/","url":"https:\/\/www.betweenlgbt.com.mx\/genealogia\/","name":"Genealog\u00eda del grupo de investigaci\u00f3n - BETWEEN LGBT*","isPartOf":{"@id":"https:\/\/www.betweenlgbt.com.mx\/#website"},"datePublished":"2021-12-20T23:55:42+00:00","dateModified":"2024-01-31T18:27:48+00:00","breadcrumb":{"@id":"https:\/\/www.betweenlgbt.com.mx\/genealogia\/#breadcrumb"},"inLanguage":"en-GB","potentialAction":[{"@type":"ReadAction","target":["https:\/\/www.betweenlgbt.com.mx\/genealogia\/"]}]},{"@type":"BreadcrumbList","@id":"https:\/\/www.betweenlgbt.com.mx\/genealogia\/#breadcrumb","itemListElement":[{"@type":"ListItem","position":1,"name":"Portada","item":"https:\/\/www.betweenlgbt.com.mx\/"},{"@type":"ListItem","position":2,"name":"Genealog\u00eda del grupo de investigaci\u00f3n"}]},{"@type":"WebSite","@id":"https:\/\/www.betweenlgbt.com.mx\/#website","url":"https:\/\/www.betweenlgbt.com.mx\/","name":"BETWEEN LGBT*","description":"BETWEEN LGBT* es una plataforma para consulta de derechos humanos de la poblaci\u00f3n LGBT en M\u00e9xico y Am\u00e9rica Latina","publisher":{"@id":"https:\/\/www.betweenlgbt.com.mx\/#organization"},"potentialAction":[{"@type":"SearchAction","target":{"@type":"EntryPoint","urlTemplate":"https:\/\/www.betweenlgbt.com.mx\/?s={search_term_string}"},"query-input":{"@type":"PropertyValueSpecification","valueRequired":true,"valueName":"search_term_string"}}],"inLanguage":"en-GB"},{"@type":"Organization","@id":"https:\/\/www.betweenlgbt.com.mx\/#organization","name":"BETWEEN LGBT*","url":"https:\/\/www.betweenlgbt.com.mx\/","logo":{"@type":"ImageObject","inLanguage":"en-GB","@id":"https:\/\/www.betweenlgbt.com.mx\/#\/schema\/logo\/image\/","url":"https:\/\/www.betweenlgbt.com.mx\/wp-content\/uploads\/2021\/12\/Captura-de-Pantalla-2021-12-20-a-las-14.19.48.png","contentUrl":"https:\/\/www.betweenlgbt.com.mx\/wp-content\/uploads\/2021\/12\/Captura-de-Pantalla-2021-12-20-a-las-14.19.48.png","width":464,"height":332,"caption":"BETWEEN LGBT*"},"image":{"@id":"https:\/\/www.betweenlgbt.com.mx\/#\/schema\/logo\/image\/"}}]}},"_links":{"self":[{"href":"https:\/\/www.betweenlgbt.com.mx\/en\/wp-json\/wp\/v2\/pages\/659","targetHints":{"allow":["GET"]}}],"collection":[{"href":"https:\/\/www.betweenlgbt.com.mx\/en\/wp-json\/wp\/v2\/pages"}],"about":[{"href":"https:\/\/www.betweenlgbt.com.mx\/en\/wp-json\/wp\/v2\/types\/page"}],"author":[{"embeddable":true,"href":"https:\/\/www.betweenlgbt.com.mx\/en\/wp-json\/wp\/v2\/users\/1"}],"replies":[{"embeddable":true,"href":"https:\/\/www.betweenlgbt.com.mx\/en\/wp-json\/wp\/v2\/comments?post=659"}],"version-history":[{"count":0,"href":"https:\/\/www.betweenlgbt.com.mx\/en\/wp-json\/wp\/v2\/pages\/659\/revisions"}],"wp:attachment":[{"href":"https:\/\/www.betweenlgbt.com.mx\/en\/wp-json\/wp\/v2\/media?parent=659"}],"curies":[{"name":"wp","href":"https:\/\/api.w.org\/{rel}","templated":true}]}}