{"id":5277,"date":"2026-03-08T04:01:21","date_gmt":"2026-03-08T04:01:21","guid":{"rendered":"https:\/\/www.betweenlgbt.com.mx\/?page_id=5277"},"modified":"2026-03-09T13:53:27","modified_gmt":"2026-03-09T13:53:27","slug":"edu-quijano-rodriguez","status":"publish","type":"page","link":"https:\/\/www.betweenlgbt.com.mx\/en\/edu-quijano-rodriguez\/","title":{"rendered":"Edu Quijano Rodr\u00edguez"},"content":{"rendered":"<div class=\"vc_row wpb_row vc_row-fluid\"><div class=\"wpb_column vc_column_container vc_col-sm-12\"><div class=\"vc_column-inner\"><div class=\"wpb_wrapper\">\n\t<div class=\"wpb_text_column wpb_content_element\" >\n\t\t<div class=\"wpb_wrapper\">\n\t\t\t<p style=\"text-align: center;\"><span style=\"font-size: 24pt;\"><b>Sobre los comentarios de la experta independiente de la ONU, Reem Alsalem, en contra de mujeres e infancias trans.\u00a0<\/b><\/span><\/p>\n<p>&nbsp;<\/p>\n<p style=\"text-align: right;\"><span style=\"font-size: 14pt;\"><strong><em>Por Edu Quijano D\u00edaz<\/em><\/strong><\/span><\/p>\n\n\t\t<\/div>\n\t<\/div>\n<div class=\"vc_empty_space\"   style=\"height: 32px\"><span class=\"vc_empty_space_inner\"><\/span><\/div><div class=\"vc_empty_space\"   style=\"height: 32px\"><span class=\"vc_empty_space_inner\"><\/span><\/div>\n\t<div class=\"wpb_text_column wpb_content_element\" >\n\t\t<div class=\"wpb_wrapper\">\n\t\t\t<p><span style=\"font-weight: 400; font-size: 14pt;\">Lo m\u00e1s frustrante de escuchar hablar a gente cisg\u00e9nero acerca del significado de conceptos como sexo y el g\u00e9nero es que, incluso si tienen una idea ligeramente m\u00e1s sofisticada de su definici\u00f3n que una persona promedio, siguen siendo incapaces de entenderlos con la profundidad y complejidad que se necesita para tener una conversaci\u00f3n seria relacionada con las personas trans, sean transgenero o transexuales, e intersexuales. Porque si bien, como correctamente se\u00f1ala la relatora, el sexo es diferente del g\u00e9nero, el movimiento trans no busca la erradicaci\u00f3n del sexo biol\u00f3gico en favor de la identidad del g\u00e9nero. \u00bfC\u00f3mo se supone que podamos tomar en serio sus puntos de vista si desde el principio deja en claro que en realidad no sabe de lo que est\u00e1 mal informada?<\/span><\/p>\n<p><span style=\"font-weight: 400; font-size: 14pt;\">Lo que comenta la relatora no es nada m\u00e1s que el mismo discurso transmis\u00f3gino que se lleva repitiendo entre terfas y otros espacios transf\u00f3bicos desde que las opiniones de JK Rowling acerca de las mujeres trans se hicieron p\u00fablicas en 2016. En realidad no les interesa proteger ni mejorar las condiciones m\u00e9dicas y sociales de las mujeres en general, solo les interesa excluir y demonizar un grupo de personas de las que se sienten amenazadas porque su sola existencia desaf\u00eda las ideas preconcebidas que el patriarcado lleva alimentado a la sociedad desde tiempos inmemorables.\u00a0<\/span><\/p>\n<p><span style=\"font-weight: 400; font-size: 14pt;\">El \u00fanico punto medianamente original que destaca es el c\u00f3mo se deber\u00edan tratar los papeles m\u00e9dicos de una persona trans en caso de que haya completado la transici\u00f3n legal (cambio de nombre, INE con el g\u00e9nero correcto, etc.). Como ella lo describe, el problema es la persona trans que solo busca afirmar su identidad de g\u00e9nero de la misma manera que cualquier otra persona cis y no el sistema binario que encasilla a todo el mundo en solo dos categor\u00edas, excluyendo a personas intersexuales.<\/span><\/p>\n<p><span style=\"font-weight: 400; font-size: 14pt;\">Francamente, el \u00fanico cambio que se le deber\u00eda hacer a los registros m\u00e9dicos en cuesti\u00f3n de g\u00e9nero es tener casillas distintas para diferenciar la identidad de g\u00e9nero del paciente de su sexo no solo por la seguridad m\u00e9dica y personal de las personas trans, sino especialmente para las personas intersexuales, que son a quienes m\u00e1s afecta la narrativa de que solo hay dos g\u00e9neros y que el sexo y el g\u00e9nero est\u00e1n intr\u00ednsecamente conectados. Porque, aunque en ciertos contextos se entiende la simplificaci\u00f3n del sexo como solo femenino y masculino, incluso el t\u00e9rmino intersexual no es nada m\u00e1s que un espectro para referirse a personas que tienen distintos niveles de mezclas entre caracter\u00edsticas anat\u00f3micas y qu\u00edmicas del sexo masculino y femenino. Contrario a lo que esta mujer afirma, limitarse al sistema binario que se usa actualmente hace m\u00e1s mal que bien.<\/span><\/p>\n<p><span style=\"font-size: 14pt;\"><span style=\"font-weight: 400;\">Es especialmente frustrante cuando saca a relucir el tema de los deportes, del que habla con una gran preocupaci\u00f3n como si no estuviera ya cient\u00edficamente comprobado por el British Journal of sports medicine<\/span> <span style=\"font-weight: 400;\">que ni las mujeres trans, ni los hombres trans (que rara vez se mencionan en esta conversaci\u00f3n porque el punto no es exponer una problem\u00e1tica real sino alienar a las mujeres trans)\u00a0 tienen ninguna clase de ventaja en ning\u00fan deporte. Si esta discusi\u00f3n realmente naciera por la preocupaci\u00f3n por las mujeres este punto del debate se habr\u00eda dejado atr\u00e1s hace mucho tiempo<\/span><\/span><\/p>\n<p><span style=\"font-weight: 400; font-size: 14pt;\">A este punto, no es m\u00e1s que rid\u00edculo que el debate acerca de la comunidad trans sea tan relevante cuando en M\u00e9xico apenas el 0.3% de la poblaci\u00f3n de 15 a\u00f1os se identifica como trans seg\u00fan el INEGI. Las mujeres trans que ocupan una fracci\u00f3n de este 0.3% no les est\u00e1n quitando recursos a las mujeres cis, no les est\u00e1n quitando camas en los refugios y no les est\u00e1n quitando lugar en los ba\u00f1os p\u00fablicos.\u00a0<\/span><\/p>\n<p><span style=\"font-weight: 400; font-size: 14pt;\">Encuentro particularmente preocupante su comentario acerca de las mujeres trans usando refugios exclusivos de las mujeres. Las mujeres trans son una de las minor\u00edas m\u00e1s vulnerables actualmente, hasta hace menos de un a\u00f1o, el transfeminicidio ni siquiera ten\u00eda reconocimiento legal. \u00bfC\u00f3mo es posible que veamos asesinatos brutales hacia un grupo de gente que est\u00e1 constantemente luchando por los mismos derechos humanos que el resto de la poblaci\u00f3n y que lleguemos a la conclusi\u00f3n de que de alguna manera el problema sean las v\u00edctimas de los cr\u00edmenes de odio m\u00e1s brutales? \u00bfCu\u00e1l es el af\u00e1n de estas supuestas feministas por pelear contra el menos del 1% de la poblaci\u00f3n en lugar de enfrentarse a las instituciones que han sistematizado el abuso hacia las mujeres?<\/span><\/p>\n<p><span style=\"font-weight: 400; font-size: 14pt;\">Todo esto sin mencionar que la transfobia como la que ejerce la mayor\u00eda de las terfas afecta tambi\u00e9n a las mujeres cis. Gracias a las ideas que fomentan, actualmente los ba\u00f1os p\u00fablicos son solo seguros para mujeres que practican la feminidad de forma convincente. Mujeres cis de cabello corto, con un cuerpo que no sea delgado, con hombros demasiado anchos y caderas no lo suficientemente anchas corren el riesgo de ser confundidas por mujeres trans, agredidas y sacadas de espacios exclusivos de mujeres.<\/span><\/p>\n<p><span style=\"font-weight: 400; font-size: 14pt;\">Tampoco hay que olvidar el racismo existente en discursos transf\u00f3bicos del que pocas veces se habla. Hace unos a\u00f1os cuando JK Rowling acus\u00f3 p\u00fablicamente a la deportista Imane Khelif de ser secretamente trans, lo primero que se\u00f1al\u00f3 como evidencia fueron rasgos comunes en mujeres de su pa\u00eds de origen, Argelia, que son vistos como feos e indeseables para los est\u00e1ndares europeos de c\u00f3mo se debe ver una mujer. Volver\u00eda a hacer lo mismo m\u00e1s tarde con la atleta Barbra Banda, una mujer negra a la que tambi\u00e9n acos\u00f3 y trans-investig\u00f3 en Twitter con el apoyo de figuras como Elon Musk solo porque Barbra no cumpl\u00eda con los est\u00e1ndares f\u00edsicos de c\u00f3mo ella cree que se debe ver una mujer.<\/span><\/p>\n<p><span style=\"font-weight: 400; font-size: 14pt;\">El discurso que comparti\u00f3 la Relatora de la ONU no es m\u00e1s que la misma mezcla de ideas transf\u00f3bicas que ya se han referido en numerosas ocasiones, por numerosas personas y que, sin embargo, sobreviven en pleno 2026 sencillamente porque no hay m\u00e1s argumentos que se puedan hacer para se\u00f1alar a la comunidad trans como un mal que se debe eliminar o como m\u00ednimo atacar y detener. Todas las personas, independientemente de su identidad de g\u00e9nero, deber\u00edan tener derecho a participar en deportes, a una atenci\u00f3n m\u00e9dica que tenga en cuenta sus situaciones y necesidades, a participar en encuestas que expongan la discriminaci\u00f3n que enfrentan, a que se les incluya en debates que les afectan directamente y, ultimadamente, a existir dentro de nuestra supuesta sociedad desarrollada.<\/span><\/p>\n\n\t\t<\/div>\n\t<\/div>\n<\/div><\/div><\/div><\/div><div class=\"vc_row wpb_row vc_row-fluid\"><div class=\"wpb_column vc_column_container vc_col-sm-12\"><div class=\"vc_column-inner\"><div class=\"wpb_wrapper\"><div class=\"vc_empty_space\"   style=\"height: 32px\"><span class=\"vc_empty_space_inner\"><\/span><\/div><\/div><\/div><\/div><\/div><div class=\"vc_row wpb_row vc_row-fluid\"><div class=\"wpb_column vc_column_container vc_col-sm-6\"><div class=\"vc_column-inner\"><div class=\"wpb_wrapper\"><style type=\"text\/css\" data-type=\"the7_shortcodes-inline-css\">.gallery-shortcode.gallery-masonry-shortcode-id-13d82eebbfb7e215cd91aec8b6b354dd figure,\n.gallery-shortcode.gallery-masonry-shortcode-id-13d82eebbfb7e215cd91aec8b6b354dd .rollover,\n.gallery-shortcode.gallery-masonry-shortcode-id-13d82eebbfb7e215cd91aec8b6b354dd img,\n.gallery-shortcode.gallery-masonry-shortcode-id-13d82eebbfb7e215cd91aec8b6b354dd .gallery-rollover {\n  border-radius: 0px;\n}\n.gallery-shortcode.gallery-masonry-shortcode-id-13d82eebbfb7e215cd91aec8b6b354dd.enable-bg-rollover .gallery-rollover {\n  background: ;\n  background: -webkit-linear-gradient();\n  background: linear-gradient();\n}\n.gallery-shortcode.gallery-masonry-shortcode-id-13d82eebbfb7e215cd91aec8b6b354dd.enable-img-shadow figure {\n  box-shadow: ;\n}\n.gallery-shortcode.gallery-masonry-shortcode-id-13d82eebbfb7e215cd91aec8b6b354dd.enable-bg-rollover.hover-scale figure .rollover:after {\n  background: ;\n  background: -webkit-linear-gradient();\n  background: linear-gradient();\n}\n.gallery-shortcode.gallery-masonry-shortcode-id-13d82eebbfb7e215cd91aec8b6b354dd .gallery-zoom-ico {\n  width: 44px;\n  height: 44px;\n  line-height: 44px;\n  border-radius: 100px;\n  margin: -22px 0 0 -22px;\n  border-width: 0px;\n  color: #ffffff;\n}\n.dt-icon-bg-on.gallery-shortcode.gallery-masonry-shortcode-id-13d82eebbfb7e215cd91aec8b6b354dd .gallery-zoom-ico {\n  background: rgba(255,255,255,0.3);\n  box-shadow: none;\n}\n.gallery-shortcode.gallery-masonry-shortcode-id-13d82eebbfb7e215cd91aec8b6b354dd .gallery-zoom-ico:before,\n.gallery-shortcode.gallery-masonry-shortcode-id-13d82eebbfb7e215cd91aec8b6b354dd .gallery-zoom-ico span {\n  font-size: 32px;\n  line-height: 44px;\n  color: #ffffff;\n}\n.gallery-shortcode.gallery-masonry-shortcode-id-13d82eebbfb7e215cd91aec8b6b354dd:not(.resize-by-browser-width) .dt-css-grid {\n  grid-row-gap: 10px;\n  grid-column-gap: 10px;\n  grid-template-columns: repeat(auto-fill,minmax(,1fr));\n}\n.gallery-shortcode.gallery-masonry-shortcode-id-13d82eebbfb7e215cd91aec8b6b354dd:not(.resize-by-browser-width) .dt-css-grid .double-width {\n  grid-column: span 2;\n}\n.cssgridlegacy.no-cssgrid .gallery-shortcode.gallery-masonry-shortcode-id-13d82eebbfb7e215cd91aec8b6b354dd:not(.resize-by-browser-width) .dt-css-grid,\n.no-cssgridlegacy.no-cssgrid .gallery-shortcode.gallery-masonry-shortcode-id-13d82eebbfb7e215cd91aec8b6b354dd:not(.resize-by-browser-width) .dt-css-grid {\n  display: flex;\n  flex-flow: row wrap;\n  margin: -5px;\n}\n.cssgridlegacy.no-cssgrid .gallery-shortcode.gallery-masonry-shortcode-id-13d82eebbfb7e215cd91aec8b6b354dd:not(.resize-by-browser-width) .dt-css-grid .wf-cell,\n.no-cssgridlegacy.no-cssgrid .gallery-shortcode.gallery-masonry-shortcode-id-13d82eebbfb7e215cd91aec8b6b354dd:not(.resize-by-browser-width) .dt-css-grid .wf-cell {\n  flex: 1 0 ;\n  min-width: ;\n  max-width: 100%;\n  padding: 5px;\n  box-sizing: border-box;\n}\n.gallery-shortcode.gallery-masonry-shortcode-id-13d82eebbfb7e215cd91aec8b6b354dd.resize-by-browser-width .dt-css-grid {\n  grid-template-columns: repeat(2,1fr);\n  grid-template-rows: auto;\n  grid-column-gap: 10px;\n  grid-row-gap: 10px;\n}\n.gallery-shortcode.gallery-masonry-shortcode-id-13d82eebbfb7e215cd91aec8b6b354dd.resize-by-browser-width .dt-css-grid .double-width {\n  grid-column: span 2;\n}\n.cssgridlegacy.no-cssgrid .gallery-shortcode.gallery-masonry-shortcode-id-13d82eebbfb7e215cd91aec8b6b354dd.resize-by-browser-width .dt-css-grid {\n  margin: -5px;\n}\n.cssgridlegacy.no-cssgrid .gallery-shortcode.gallery-masonry-shortcode-id-13d82eebbfb7e215cd91aec8b6b354dd.resize-by-browser-width .dt-css-grid .wf-cell {\n  width: 50%;\n  padding: 5px;\n}\n.cssgridlegacy.no-cssgrid .gallery-shortcode.gallery-masonry-shortcode-id-13d82eebbfb7e215cd91aec8b6b354dd.resize-by-browser-width .dt-css-grid .wf-cell.double-width {\n  width: calc(50%) * 2;\n}\n.gallery-shortcode.gallery-masonry-shortcode-id-13d82eebbfb7e215cd91aec8b6b354dd.resize-by-browser-width:not(.centered-layout-list):not(.content-bg-on) .dt-css-grid {\n  grid-row-gap: 10px - ;\n}\n@media screen and (max-width: 1199px) {\n  .gallery-shortcode.gallery-masonry-shortcode-id-13d82eebbfb7e215cd91aec8b6b354dd.resize-by-browser-width .dt-css-grid {\n    grid-template-columns: repeat(2,1fr);\n  }\n  .cssgridlegacy.no-cssgrid .gallery-shortcode.gallery-masonry-shortcode-id-13d82eebbfb7e215cd91aec8b6b354dd.resize-by-browser-width .dt-css-grid .wf-cell,\n  .no-cssgridlegacy.no-cssgrid .gallery-shortcode.gallery-masonry-shortcode-id-13d82eebbfb7e215cd91aec8b6b354dd.resize-by-browser-width .dt-css-grid .wf-cell {\n    width: 50%;\n  }\n  .cssgridlegacy.no-cssgrid .gallery-shortcode.gallery-masonry-shortcode-id-13d82eebbfb7e215cd91aec8b6b354dd.resize-by-browser-width .dt-css-grid .wf-cell.double-width,\n  .no-cssgridlegacy.no-cssgrid .gallery-shortcode.gallery-masonry-shortcode-id-13d82eebbfb7e215cd91aec8b6b354dd.resize-by-browser-width .dt-css-grid .wf-cell.double-width {\n    width: calc(50%)*2;\n  }\n}\n@media screen and (max-width: 991px) {\n  .gallery-shortcode.gallery-masonry-shortcode-id-13d82eebbfb7e215cd91aec8b6b354dd.resize-by-browser-width .dt-css-grid {\n    grid-template-columns: repeat(2,1fr);\n  }\n  .cssgridlegacy.no-cssgrid .gallery-shortcode.gallery-masonry-shortcode-id-13d82eebbfb7e215cd91aec8b6b354dd.resize-by-browser-width .dt-css-grid .wf-cell,\n  .no-cssgridlegacy.no-cssgrid .gallery-shortcode.gallery-masonry-shortcode-id-13d82eebbfb7e215cd91aec8b6b354dd.resize-by-browser-width .dt-css-grid .wf-cell {\n    width: 50%;\n  }\n  .cssgridlegacy.no-cssgrid .gallery-shortcode.gallery-masonry-shortcode-id-13d82eebbfb7e215cd91aec8b6b354dd.resize-by-browser-width .dt-css-grid .wf-cell.double-width,\n  .no-cssgridlegacy.no-cssgrid .gallery-shortcode.gallery-masonry-shortcode-id-13d82eebbfb7e215cd91aec8b6b354dd.resize-by-browser-width .dt-css-grid .wf-cell.double-width {\n    width: calc(50%)*2;\n  }\n}\n@media screen and (max-width: 767px) {\n  .gallery-shortcode.gallery-masonry-shortcode-id-13d82eebbfb7e215cd91aec8b6b354dd.resize-by-browser-width .dt-css-grid {\n    grid-template-columns: repeat(2,1fr);\n  }\n  .cssgridlegacy.no-cssgrid .gallery-shortcode.gallery-masonry-shortcode-id-13d82eebbfb7e215cd91aec8b6b354dd.resize-by-browser-width .dt-css-grid .wf-cell,\n  .no-cssgridlegacy.no-cssgrid .gallery-shortcode.gallery-masonry-shortcode-id-13d82eebbfb7e215cd91aec8b6b354dd.resize-by-browser-width .dt-css-grid .wf-cell {\n    width: 50%;\n  }\n  .cssgridlegacy.no-cssgrid .gallery-shortcode.gallery-masonry-shortcode-id-13d82eebbfb7e215cd91aec8b6b354dd.resize-by-browser-width .dt-css-grid .wf-cell.double-width,\n  .no-cssgridlegacy.no-cssgrid .gallery-shortcode.gallery-masonry-shortcode-id-13d82eebbfb7e215cd91aec8b6b354dd.resize-by-browser-width .dt-css-grid .wf-cell.double-width {\n    width: calc(50%)*2;\n  }\n}\n<\/style><div class=\"gallery-shortcode dt-gallery-container gallery-masonry-shortcode-id-13d82eebbfb7e215cd91aec8b6b354dd mode-masonry jquery-filter dt-icon-bg-off resize-by-browser-width  hover-fade loading-effect-none description-on-hover\" data-padding=\"5px\" data-cur-page=\"1\" data-post-limit=\"-1\" data-pagination-mode=\"none\" data-desktop-columns-num=\"2\" data-v-tablet-columns-num=\"2\" data-h-tablet-columns-num=\"2\" data-phone-columns-num=\"2\" data-width=\"0px\" data-columns=\"0\"><div class=\"iso-container\" ><div class=\"wf-cell iso-item\" data-post-id=\"5280\" data-date=\"2026-03-08T03:56:25+00:00\" data-name=\"WhatsApp Image 2026-03-04 at 21.10.14\"><figure class=\"post visible\"><a href=\"https:\/\/www.betweenlgbt.com.mx\/wp-content\/uploads\/2026\/03\/WhatsApp-Image-2026-03-04-at-21.10.14.jpeg\" class=\"rollover dt-pswp-item layzr-bg\" data-large_image_width=\"324\" data-large_image_height=\"421\" data-dt-img-description=\"\" title=\"WhatsApp Image 2026-03-04 at 21.10.14\"><img loading=\"lazy\" decoding=\"async\" class=\"preload-me iso-lazy-load\" src=\"data:image\/svg+xml,%3Csvg%20xmlns%3D&#39;http%3A%2F%2Fwww.w3.org%2F2000%2Fsvg&#39;%20viewBox%3D&#39;0%200%20324%20421&#39;%2F%3E\" data-src=\"https:\/\/www.betweenlgbt.com.mx\/wp-content\/uploads\/2026\/03\/WhatsApp-Image-2026-03-04-at-21.10.14.jpeg\" data-srcset=\"https:\/\/www.betweenlgbt.com.mx\/wp-content\/uploads\/2026\/03\/WhatsApp-Image-2026-03-04-at-21.10.14.jpeg 324w\" alt=\"\" width=\"324\" height=\"421\"  \/><span class=\"gallery-rollover\"><span class=\"gallery-zoom-ico icomoon-the7-font-the7-zoom-06\"><span><\/span><\/span><\/span><\/a><\/figure><\/div><\/div><!-- iso-container|iso-grid --><\/div><\/div><\/div><\/div><div class=\"wpb_column vc_column_container vc_col-sm-6\"><div class=\"vc_column-inner\"><div class=\"wpb_wrapper\">\n\t<div class=\"wpb_text_column wpb_content_element\" >\n\t\t<div class=\"wpb_wrapper\">\n\t\t\t<p style=\"text-align: right;\"><em><span style=\"font-size: 12pt;\">\u00a04 de marzo de 2026<\/span><\/em><\/p>\n<p>&nbsp;<\/p>\n<p style=\"text-align: left;\"><strong><span style=\"font-size: 16px;\">Datos <\/span><span style=\"font-size: 12pt;\">del autor:<\/span><\/strong><\/p>\n<p>Edu Quijano Rodr\u00edguez<\/p>\n\n\t\t<\/div>\n\t<\/div>\n<\/div><\/div><\/div><\/div>","protected":false},"excerpt":{"rendered":"<p>Sobre los comentarios de la experta independiente de la ONU, Reem Alsalem, en contra de mujeres e infancias trans.\u00a0 &nbsp; Por Edu Quijano D\u00edaz Lo m\u00e1s frustrante de escuchar hablar a gente cisg\u00e9nero acerca del significado de conceptos como sexo y el g\u00e9nero es que, incluso si tienen una idea ligeramente m\u00e1s sofisticada de su&hellip;<\/p>","protected":false},"author":1,"featured_media":0,"parent":0,"menu_order":0,"comment_status":"closed","ping_status":"closed","template":"","meta":[],"class_list":["post-5277","page","type-page","status-publish","hentry","description-off"],"yoast_head":"<!-- This site is optimized with the Yoast SEO plugin v26.9 - https:\/\/yoast.com\/product\/yoast-seo-wordpress\/ -->\n<title>Edu Quijano Rodr\u00edguez - BETWEEN LGBT*<\/title>\n<meta name=\"robots\" content=\"index, follow, max-snippet:-1, max-image-preview:large, max-video-preview:-1\" \/>\n<link rel=\"canonical\" href=\"https:\/\/www.betweenlgbt.com.mx\/en\/edu-quijano-rodriguez\/\" \/>\n<meta property=\"og:locale\" content=\"en_GB\" \/>\n<meta property=\"og:type\" content=\"article\" \/>\n<meta property=\"og:title\" content=\"Edu Quijano Rodr\u00edguez - BETWEEN LGBT*\" \/>\n<meta property=\"og:url\" content=\"https:\/\/www.betweenlgbt.com.mx\/en\/edu-quijano-rodriguez\/\" \/>\n<meta property=\"og:site_name\" content=\"BETWEEN LGBT*\" \/>\n<meta property=\"article:modified_time\" content=\"2026-03-09T13:53:27+00:00\" \/>\n<meta name=\"twitter:card\" content=\"summary_large_image\" \/>\n<meta name=\"twitter:label1\" content=\"Estimated reading time\" \/>\n\t<meta name=\"twitter:data1\" content=\"6 minutes\" \/>\n<script type=\"application\/ld+json\" class=\"yoast-schema-graph\">{\"@context\":\"https:\/\/schema.org\",\"@graph\":[{\"@type\":\"WebPage\",\"@id\":\"https:\/\/www.betweenlgbt.com.mx\/edu-quijano-rodriguez\/\",\"url\":\"https:\/\/www.betweenlgbt.com.mx\/edu-quijano-rodriguez\/\",\"name\":\"Edu Quijano Rodr\u00edguez - BETWEEN LGBT*\",\"isPartOf\":{\"@id\":\"https:\/\/www.betweenlgbt.com.mx\/#website\"},\"datePublished\":\"2026-03-08T04:01:21+00:00\",\"dateModified\":\"2026-03-09T13:53:27+00:00\",\"breadcrumb\":{\"@id\":\"https:\/\/www.betweenlgbt.com.mx\/edu-quijano-rodriguez\/#breadcrumb\"},\"inLanguage\":\"en-GB\",\"potentialAction\":[{\"@type\":\"ReadAction\",\"target\":[\"https:\/\/www.betweenlgbt.com.mx\/edu-quijano-rodriguez\/\"]}]},{\"@type\":\"BreadcrumbList\",\"@id\":\"https:\/\/www.betweenlgbt.com.mx\/edu-quijano-rodriguez\/#breadcrumb\",\"itemListElement\":[{\"@type\":\"ListItem\",\"position\":1,\"name\":\"Portada\",\"item\":\"https:\/\/www.betweenlgbt.com.mx\/\"},{\"@type\":\"ListItem\",\"position\":2,\"name\":\"Edu Quijano Rodr\u00edguez\"}]},{\"@type\":\"WebSite\",\"@id\":\"https:\/\/www.betweenlgbt.com.mx\/#website\",\"url\":\"https:\/\/www.betweenlgbt.com.mx\/\",\"name\":\"BETWEEN LGBT*\",\"description\":\"BETWEEN LGBT* es una plataforma para consulta de derechos humanos de la poblaci\u00f3n LGBT en M\u00e9xico y Am\u00e9rica Latina\",\"publisher\":{\"@id\":\"https:\/\/www.betweenlgbt.com.mx\/#organization\"},\"potentialAction\":[{\"@type\":\"SearchAction\",\"target\":{\"@type\":\"EntryPoint\",\"urlTemplate\":\"https:\/\/www.betweenlgbt.com.mx\/?s={search_term_string}\"},\"query-input\":{\"@type\":\"PropertyValueSpecification\",\"valueRequired\":true,\"valueName\":\"search_term_string\"}}],\"inLanguage\":\"en-GB\"},{\"@type\":\"Organization\",\"@id\":\"https:\/\/www.betweenlgbt.com.mx\/#organization\",\"name\":\"BETWEEN LGBT*\",\"url\":\"https:\/\/www.betweenlgbt.com.mx\/\",\"logo\":{\"@type\":\"ImageObject\",\"inLanguage\":\"en-GB\",\"@id\":\"https:\/\/www.betweenlgbt.com.mx\/#\/schema\/logo\/image\/\",\"url\":\"https:\/\/www.betweenlgbt.com.mx\/wp-content\/uploads\/2021\/12\/Captura-de-Pantalla-2021-12-20-a-las-14.19.48.png\",\"contentUrl\":\"https:\/\/www.betweenlgbt.com.mx\/wp-content\/uploads\/2021\/12\/Captura-de-Pantalla-2021-12-20-a-las-14.19.48.png\",\"width\":464,\"height\":332,\"caption\":\"BETWEEN LGBT*\"},\"image\":{\"@id\":\"https:\/\/www.betweenlgbt.com.mx\/#\/schema\/logo\/image\/\"}}]}<\/script>\n<!-- \/ Yoast SEO plugin. -->","yoast_head_json":{"title":"Edu Quijano Rodr\u00edguez - BETWEEN LGBT*","robots":{"index":"index","follow":"follow","max-snippet":"max-snippet:-1","max-image-preview":"max-image-preview:large","max-video-preview":"max-video-preview:-1"},"canonical":"https:\/\/www.betweenlgbt.com.mx\/en\/edu-quijano-rodriguez\/","og_locale":"en_GB","og_type":"article","og_title":"Edu Quijano Rodr\u00edguez - BETWEEN LGBT*","og_url":"https:\/\/www.betweenlgbt.com.mx\/en\/edu-quijano-rodriguez\/","og_site_name":"BETWEEN LGBT*","article_modified_time":"2026-03-09T13:53:27+00:00","twitter_card":"summary_large_image","twitter_misc":{"Estimated reading time":"6 minutes"},"schema":{"@context":"https:\/\/schema.org","@graph":[{"@type":"WebPage","@id":"https:\/\/www.betweenlgbt.com.mx\/edu-quijano-rodriguez\/","url":"https:\/\/www.betweenlgbt.com.mx\/edu-quijano-rodriguez\/","name":"Edu Quijano Rodr\u00edguez - BETWEEN LGBT*","isPartOf":{"@id":"https:\/\/www.betweenlgbt.com.mx\/#website"},"datePublished":"2026-03-08T04:01:21+00:00","dateModified":"2026-03-09T13:53:27+00:00","breadcrumb":{"@id":"https:\/\/www.betweenlgbt.com.mx\/edu-quijano-rodriguez\/#breadcrumb"},"inLanguage":"en-GB","potentialAction":[{"@type":"ReadAction","target":["https:\/\/www.betweenlgbt.com.mx\/edu-quijano-rodriguez\/"]}]},{"@type":"BreadcrumbList","@id":"https:\/\/www.betweenlgbt.com.mx\/edu-quijano-rodriguez\/#breadcrumb","itemListElement":[{"@type":"ListItem","position":1,"name":"Portada","item":"https:\/\/www.betweenlgbt.com.mx\/"},{"@type":"ListItem","position":2,"name":"Edu Quijano Rodr\u00edguez"}]},{"@type":"WebSite","@id":"https:\/\/www.betweenlgbt.com.mx\/#website","url":"https:\/\/www.betweenlgbt.com.mx\/","name":"BETWEEN LGBT*","description":"BETWEEN LGBT* es una plataforma para consulta de derechos humanos de la poblaci\u00f3n LGBT en M\u00e9xico y Am\u00e9rica Latina","publisher":{"@id":"https:\/\/www.betweenlgbt.com.mx\/#organization"},"potentialAction":[{"@type":"SearchAction","target":{"@type":"EntryPoint","urlTemplate":"https:\/\/www.betweenlgbt.com.mx\/?s={search_term_string}"},"query-input":{"@type":"PropertyValueSpecification","valueRequired":true,"valueName":"search_term_string"}}],"inLanguage":"en-GB"},{"@type":"Organization","@id":"https:\/\/www.betweenlgbt.com.mx\/#organization","name":"BETWEEN LGBT*","url":"https:\/\/www.betweenlgbt.com.mx\/","logo":{"@type":"ImageObject","inLanguage":"en-GB","@id":"https:\/\/www.betweenlgbt.com.mx\/#\/schema\/logo\/image\/","url":"https:\/\/www.betweenlgbt.com.mx\/wp-content\/uploads\/2021\/12\/Captura-de-Pantalla-2021-12-20-a-las-14.19.48.png","contentUrl":"https:\/\/www.betweenlgbt.com.mx\/wp-content\/uploads\/2021\/12\/Captura-de-Pantalla-2021-12-20-a-las-14.19.48.png","width":464,"height":332,"caption":"BETWEEN LGBT*"},"image":{"@id":"https:\/\/www.betweenlgbt.com.mx\/#\/schema\/logo\/image\/"}}]}},"_links":{"self":[{"href":"https:\/\/www.betweenlgbt.com.mx\/en\/wp-json\/wp\/v2\/pages\/5277","targetHints":{"allow":["GET"]}}],"collection":[{"href":"https:\/\/www.betweenlgbt.com.mx\/en\/wp-json\/wp\/v2\/pages"}],"about":[{"href":"https:\/\/www.betweenlgbt.com.mx\/en\/wp-json\/wp\/v2\/types\/page"}],"author":[{"embeddable":true,"href":"https:\/\/www.betweenlgbt.com.mx\/en\/wp-json\/wp\/v2\/users\/1"}],"replies":[{"embeddable":true,"href":"https:\/\/www.betweenlgbt.com.mx\/en\/wp-json\/wp\/v2\/comments?post=5277"}],"version-history":[{"count":6,"href":"https:\/\/www.betweenlgbt.com.mx\/en\/wp-json\/wp\/v2\/pages\/5277\/revisions"}],"predecessor-version":[{"id":5292,"href":"https:\/\/www.betweenlgbt.com.mx\/en\/wp-json\/wp\/v2\/pages\/5277\/revisions\/5292"}],"wp:attachment":[{"href":"https:\/\/www.betweenlgbt.com.mx\/en\/wp-json\/wp\/v2\/media?parent=5277"}],"curies":[{"name":"wp","href":"https:\/\/api.w.org\/{rel}","templated":true}]}}