{"id":4710,"date":"2023-03-02T02:25:36","date_gmt":"2023-03-02T02:25:36","guid":{"rendered":"https:\/\/www.betweenlgbt.com.mx\/?page_id=4710"},"modified":"2023-06-13T17:51:33","modified_gmt":"2023-06-13T17:51:33","slug":"fausto-e-bonilla","status":"publish","type":"page","link":"https:\/\/www.betweenlgbt.com.mx\/en\/fausto-e-bonilla\/","title":{"rendered":"Fausto E. Bonilla"},"content":{"rendered":"<div class=\"vc_row wpb_row vc_row-fluid\"><div class=\"wpb_column vc_column_container vc_col-sm-2\"><div class=\"vc_column-inner\"><div class=\"wpb_wrapper\"><\/div><\/div><\/div><div class=\"wpb_column vc_column_container vc_col-sm-8\"><div class=\"vc_column-inner\"><div class=\"wpb_wrapper\">\n\t<div class=\"wpb_text_column wpb_content_element\" >\n\t\t<div class=\"wpb_wrapper\">\n\t\t\t<p style=\"text-align: center;\"><span style=\"font-size: 14pt;\"><strong><span style=\"color: #000000;\">HOMBRE<\/span><\/strong><\/span><\/p>\n<p style=\"text-align: right;\"><span style=\"color: #000000;\"><em><strong>Por Fausto E. Bonilla<\/strong><\/em><\/span><\/p>\n<p>&nbsp;<\/p>\n<p style=\"text-align: center;\"><span style=\"color: #000000; font-size: 12pt;\">Me s\u00e9 hombre <\/span><br \/>\n<span style=\"color: #000000; font-size: 12pt;\">y me s\u00e9 mujer.<\/span><\/p>\n<p style=\"text-align: center;\"><span style=\"color: #000000; font-size: 12pt;\">Y siento<\/span><br \/>\n<span style=\"color: #000000; font-size: 12pt;\">que nada de eso importa, <\/span><br \/>\n<span style=\"color: #000000; font-size: 12pt;\">que nada de eso existe <\/span><br \/>\n<span style=\"color: #000000; font-size: 12pt;\">que nadie ha nacido hombre, ni mujer, ni superh\u00e9roe.<\/span><\/p>\n<p style=\"text-align: center;\"><span style=\"color: #000000; font-size: 12pt;\">Que todos hemos nacido <\/span><br \/>\n<span style=\"color: #000000; font-size: 12pt;\">del mismo vientre.<\/span><\/p>\n<p style=\"text-align: center;\"><span style=\"color: #000000; font-size: 12pt;\">Que lo \u00fanico perpetuo <\/span><br \/>\n<span style=\"color: #000000; font-size: 12pt;\">e irremediable<\/span><br \/>\n<span style=\"color: #000000; font-size: 12pt;\">es el p\u00e1nico.<\/span><\/p>\n<p style=\"text-align: center;\"><span style=\"color: #000000; font-size: 12pt;\">Me s\u00e9 hombre <\/span><br \/>\n<span style=\"color: #000000; font-size: 12pt;\">y me s\u00e9 mujer<\/span><br \/>\n<span style=\"color: #000000; font-size: 12pt;\">y me s\u00e9 polvo.<\/span><\/p>\n<p style=\"text-align: center;\"><span style=\"color: #000000; font-size: 12pt;\">S\u00e9 que nacemos igual. <\/span><br \/>\n<span style=\"color: #000000; font-size: 12pt;\">S\u00e9 que muertos nos parecemos bastante.<\/span><\/p>\n<p>&nbsp;<\/p>\n<p>&nbsp;<\/p>\n<p><em>Nota: En \u201cHombre\u201d se procura erradicar la idea de que tanto var\u00f3n como mujer poseen marcadas <\/em><em>cualidades que los diferencian. Evidenciando que antes las adversidades y el natural acto de morir, <\/em><em>abundan las similitudes entre unos y otras. <\/em><\/p>\n\n\t\t<\/div>\n\t<\/div>\n<\/div><\/div><\/div><div class=\"wpb_column vc_column_container vc_col-sm-2\"><div class=\"vc_column-inner\"><div class=\"wpb_wrapper\"><\/div><\/div><\/div><\/div><div class=\"vc_row wpb_row vc_row-fluid\"><div class=\"wpb_column vc_column_container vc_col-sm-12\"><div class=\"vc_column-inner\"><div class=\"wpb_wrapper\"><div class=\"vc_empty_space\"   style=\"height: 32px\"><span class=\"vc_empty_space_inner\"><\/span><\/div><\/div><\/div><\/div><\/div><div class=\"vc_row wpb_row vc_row-fluid\"><div class=\"wpb_column vc_column_container vc_col-sm-12\"><div class=\"vc_column-inner\"><div class=\"wpb_wrapper\"><div class=\"vc_empty_space\"   style=\"height: 32px\"><span class=\"vc_empty_space_inner\"><\/span><\/div><\/div><\/div><\/div><\/div><div class=\"vc_row wpb_row vc_row-fluid\"><div class=\"wpb_column vc_column_container vc_col-sm-2\"><div class=\"vc_column-inner\"><div class=\"wpb_wrapper\"><\/div><\/div><\/div><div class=\"wpb_column vc_column_container vc_col-sm-8\"><div class=\"vc_column-inner\"><div class=\"wpb_wrapper\">\n\t<div class=\"wpb_text_column wpb_content_element\" >\n\t\t<div class=\"wpb_wrapper\">\n\t\t\t<p style=\"text-align: center;\"><span style=\"color: #000000; font-size: 14pt;\"><strong>SOBRE LO NORMAL<\/strong><\/span><\/p>\n<p>&nbsp;<\/p>\n<p style=\"text-align: right;\"><span style=\"color: #000000;\"><em><strong>Por Fausto E. Bonilla<\/strong><\/em><\/span><\/p>\n<p>&nbsp;<\/p>\n<p style=\"text-align: center;\"><span style=\"font-size: 12pt; color: #000000;\">Lo normal <\/span><br \/>\n<span style=\"font-size: 12pt; color: #000000;\">no se pronuncia.<\/span><\/p>\n<p style=\"text-align: center;\"><span style=\"font-size: 12pt; color: #000000;\">Lo cotidiano no se aplaude <\/span><br \/>\n<span style=\"font-size: 12pt; color: #000000;\">ni se lamenta.<\/span><\/p>\n<p style=\"text-align: center;\"><span style=\"font-size: 12pt; color: #000000;\">No hay quien llore <\/span><br \/>\n<span style=\"font-size: 12pt; color: #000000;\">lo com\u00fan.<\/span><\/p>\n<p style=\"text-align: center;\"><span style=\"font-size: 12pt; color: #000000;\">S\u00f3lo la excepci\u00f3n <\/span><br \/>\n<span style=\"font-size: 12pt; color: #000000;\">es v\u00edctima del infortunio.<\/span><\/p>\n<p style=\"text-align: center;\"><span style=\"font-size: 12pt; color: #000000;\">Nadie lucha <\/span><br \/>\n<span style=\"font-size: 12pt; color: #000000;\">por comprenderse heterosexual.<\/span><\/p>\n<p style=\"text-align: center;\"><span style=\"font-size: 12pt; color: #000000;\">La solidez ps\u00edquica no produce escalofr\u00edos, <\/span><br \/>\n<span style=\"font-size: 12pt; color: #000000;\">ni v\u00f3mitos.<\/span><\/p>\n<p style=\"text-align: center;\"><span style=\"font-size: 12pt; color: #000000;\">Nadie socorre <\/span><br \/>\n<span style=\"font-size: 12pt; color: #000000;\">a las v\u00edctimas <\/span><br \/>\n<span style=\"font-size: 12pt; color: #000000;\">de la rutina.<\/span><\/p>\n<p style=\"text-align: center;\"><span style=\"font-size: 12pt; color: #000000;\">Lo normal <\/span><br \/>\n<span style=\"font-size: 12pt; color: #000000;\">no se pronuncia; <\/span><br \/>\n<span style=\"font-size: 12pt; color: #000000;\">Porque ya existe.<\/span><\/p>\n<p style=\"text-align: center;\"><span style=\"font-size: 12pt; color: #000000;\">Y todo lo que existe descansa<\/span><br \/>\n<span style=\"font-size: 12pt; color: #000000;\">en la verdad.<\/span><\/p>\n<p style=\"text-align: center;\"><span style=\"font-size: 12pt; color: #000000;\">Aunque ya sea muy tarde <\/span><br \/>\n<span style=\"font-size: 12pt; color: #000000;\">para creer <\/span><br \/>\n<span style=\"font-size: 12pt; color: #000000;\">que exista tal cosa.<\/span><\/p>\n<p>&nbsp;<\/p>\n<p>&nbsp;<\/p>\n<p><em>Nota: El poema anterior es una invitaci\u00f3n a reflexionar sobre cu\u00e1les y el por qu\u00e9 concebimos ciertos elementos de las personas como \u201cnormales\u201d o por el contrario \u201canormales\u201d. Y c\u00f3mo estos est\u00e1ndares impactan directamente sobre la comprensi\u00f3n que tenemos de nosotros mismos.<\/em><\/p>\n\n\t\t<\/div>\n\t<\/div>\n<\/div><\/div><\/div><div class=\"wpb_column vc_column_container vc_col-sm-2\"><div class=\"vc_column-inner\"><div class=\"wpb_wrapper\"><\/div><\/div><\/div><\/div><div class=\"vc_row wpb_row vc_row-fluid\"><div class=\"wpb_column vc_column_container vc_col-sm-12\"><div class=\"vc_column-inner\"><div class=\"wpb_wrapper\"><div class=\"vc_empty_space\"   style=\"height: 32px\"><span class=\"vc_empty_space_inner\"><\/span><\/div><\/div><\/div><\/div><\/div><div class=\"vc_row wpb_row vc_row-fluid\"><div class=\"wpb_column vc_column_container vc_col-sm-12\"><div class=\"vc_column-inner\"><div class=\"wpb_wrapper\"><div class=\"vc_empty_space\"   style=\"height: 32px\"><span class=\"vc_empty_space_inner\"><\/span><\/div><\/div><\/div><\/div><\/div><div class=\"vc_row wpb_row vc_row-fluid\"><div class=\"wpb_column vc_column_container vc_col-sm-12\"><div class=\"vc_column-inner\"><div class=\"wpb_wrapper\"><div class=\"vc_empty_space\"   style=\"height: 32px\"><span class=\"vc_empty_space_inner\"><\/span><\/div><\/div><\/div><\/div><\/div><div class=\"vc_row wpb_row vc_row-fluid\"><div class=\"wpb_column vc_column_container vc_col-sm-12\"><div class=\"vc_column-inner\"><div class=\"wpb_wrapper\"><div class=\"vc_empty_space\"   style=\"height: 32px\"><span class=\"vc_empty_space_inner\"><\/span><\/div><\/div><\/div><\/div><\/div><div class=\"vc_row wpb_row vc_row-fluid\"><div class=\"wpb_column vc_column_container vc_col-sm-6\"><div class=\"vc_column-inner\"><div class=\"wpb_wrapper\">\n\t<div  class=\"wpb_single_image wpb_content_element vc_align_center\">\n\t\t\n\t\t<figure class=\"wpb_wrapper vc_figure\">\n\t\t\t<div class=\"vc_single_image-wrapper   vc_box_border_grey\"><img loading=\"lazy\" decoding=\"async\" width=\"819\" height=\"1024\" src=\"https:\/\/www.betweenlgbt.com.mx\/wp-content\/uploads\/2023\/03\/Foto-1-819x1024.jpg\" class=\"vc_single_image-img attachment-large\" alt=\"\" srcset=\"https:\/\/www.betweenlgbt.com.mx\/wp-content\/uploads\/2023\/03\/Foto-1-819x1024.jpg 819w, https:\/\/www.betweenlgbt.com.mx\/wp-content\/uploads\/2023\/03\/Foto-1-240x300.jpg 240w, https:\/\/www.betweenlgbt.com.mx\/wp-content\/uploads\/2023\/03\/Foto-1-768x960.jpg 768w, https:\/\/www.betweenlgbt.com.mx\/wp-content\/uploads\/2023\/03\/Foto-1-10x12.jpg 10w, https:\/\/www.betweenlgbt.com.mx\/wp-content\/uploads\/2023\/03\/Foto-1-600x750.jpg 600w, https:\/\/www.betweenlgbt.com.mx\/wp-content\/uploads\/2023\/03\/Foto-1.jpg 1080w\" sizes=\"auto, (max-width: 819px) 100vw, 819px\"  data-dt-location=\"https:\/\/www.betweenlgbt.com.mx\/en\/fausto-e-bonilla\/foto-1\/\" \/><\/div>\n\t\t<\/figure>\n\t<\/div>\n<\/div><\/div><\/div><div class=\"wpb_column vc_column_container vc_col-sm-6\"><div class=\"vc_column-inner\"><div class=\"wpb_wrapper\">\n\t<div class=\"wpb_text_column wpb_content_element\" >\n\t\t<div class=\"wpb_wrapper\">\n\t\t\t<p><span style=\"font-size: 12pt;\">Sobre el autor:<\/span><\/p>\n<p><span style=\"font-size: 12pt;\"><strong>Fausto E. Bonilla<\/strong> (Ciudad de M\u00e9xico, 1999).<\/span><br \/>\n<span style=\"font-size: 12pt;\">Poeta y activista, es cofundador de Cisne Revista Digital. Cuenta con cuatro obras publicadas: \u201cEl color del mango\u201d, \u201cDerrotemos al capitalismo en 50 sencillos pasos\u201d \u201cDel mezcal y las flores\u201d y \u201cFr\u00e1gil\u201d.<\/span><br \/>\n<span style=\"font-size: 12pt;\">En 2021 result\u00f3 seleccionado dentro de la Convocatoria \u201cJ\u00f3venes creadores\u201d del Fondo Nacional para la Cultura y las Artes en la categor\u00eda de Novela.<\/span><br \/>\n<span style=\"font-size: 12pt;\">Ha dedicado su vida al arte y a su difusi\u00f3n y considera que s\u00f3lo a trav\u00e9s de la poes\u00eda es que este mundo ser\u00e1 un lugar m\u00e1s justo y equitativo<\/span><\/p>\n\n\t\t<\/div>\n\t<\/div>\n<\/div><\/div><\/div><\/div>","protected":false},"excerpt":{"rendered":"<p>HOMBRE Por Fausto E. Bonilla &nbsp; Me s\u00e9 hombre y me s\u00e9 mujer. Y siento que nada de eso importa, que nada de eso existe que nadie ha nacido hombre, ni mujer, ni superh\u00e9roe. Que todos hemos nacido del mismo vientre. Que lo \u00fanico perpetuo e irremediable es el p\u00e1nico. Me s\u00e9 hombre y me&hellip;<\/p>","protected":false},"author":1,"featured_media":0,"parent":0,"menu_order":0,"comment_status":"closed","ping_status":"closed","template":"","meta":[],"class_list":["post-4710","page","type-page","status-publish","hentry","description-off"],"yoast_head":"<!-- This site is optimized with the Yoast SEO plugin v26.9 - https:\/\/yoast.com\/product\/yoast-seo-wordpress\/ -->\n<title>Fausto E. Bonilla - BETWEEN LGBT*<\/title>\n<meta name=\"robots\" content=\"index, follow, max-snippet:-1, max-image-preview:large, max-video-preview:-1\" \/>\n<link rel=\"canonical\" href=\"https:\/\/www.betweenlgbt.com.mx\/en\/fausto-e-bonilla\/\" \/>\n<meta property=\"og:locale\" content=\"en_GB\" \/>\n<meta property=\"og:type\" content=\"article\" \/>\n<meta property=\"og:title\" content=\"Poemas por Fausto E. Bonilla\" \/>\n<meta property=\"og:description\" content=\"Poeta y activista, es cofundador de Cisne Revista Digital. Cuenta con cuatro obras publicadas: \u201cEl color del mango\u201d, \u201cDerrotemos al capitalismo en 50 sencillos pasos\u201d \u201cDel mezcal y las flores\u201d y \u201cFr\u00e1gil\u201d.\" \/>\n<meta property=\"og:url\" content=\"https:\/\/www.betweenlgbt.com.mx\/en\/fausto-e-bonilla\/\" \/>\n<meta property=\"og:site_name\" content=\"BETWEEN LGBT*\" \/>\n<meta property=\"article:modified_time\" content=\"2023-06-13T17:51:33+00:00\" \/>\n<meta property=\"og:image\" content=\"https:\/\/www.betweenlgbt.com.mx\/wp-content\/uploads\/2023\/03\/Foto-1.jpg\" \/>\n\t<meta property=\"og:image:width\" content=\"1080\" \/>\n\t<meta property=\"og:image:height\" content=\"1350\" \/>\n\t<meta property=\"og:image:type\" content=\"image\/jpeg\" \/>\n<meta name=\"twitter:card\" content=\"summary_large_image\" \/>\n<meta name=\"twitter:title\" content=\"Poemas por Fausto E. Bonilla\" \/>\n<meta name=\"twitter:description\" content=\"Poeta y activista, es cofundador de Cisne Revista Digital. Cuenta con cuatro obras publicadas: \u201cEl color del mango\u201d, \u201cDerrotemos al capitalismo en 50 sencillos pasos\u201d \u201cDel mezcal y las flores\u201d y \u201cFr\u00e1gil\u201d.\" \/>\n<meta name=\"twitter:image\" content=\"https:\/\/www.betweenlgbt.com.mx\/wp-content\/uploads\/2023\/03\/Foto-1.jpg\" \/>\n<meta name=\"twitter:label1\" content=\"Estimated reading time\" \/>\n\t<meta name=\"twitter:data1\" content=\"2 minutes\" \/>\n<script type=\"application\/ld+json\" class=\"yoast-schema-graph\">{\"@context\":\"https:\/\/schema.org\",\"@graph\":[{\"@type\":\"WebPage\",\"@id\":\"https:\/\/www.betweenlgbt.com.mx\/fausto-e-bonilla\/\",\"url\":\"https:\/\/www.betweenlgbt.com.mx\/fausto-e-bonilla\/\",\"name\":\"Fausto E. Bonilla - BETWEEN LGBT*\",\"isPartOf\":{\"@id\":\"https:\/\/www.betweenlgbt.com.mx\/#website\"},\"datePublished\":\"2023-03-02T02:25:36+00:00\",\"dateModified\":\"2023-06-13T17:51:33+00:00\",\"breadcrumb\":{\"@id\":\"https:\/\/www.betweenlgbt.com.mx\/fausto-e-bonilla\/#breadcrumb\"},\"inLanguage\":\"en-GB\",\"potentialAction\":[{\"@type\":\"ReadAction\",\"target\":[\"https:\/\/www.betweenlgbt.com.mx\/fausto-e-bonilla\/\"]}]},{\"@type\":\"BreadcrumbList\",\"@id\":\"https:\/\/www.betweenlgbt.com.mx\/fausto-e-bonilla\/#breadcrumb\",\"itemListElement\":[{\"@type\":\"ListItem\",\"position\":1,\"name\":\"Portada\",\"item\":\"https:\/\/www.betweenlgbt.com.mx\/\"},{\"@type\":\"ListItem\",\"position\":2,\"name\":\"Fausto E. Bonilla\"}]},{\"@type\":\"WebSite\",\"@id\":\"https:\/\/www.betweenlgbt.com.mx\/#website\",\"url\":\"https:\/\/www.betweenlgbt.com.mx\/\",\"name\":\"BETWEEN LGBT*\",\"description\":\"BETWEEN LGBT* es una plataforma para consulta de derechos humanos de la poblaci\u00f3n LGBT en M\u00e9xico y Am\u00e9rica Latina\",\"publisher\":{\"@id\":\"https:\/\/www.betweenlgbt.com.mx\/#organization\"},\"potentialAction\":[{\"@type\":\"SearchAction\",\"target\":{\"@type\":\"EntryPoint\",\"urlTemplate\":\"https:\/\/www.betweenlgbt.com.mx\/?s={search_term_string}\"},\"query-input\":{\"@type\":\"PropertyValueSpecification\",\"valueRequired\":true,\"valueName\":\"search_term_string\"}}],\"inLanguage\":\"en-GB\"},{\"@type\":\"Organization\",\"@id\":\"https:\/\/www.betweenlgbt.com.mx\/#organization\",\"name\":\"BETWEEN LGBT*\",\"url\":\"https:\/\/www.betweenlgbt.com.mx\/\",\"logo\":{\"@type\":\"ImageObject\",\"inLanguage\":\"en-GB\",\"@id\":\"https:\/\/www.betweenlgbt.com.mx\/#\/schema\/logo\/image\/\",\"url\":\"https:\/\/www.betweenlgbt.com.mx\/wp-content\/uploads\/2021\/12\/Captura-de-Pantalla-2021-12-20-a-las-14.19.48.png\",\"contentUrl\":\"https:\/\/www.betweenlgbt.com.mx\/wp-content\/uploads\/2021\/12\/Captura-de-Pantalla-2021-12-20-a-las-14.19.48.png\",\"width\":464,\"height\":332,\"caption\":\"BETWEEN LGBT*\"},\"image\":{\"@id\":\"https:\/\/www.betweenlgbt.com.mx\/#\/schema\/logo\/image\/\"}}]}<\/script>\n<!-- \/ Yoast SEO plugin. -->","yoast_head_json":{"title":"Fausto E. Bonilla - BETWEEN LGBT*","robots":{"index":"index","follow":"follow","max-snippet":"max-snippet:-1","max-image-preview":"max-image-preview:large","max-video-preview":"max-video-preview:-1"},"canonical":"https:\/\/www.betweenlgbt.com.mx\/en\/fausto-e-bonilla\/","og_locale":"en_GB","og_type":"article","og_title":"Poemas por Fausto E. Bonilla","og_description":"Poeta y activista, es cofundador de Cisne Revista Digital. Cuenta con cuatro obras publicadas: \u201cEl color del mango\u201d, \u201cDerrotemos al capitalismo en 50 sencillos pasos\u201d \u201cDel mezcal y las flores\u201d y \u201cFr\u00e1gil\u201d.","og_url":"https:\/\/www.betweenlgbt.com.mx\/en\/fausto-e-bonilla\/","og_site_name":"BETWEEN LGBT*","article_modified_time":"2023-06-13T17:51:33+00:00","og_image":[{"width":1080,"height":1350,"url":"https:\/\/www.betweenlgbt.com.mx\/wp-content\/uploads\/2023\/03\/Foto-1.jpg","type":"image\/jpeg"}],"twitter_card":"summary_large_image","twitter_title":"Poemas por Fausto E. Bonilla","twitter_description":"Poeta y activista, es cofundador de Cisne Revista Digital. Cuenta con cuatro obras publicadas: \u201cEl color del mango\u201d, \u201cDerrotemos al capitalismo en 50 sencillos pasos\u201d \u201cDel mezcal y las flores\u201d y \u201cFr\u00e1gil\u201d.","twitter_image":"https:\/\/www.betweenlgbt.com.mx\/wp-content\/uploads\/2023\/03\/Foto-1.jpg","twitter_misc":{"Estimated reading time":"2 minutes"},"schema":{"@context":"https:\/\/schema.org","@graph":[{"@type":"WebPage","@id":"https:\/\/www.betweenlgbt.com.mx\/fausto-e-bonilla\/","url":"https:\/\/www.betweenlgbt.com.mx\/fausto-e-bonilla\/","name":"Fausto E. Bonilla - BETWEEN LGBT*","isPartOf":{"@id":"https:\/\/www.betweenlgbt.com.mx\/#website"},"datePublished":"2023-03-02T02:25:36+00:00","dateModified":"2023-06-13T17:51:33+00:00","breadcrumb":{"@id":"https:\/\/www.betweenlgbt.com.mx\/fausto-e-bonilla\/#breadcrumb"},"inLanguage":"en-GB","potentialAction":[{"@type":"ReadAction","target":["https:\/\/www.betweenlgbt.com.mx\/fausto-e-bonilla\/"]}]},{"@type":"BreadcrumbList","@id":"https:\/\/www.betweenlgbt.com.mx\/fausto-e-bonilla\/#breadcrumb","itemListElement":[{"@type":"ListItem","position":1,"name":"Portada","item":"https:\/\/www.betweenlgbt.com.mx\/"},{"@type":"ListItem","position":2,"name":"Fausto E. Bonilla"}]},{"@type":"WebSite","@id":"https:\/\/www.betweenlgbt.com.mx\/#website","url":"https:\/\/www.betweenlgbt.com.mx\/","name":"BETWEEN LGBT*","description":"BETWEEN LGBT* es una plataforma para consulta de derechos humanos de la poblaci\u00f3n LGBT en M\u00e9xico y Am\u00e9rica Latina","publisher":{"@id":"https:\/\/www.betweenlgbt.com.mx\/#organization"},"potentialAction":[{"@type":"SearchAction","target":{"@type":"EntryPoint","urlTemplate":"https:\/\/www.betweenlgbt.com.mx\/?s={search_term_string}"},"query-input":{"@type":"PropertyValueSpecification","valueRequired":true,"valueName":"search_term_string"}}],"inLanguage":"en-GB"},{"@type":"Organization","@id":"https:\/\/www.betweenlgbt.com.mx\/#organization","name":"BETWEEN LGBT*","url":"https:\/\/www.betweenlgbt.com.mx\/","logo":{"@type":"ImageObject","inLanguage":"en-GB","@id":"https:\/\/www.betweenlgbt.com.mx\/#\/schema\/logo\/image\/","url":"https:\/\/www.betweenlgbt.com.mx\/wp-content\/uploads\/2021\/12\/Captura-de-Pantalla-2021-12-20-a-las-14.19.48.png","contentUrl":"https:\/\/www.betweenlgbt.com.mx\/wp-content\/uploads\/2021\/12\/Captura-de-Pantalla-2021-12-20-a-las-14.19.48.png","width":464,"height":332,"caption":"BETWEEN LGBT*"},"image":{"@id":"https:\/\/www.betweenlgbt.com.mx\/#\/schema\/logo\/image\/"}}]}},"_links":{"self":[{"href":"https:\/\/www.betweenlgbt.com.mx\/en\/wp-json\/wp\/v2\/pages\/4710","targetHints":{"allow":["GET"]}}],"collection":[{"href":"https:\/\/www.betweenlgbt.com.mx\/en\/wp-json\/wp\/v2\/pages"}],"about":[{"href":"https:\/\/www.betweenlgbt.com.mx\/en\/wp-json\/wp\/v2\/types\/page"}],"author":[{"embeddable":true,"href":"https:\/\/www.betweenlgbt.com.mx\/en\/wp-json\/wp\/v2\/users\/1"}],"replies":[{"embeddable":true,"href":"https:\/\/www.betweenlgbt.com.mx\/en\/wp-json\/wp\/v2\/comments?post=4710"}],"version-history":[{"count":0,"href":"https:\/\/www.betweenlgbt.com.mx\/en\/wp-json\/wp\/v2\/pages\/4710\/revisions"}],"wp:attachment":[{"href":"https:\/\/www.betweenlgbt.com.mx\/en\/wp-json\/wp\/v2\/media?parent=4710"}],"curies":[{"name":"wp","href":"https:\/\/api.w.org\/{rel}","templated":true}]}}