{"id":3931,"date":"2023-01-20T23:46:48","date_gmt":"2023-01-20T23:46:48","guid":{"rendered":"https:\/\/www.betweenlgbt.com.mx\/?page_id=3931"},"modified":"2023-01-20T23:46:48","modified_gmt":"2023-01-20T23:46:48","slug":"fuentes-antigua-y-barbuda","status":"publish","type":"page","link":"https:\/\/www.betweenlgbt.com.mx\/en\/fuentes-antigua-y-barbuda\/","title":{"rendered":"Fuentes Antigua y Barbuda"},"content":{"rendered":"<p><span style=\"font-size: 14pt;\"><strong>Antigua y Barbuda<\/strong><\/span><\/p>\n<table width=\"0\">\n<tbody>\n<tr>\n<td width=\"106\">\n<p style=\"text-align: center;\"><span style=\"font-size: 12pt;\"><strong>Right:<\/strong><\/span><\/p>\n<\/td>\n<td style=\"text-align: center;\" width=\"70\"><span style=\"font-size: 12pt;\"><strong>Fuente<\/strong><\/span><\/td>\n<td style=\"text-align: center;\" width=\"400\"><span style=\"font-size: 12pt;\"><strong>Direcci\u00f3n online<\/strong><\/span><\/td>\n<\/tr>\n<tr>\n<td style=\"text-align: center;\" width=\"106\"><strong>Despenalizaci\u00f3n de las relaciones homosexuales (2022)<\/strong><\/td>\n<td style=\"text-align: center;\" width=\"70\"><span style=\"color: #000000;\">La Jornada Maya, 2022<\/span><\/td>\n<td width=\"400\">\n<p style=\"text-align: center;\"><a href=\"https:\/\/www.lajornadamaya.mx\/internacional\/198986\/eliminan-ley-que-castiga-la-homosexualidad-en-antigua-y-barbuda\">https:\/\/www.lajornadamaya.mx\/internacional\/198986\/eliminan-ley-que-castiga-la-homosexualidad-en-antigua-y-barbuda<\/a><\/p>\n<\/td>\n<\/tr>\n<\/tbody>\n<\/table>","protected":false},"excerpt":{"rendered":"<p>Antigua y Barbuda Derecho Fuente Direcci\u00f3n online Despenalizaci\u00f3n de las relaciones homosexuales (2022) La Jornada Maya, 2022 https:\/\/www.lajornadamaya.mx\/internacional\/198986\/eliminan-ley-que-castiga-la-homosexualidad-en-antigua-y-barbuda<\/p>","protected":false},"author":1,"featured_media":0,"parent":0,"menu_order":0,"comment_status":"closed","ping_status":"closed","template":"","meta":[],"class_list":["post-3931","page","type-page","status-publish","hentry","description-off"],"yoast_head":"<!-- This site is optimized with the Yoast SEO plugin v26.9 - https:\/\/yoast.com\/product\/yoast-seo-wordpress\/ -->\n<title>Fuentes Antigua y Barbuda - BETWEEN LGBT*<\/title>\n<meta name=\"robots\" content=\"index, follow, max-snippet:-1, max-image-preview:large, max-video-preview:-1\" \/>\n<link rel=\"canonical\" href=\"https:\/\/www.betweenlgbt.com.mx\/en\/fuentes-antigua-y-barbuda\/\" \/>\n<meta property=\"og:locale\" content=\"en_GB\" \/>\n<meta property=\"og:type\" content=\"article\" \/>\n<meta property=\"og:title\" content=\"Fuentes Antigua y Barbuda - BETWEEN LGBT*\" \/>\n<meta property=\"og:description\" content=\"Antigua y Barbuda Derecho Fuente Direcci\u00f3n online Despenalizaci\u00f3n de las relaciones homosexuales (2022) La Jornada Maya, 2022 https:\/\/www.lajornadamaya.mx\/internacional\/198986\/eliminan-ley-que-castiga-la-homosexualidad-en-antigua-y-barbuda\" \/>\n<meta property=\"og:url\" content=\"https:\/\/www.betweenlgbt.com.mx\/en\/fuentes-antigua-y-barbuda\/\" \/>\n<meta property=\"og:site_name\" content=\"BETWEEN LGBT*\" \/>\n<meta name=\"twitter:card\" content=\"summary_large_image\" \/>\n<meta name=\"twitter:label1\" content=\"Estimated reading time\" \/>\n\t<meta name=\"twitter:data1\" content=\"1 minute\" \/>\n<script type=\"application\/ld+json\" class=\"yoast-schema-graph\">{\"@context\":\"https:\/\/schema.org\",\"@graph\":[{\"@type\":\"WebPage\",\"@id\":\"https:\/\/www.betweenlgbt.com.mx\/fuentes-antigua-y-barbuda\/\",\"url\":\"https:\/\/www.betweenlgbt.com.mx\/fuentes-antigua-y-barbuda\/\",\"name\":\"Fuentes Antigua y Barbuda - BETWEEN LGBT*\",\"isPartOf\":{\"@id\":\"https:\/\/www.betweenlgbt.com.mx\/#website\"},\"datePublished\":\"2023-01-20T23:46:48+00:00\",\"breadcrumb\":{\"@id\":\"https:\/\/www.betweenlgbt.com.mx\/fuentes-antigua-y-barbuda\/#breadcrumb\"},\"inLanguage\":\"en-GB\",\"potentialAction\":[{\"@type\":\"ReadAction\",\"target\":[\"https:\/\/www.betweenlgbt.com.mx\/fuentes-antigua-y-barbuda\/\"]}]},{\"@type\":\"BreadcrumbList\",\"@id\":\"https:\/\/www.betweenlgbt.com.mx\/fuentes-antigua-y-barbuda\/#breadcrumb\",\"itemListElement\":[{\"@type\":\"ListItem\",\"position\":1,\"name\":\"Portada\",\"item\":\"https:\/\/www.betweenlgbt.com.mx\/\"},{\"@type\":\"ListItem\",\"position\":2,\"name\":\"Fuentes Antigua y Barbuda\"}]},{\"@type\":\"WebSite\",\"@id\":\"https:\/\/www.betweenlgbt.com.mx\/#website\",\"url\":\"https:\/\/www.betweenlgbt.com.mx\/\",\"name\":\"BETWEEN LGBT*\",\"description\":\"BETWEEN LGBT* es una plataforma para consulta de derechos humanos de la poblaci\u00f3n LGBT en M\u00e9xico y Am\u00e9rica Latina\",\"publisher\":{\"@id\":\"https:\/\/www.betweenlgbt.com.mx\/#organization\"},\"potentialAction\":[{\"@type\":\"SearchAction\",\"target\":{\"@type\":\"EntryPoint\",\"urlTemplate\":\"https:\/\/www.betweenlgbt.com.mx\/?s={search_term_string}\"},\"query-input\":{\"@type\":\"PropertyValueSpecification\",\"valueRequired\":true,\"valueName\":\"search_term_string\"}}],\"inLanguage\":\"en-GB\"},{\"@type\":\"Organization\",\"@id\":\"https:\/\/www.betweenlgbt.com.mx\/#organization\",\"name\":\"BETWEEN LGBT*\",\"url\":\"https:\/\/www.betweenlgbt.com.mx\/\",\"logo\":{\"@type\":\"ImageObject\",\"inLanguage\":\"en-GB\",\"@id\":\"https:\/\/www.betweenlgbt.com.mx\/#\/schema\/logo\/image\/\",\"url\":\"https:\/\/www.betweenlgbt.com.mx\/wp-content\/uploads\/2021\/12\/Captura-de-Pantalla-2021-12-20-a-las-14.19.48.png\",\"contentUrl\":\"https:\/\/www.betweenlgbt.com.mx\/wp-content\/uploads\/2021\/12\/Captura-de-Pantalla-2021-12-20-a-las-14.19.48.png\",\"width\":464,\"height\":332,\"caption\":\"BETWEEN LGBT*\"},\"image\":{\"@id\":\"https:\/\/www.betweenlgbt.com.mx\/#\/schema\/logo\/image\/\"}}]}<\/script>\n<!-- \/ Yoast SEO plugin. -->","yoast_head_json":{"title":"Fuentes Antigua y Barbuda - BETWEEN LGBT*","robots":{"index":"index","follow":"follow","max-snippet":"max-snippet:-1","max-image-preview":"max-image-preview:large","max-video-preview":"max-video-preview:-1"},"canonical":"https:\/\/www.betweenlgbt.com.mx\/en\/fuentes-antigua-y-barbuda\/","og_locale":"en_GB","og_type":"article","og_title":"Fuentes Antigua y Barbuda - BETWEEN LGBT*","og_description":"Antigua y Barbuda Derecho Fuente Direcci\u00f3n online Despenalizaci\u00f3n de las relaciones homosexuales (2022) La Jornada Maya, 2022 https:\/\/www.lajornadamaya.mx\/internacional\/198986\/eliminan-ley-que-castiga-la-homosexualidad-en-antigua-y-barbuda","og_url":"https:\/\/www.betweenlgbt.com.mx\/en\/fuentes-antigua-y-barbuda\/","og_site_name":"BETWEEN LGBT*","twitter_card":"summary_large_image","twitter_misc":{"Estimated reading time":"1 minute"},"schema":{"@context":"https:\/\/schema.org","@graph":[{"@type":"WebPage","@id":"https:\/\/www.betweenlgbt.com.mx\/fuentes-antigua-y-barbuda\/","url":"https:\/\/www.betweenlgbt.com.mx\/fuentes-antigua-y-barbuda\/","name":"Fuentes Antigua y Barbuda - BETWEEN LGBT*","isPartOf":{"@id":"https:\/\/www.betweenlgbt.com.mx\/#website"},"datePublished":"2023-01-20T23:46:48+00:00","breadcrumb":{"@id":"https:\/\/www.betweenlgbt.com.mx\/fuentes-antigua-y-barbuda\/#breadcrumb"},"inLanguage":"en-GB","potentialAction":[{"@type":"ReadAction","target":["https:\/\/www.betweenlgbt.com.mx\/fuentes-antigua-y-barbuda\/"]}]},{"@type":"BreadcrumbList","@id":"https:\/\/www.betweenlgbt.com.mx\/fuentes-antigua-y-barbuda\/#breadcrumb","itemListElement":[{"@type":"ListItem","position":1,"name":"Portada","item":"https:\/\/www.betweenlgbt.com.mx\/"},{"@type":"ListItem","position":2,"name":"Fuentes Antigua y Barbuda"}]},{"@type":"WebSite","@id":"https:\/\/www.betweenlgbt.com.mx\/#website","url":"https:\/\/www.betweenlgbt.com.mx\/","name":"BETWEEN LGBT*","description":"BETWEEN LGBT* es una plataforma para consulta de derechos humanos de la poblaci\u00f3n LGBT en M\u00e9xico y Am\u00e9rica Latina","publisher":{"@id":"https:\/\/www.betweenlgbt.com.mx\/#organization"},"potentialAction":[{"@type":"SearchAction","target":{"@type":"EntryPoint","urlTemplate":"https:\/\/www.betweenlgbt.com.mx\/?s={search_term_string}"},"query-input":{"@type":"PropertyValueSpecification","valueRequired":true,"valueName":"search_term_string"}}],"inLanguage":"en-GB"},{"@type":"Organization","@id":"https:\/\/www.betweenlgbt.com.mx\/#organization","name":"BETWEEN LGBT*","url":"https:\/\/www.betweenlgbt.com.mx\/","logo":{"@type":"ImageObject","inLanguage":"en-GB","@id":"https:\/\/www.betweenlgbt.com.mx\/#\/schema\/logo\/image\/","url":"https:\/\/www.betweenlgbt.com.mx\/wp-content\/uploads\/2021\/12\/Captura-de-Pantalla-2021-12-20-a-las-14.19.48.png","contentUrl":"https:\/\/www.betweenlgbt.com.mx\/wp-content\/uploads\/2021\/12\/Captura-de-Pantalla-2021-12-20-a-las-14.19.48.png","width":464,"height":332,"caption":"BETWEEN LGBT*"},"image":{"@id":"https:\/\/www.betweenlgbt.com.mx\/#\/schema\/logo\/image\/"}}]}},"_links":{"self":[{"href":"https:\/\/www.betweenlgbt.com.mx\/en\/wp-json\/wp\/v2\/pages\/3931","targetHints":{"allow":["GET"]}}],"collection":[{"href":"https:\/\/www.betweenlgbt.com.mx\/en\/wp-json\/wp\/v2\/pages"}],"about":[{"href":"https:\/\/www.betweenlgbt.com.mx\/en\/wp-json\/wp\/v2\/types\/page"}],"author":[{"embeddable":true,"href":"https:\/\/www.betweenlgbt.com.mx\/en\/wp-json\/wp\/v2\/users\/1"}],"replies":[{"embeddable":true,"href":"https:\/\/www.betweenlgbt.com.mx\/en\/wp-json\/wp\/v2\/comments?post=3931"}],"version-history":[{"count":0,"href":"https:\/\/www.betweenlgbt.com.mx\/en\/wp-json\/wp\/v2\/pages\/3931\/revisions"}],"wp:attachment":[{"href":"https:\/\/www.betweenlgbt.com.mx\/en\/wp-json\/wp\/v2\/media?parent=3931"}],"curies":[{"name":"wp","href":"https:\/\/api.w.org\/{rel}","templated":true}]}}