{"id":3240,"date":"2022-08-05T17:52:45","date_gmt":"2022-08-05T17:52:45","guid":{"rendered":"https:\/\/www.betweenlgbt.com.mx\/?page_id=3240"},"modified":"2023-05-28T18:38:20","modified_gmt":"2023-05-28T18:38:20","slug":"sony-rangel-2","status":"publish","type":"page","link":"https:\/\/www.betweenlgbt.com.mx\/en\/sony-rangel-2\/","title":{"rendered":"Sony Rangel"},"content":{"rendered":"<div class=\"vc_row wpb_row vc_row-fluid\"><div class=\"wpb_column vc_column_container vc_col-sm-6\"><div class=\"vc_column-inner\"><div class=\"wpb_wrapper\"><style type=\"text\/css\" data-type=\"the7_shortcodes-inline-css\">.gallery-shortcode.gallery-masonry-shortcode-id-7aa42f078aa4f9a8dce7206a53e5ef02 figure,\n.gallery-shortcode.gallery-masonry-shortcode-id-7aa42f078aa4f9a8dce7206a53e5ef02 .rollover,\n.gallery-shortcode.gallery-masonry-shortcode-id-7aa42f078aa4f9a8dce7206a53e5ef02 img,\n.gallery-shortcode.gallery-masonry-shortcode-id-7aa42f078aa4f9a8dce7206a53e5ef02 .gallery-rollover {\n  border-radius: 0px;\n}\n.gallery-shortcode.gallery-masonry-shortcode-id-7aa42f078aa4f9a8dce7206a53e5ef02.enable-bg-rollover .gallery-rollover {\n  background: ;\n  background: -webkit-linear-gradient();\n  background: linear-gradient();\n}\n.gallery-shortcode.gallery-masonry-shortcode-id-7aa42f078aa4f9a8dce7206a53e5ef02.enable-img-shadow figure {\n  box-shadow: 0px 4px 12px 3px rgba(112,18,234,0.25);\n}\n.gallery-shortcode.gallery-masonry-shortcode-id-7aa42f078aa4f9a8dce7206a53e5ef02.enable-bg-rollover.hover-scale figure .rollover:after {\n  background: ;\n  background: -webkit-linear-gradient();\n  background: linear-gradient();\n}\n.gallery-shortcode.gallery-masonry-shortcode-id-7aa42f078aa4f9a8dce7206a53e5ef02 .gallery-zoom-ico {\n  width: 44px;\n  height: 44px;\n  line-height: 44px;\n  border-radius: 100px;\n  margin: -22px 0 0 -22px;\n  border-width: 0px;\n  color: #ffffff;\n}\n.dt-icon-bg-on.gallery-shortcode.gallery-masonry-shortcode-id-7aa42f078aa4f9a8dce7206a53e5ef02 .gallery-zoom-ico {\n  background: rgba(255,255,255,0.3);\n  box-shadow: none;\n}\n.gallery-shortcode.gallery-masonry-shortcode-id-7aa42f078aa4f9a8dce7206a53e5ef02 .gallery-zoom-ico:before,\n.gallery-shortcode.gallery-masonry-shortcode-id-7aa42f078aa4f9a8dce7206a53e5ef02 .gallery-zoom-ico span {\n  font-size: 32px;\n  line-height: 44px;\n  color: #ffffff;\n}\n.gallery-shortcode.gallery-masonry-shortcode-id-7aa42f078aa4f9a8dce7206a53e5ef02:not(.resize-by-browser-width) .dt-css-grid {\n  grid-row-gap: 10px;\n  grid-column-gap: 10px;\n  grid-template-columns: repeat(auto-fill,minmax(,1fr));\n}\n.gallery-shortcode.gallery-masonry-shortcode-id-7aa42f078aa4f9a8dce7206a53e5ef02:not(.resize-by-browser-width) .dt-css-grid .double-width {\n  grid-column: span 2;\n}\n.cssgridlegacy.no-cssgrid .gallery-shortcode.gallery-masonry-shortcode-id-7aa42f078aa4f9a8dce7206a53e5ef02:not(.resize-by-browser-width) .dt-css-grid,\n.no-cssgridlegacy.no-cssgrid .gallery-shortcode.gallery-masonry-shortcode-id-7aa42f078aa4f9a8dce7206a53e5ef02:not(.resize-by-browser-width) .dt-css-grid {\n  display: flex;\n  flex-flow: row wrap;\n  margin: -5px;\n}\n.cssgridlegacy.no-cssgrid .gallery-shortcode.gallery-masonry-shortcode-id-7aa42f078aa4f9a8dce7206a53e5ef02:not(.resize-by-browser-width) .dt-css-grid .wf-cell,\n.no-cssgridlegacy.no-cssgrid .gallery-shortcode.gallery-masonry-shortcode-id-7aa42f078aa4f9a8dce7206a53e5ef02:not(.resize-by-browser-width) .dt-css-grid .wf-cell {\n  flex: 1 0 ;\n  min-width: ;\n  max-width: 100%;\n  padding: 5px;\n  box-sizing: border-box;\n}\n.gallery-shortcode.gallery-masonry-shortcode-id-7aa42f078aa4f9a8dce7206a53e5ef02.resize-by-browser-width .dt-css-grid {\n  grid-template-columns: repeat(1,1fr);\n  grid-template-rows: auto;\n  grid-column-gap: 10px;\n  grid-row-gap: 10px;\n}\n.gallery-shortcode.gallery-masonry-shortcode-id-7aa42f078aa4f9a8dce7206a53e5ef02.resize-by-browser-width .dt-css-grid .double-width {\n  grid-column: span 2;\n}\n.cssgridlegacy.no-cssgrid .gallery-shortcode.gallery-masonry-shortcode-id-7aa42f078aa4f9a8dce7206a53e5ef02.resize-by-browser-width .dt-css-grid {\n  margin: -5px;\n}\n.cssgridlegacy.no-cssgrid .gallery-shortcode.gallery-masonry-shortcode-id-7aa42f078aa4f9a8dce7206a53e5ef02.resize-by-browser-width .dt-css-grid .wf-cell {\n  width: 100%;\n  padding: 5px;\n}\n.cssgridlegacy.no-cssgrid .gallery-shortcode.gallery-masonry-shortcode-id-7aa42f078aa4f9a8dce7206a53e5ef02.resize-by-browser-width .dt-css-grid .wf-cell.double-width {\n  width: calc(100%) * 2;\n}\n.gallery-shortcode.gallery-masonry-shortcode-id-7aa42f078aa4f9a8dce7206a53e5ef02.resize-by-browser-width:not(.centered-layout-list):not(.content-bg-on) .dt-css-grid {\n  grid-row-gap: 10px - ;\n}\n@media screen and (max-width: 1199px) {\n  .gallery-shortcode.gallery-masonry-shortcode-id-7aa42f078aa4f9a8dce7206a53e5ef02.resize-by-browser-width .dt-css-grid {\n    grid-template-columns: repeat(1,1fr);\n  }\n  .cssgridlegacy.no-cssgrid .gallery-shortcode.gallery-masonry-shortcode-id-7aa42f078aa4f9a8dce7206a53e5ef02.resize-by-browser-width .dt-css-grid .wf-cell,\n  .no-cssgridlegacy.no-cssgrid .gallery-shortcode.gallery-masonry-shortcode-id-7aa42f078aa4f9a8dce7206a53e5ef02.resize-by-browser-width .dt-css-grid .wf-cell {\n    width: 100%;\n  }\n  .cssgridlegacy.no-cssgrid .gallery-shortcode.gallery-masonry-shortcode-id-7aa42f078aa4f9a8dce7206a53e5ef02.resize-by-browser-width .dt-css-grid .wf-cell.double-width,\n  .no-cssgridlegacy.no-cssgrid .gallery-shortcode.gallery-masonry-shortcode-id-7aa42f078aa4f9a8dce7206a53e5ef02.resize-by-browser-width .dt-css-grid .wf-cell.double-width {\n    width: calc(100%)*2;\n  }\n}\n@media screen and (max-width: 991px) {\n  .gallery-shortcode.gallery-masonry-shortcode-id-7aa42f078aa4f9a8dce7206a53e5ef02.resize-by-browser-width .dt-css-grid {\n    grid-template-columns: repeat(1,1fr);\n  }\n  .cssgridlegacy.no-cssgrid .gallery-shortcode.gallery-masonry-shortcode-id-7aa42f078aa4f9a8dce7206a53e5ef02.resize-by-browser-width .dt-css-grid .wf-cell,\n  .no-cssgridlegacy.no-cssgrid .gallery-shortcode.gallery-masonry-shortcode-id-7aa42f078aa4f9a8dce7206a53e5ef02.resize-by-browser-width .dt-css-grid .wf-cell {\n    width: 100%;\n  }\n  .cssgridlegacy.no-cssgrid .gallery-shortcode.gallery-masonry-shortcode-id-7aa42f078aa4f9a8dce7206a53e5ef02.resize-by-browser-width .dt-css-grid .wf-cell.double-width,\n  .no-cssgridlegacy.no-cssgrid .gallery-shortcode.gallery-masonry-shortcode-id-7aa42f078aa4f9a8dce7206a53e5ef02.resize-by-browser-width .dt-css-grid .wf-cell.double-width {\n    width: calc(100%)*2;\n  }\n}\n@media screen and (max-width: 767px) {\n  .gallery-shortcode.gallery-masonry-shortcode-id-7aa42f078aa4f9a8dce7206a53e5ef02.resize-by-browser-width .dt-css-grid {\n    grid-template-columns: repeat(1,1fr);\n  }\n  .cssgridlegacy.no-cssgrid .gallery-shortcode.gallery-masonry-shortcode-id-7aa42f078aa4f9a8dce7206a53e5ef02.resize-by-browser-width .dt-css-grid .wf-cell,\n  .no-cssgridlegacy.no-cssgrid .gallery-shortcode.gallery-masonry-shortcode-id-7aa42f078aa4f9a8dce7206a53e5ef02.resize-by-browser-width .dt-css-grid .wf-cell {\n    width: 100%;\n  }\n  .cssgridlegacy.no-cssgrid .gallery-shortcode.gallery-masonry-shortcode-id-7aa42f078aa4f9a8dce7206a53e5ef02.resize-by-browser-width .dt-css-grid .wf-cell.double-width,\n  .no-cssgridlegacy.no-cssgrid .gallery-shortcode.gallery-masonry-shortcode-id-7aa42f078aa4f9a8dce7206a53e5ef02.resize-by-browser-width .dt-css-grid .wf-cell.double-width {\n    width: calc(100%)*2;\n  }\n}\n<\/style><div class=\"gallery-shortcode dt-gallery-container gallery-masonry-shortcode-id-7aa42f078aa4f9a8dce7206a53e5ef02 mode-masonry jquery-filter dt-icon-bg-off enable-img-shadow quick-scale-img enable-bg-rollover resize-by-browser-width  hover-fade loading-effect-none description-on-hover\" data-padding=\"5px\" data-cur-page=\"1\" data-post-limit=\"-1\" data-pagination-mode=\"none\" data-desktop-columns-num=\"1\" data-v-tablet-columns-num=\"1\" data-h-tablet-columns-num=\"1\" data-phone-columns-num=\"1\" data-width=\"0px\" data-columns=\"0\"><div class=\"iso-container\" ><div class=\"wf-cell iso-item\" data-post-id=\"3230\" data-date=\"2022-08-05T02:33:39+00:00\" data-name=\"WhatsApp Image 2022-08-04 at 9.12.58 PM\"><figure class=\"post visible\"><a href=\"https:\/\/www.betweenlgbt.com.mx\/wp-content\/uploads\/2022\/08\/WhatsApp-Image-2022-08-04-at-9.12.58-PM.jpeg\" class=\"rollover dt-pswp-item layzr-bg\" data-large_image_width=\"648\" data-large_image_height=\"1080\" data-dt-img-description=\"\" title=\"WhatsApp Image 2022-08-04 at 9.12.58 PM\"><img loading=\"lazy\" decoding=\"async\" class=\"preload-me iso-lazy-load\" src=\"data:image\/svg+xml,%3Csvg%20xmlns%3D&#39;http%3A%2F%2Fwww.w3.org%2F2000%2Fsvg&#39;%20viewBox%3D&#39;0%200%20648%201080&#39;%2F%3E\" data-src=\"https:\/\/www.betweenlgbt.com.mx\/wp-content\/uploads\/2022\/08\/WhatsApp-Image-2022-08-04-at-9.12.58-PM.jpeg\" data-srcset=\"https:\/\/www.betweenlgbt.com.mx\/wp-content\/uploads\/2022\/08\/WhatsApp-Image-2022-08-04-at-9.12.58-PM.jpeg 648w\" alt=\"\" width=\"648\" height=\"1080\"  \/><span class=\"gallery-rollover\"><span class=\"gallery-zoom-ico icomoon-the7-font-the7-zoom-06\"><span><\/span><\/span><\/span><\/a><\/figure><\/div><\/div><!-- iso-container|iso-grid --><\/div>\n\t<div class=\"wpb_text_column wpb_content_element\" >\n\t\t<div class=\"wpb_wrapper\">\n\t\t\t<p><span style=\"font-size: 12pt;\"><strong>Sony Rangel<\/strong><\/span><\/p>\n<p><span style=\"font-size: 12pt;\"><strong>Foto: iEve Gonz\u00e1lez<\/strong><\/span><\/p>\n\n\t\t<\/div>\n\t<\/div>\n<\/div><\/div><\/div><div class=\"wpb_column vc_column_container vc_col-sm-6\"><div class=\"vc_column-inner\"><div class=\"wpb_wrapper\">\n\t<div class=\"wpb_text_column wpb_content_element\" >\n\t\t<div class=\"wpb_wrapper\">\n\t\t\t<p style=\"text-align: center;\"><span style=\"font-size: 18pt; color: #000000;\"><strong>\u00bfQu\u00e9 piensa de Between?<\/strong><\/span><\/p>\n<p>&nbsp;<\/p>\n<p><span style=\"font-size: 14pt; color: #000000;\"><strong>Sony Rangel<\/strong><\/span><br \/>\n<span style=\"font-size: 14pt; color: #000000;\"><strong>Activista, locutor y servidor p\u00fablico<\/strong><\/span><\/p>\n\n\t\t<\/div>\n\t<\/div>\n\n\t<div class=\"wpb_text_column wpb_content_element\" >\n\t\t<div class=\"wpb_wrapper\">\n\t\t\t<p><span style=\"font-size: 14pt; color: #000000;\">Between LGBT*<\/span><\/p>\n<p><span style=\"font-size: 14pt; color: #000000;\">En una \u00e9poca con sobre exposici\u00f3n a la informaci\u00f3n, es dif\u00edcil saber en d\u00f3nde encontrar exactamente lo que necesitamos y buscamos. En especial, contenido de calidad para las poblaciones LGBTIQ+. Me encanta Between LGBT* porque tiene de todo; directorio de colectivas, base de datos, notas, herramientas como protocolos e infograf\u00edas y noticias actuales de M\u00e9xico y Am\u00e9rica Latina. Es muy agradable tener esa informaci\u00f3n a la mano en un solo espacio, con contenido bien fundamentado, creado por la propia comunidad y con un claro compromiso. Sin duda, es un espacio para pasar horas navegando para conocer m\u00e1s sobre nuestras poblaciones y comunidades.<\/span><\/p>\n\n\t\t<\/div>\n\t<\/div>\n<div class=\"vc_empty_space\"   style=\"height: 32px\"><span class=\"vc_empty_space_inner\"><\/span><\/div><div class=\"vc_empty_space\"   style=\"height: 32px\"><span class=\"vc_empty_space_inner\"><\/span><\/div><div class=\"vc_empty_space\"   style=\"height: 32px\"><span class=\"vc_empty_space_inner\"><\/span><\/div><div class=\"vc_empty_space\"   style=\"height: 32px\"><span class=\"vc_empty_space_inner\"><\/span><\/div><div class=\"vc_empty_space\"   style=\"height: 32px\"><span class=\"vc_empty_space_inner\"><\/span><\/div><div class=\"vc_empty_space\"   style=\"height: 32px\"><span class=\"vc_empty_space_inner\"><\/span><\/div><div class=\"vc_empty_space\"   style=\"height: 32px\"><span class=\"vc_empty_space_inner\"><\/span><\/div><div class=\"vc_empty_space\"   style=\"height: 32px\"><span class=\"vc_empty_space_inner\"><\/span><\/div>\n\t<div class=\"wpb_text_column wpb_content_element\" >\n\t\t<div class=\"wpb_wrapper\">\n\t\t\t<p style=\"text-align: right;\">Ciudad de M\u00e9xico, a 5 de agosto de 2022<\/p>\n<p style=\"text-align: right;\">Sony Rangel<br \/>\nActivista, locutor y servidor p\u00fablico<\/p>\n<p class=\"_aacl _aacs _aact _aacx _aada\" style=\"text-align: right;\">Instagram:\u00a0<a href=\"https:\/\/www.instagram.com\/sonyrangel.ftm\/\">@sonyrangel.ftm<\/a><br \/>\nTwitter:\u00a0<a href=\"https:\/\/twitter.com\/Sony_Tho\">@Sony_Tho<\/a><br \/>\nCo-conductor en\u00a0<a class=\"oajrlxb2 g5ia77u1 qu0x051f esr5mh6w e9989ue4 r7d6kgcz rq0escxv nhd2j8a9 nc684nl6 p7hjln8o kvgmc6g5 cxmmr5t8 oygrvhab hcukyx3x jb3vyjys rz4wbd8a qt6c0cv9 a8nywdso i1ao9s8h esuyzwwr f1sip0of lzcic4wl notranslate _a6hd\" tabindex=\"0\" role=\"link\" href=\"https:\/\/www.instagram.com\/nosotrans\/?hl=es\">@nosotrans<\/a><\/p>\n\n\t\t<\/div>\n\t<\/div>\n<\/div><\/div><\/div><\/div>","protected":false},"excerpt":{"rendered":"<p>Sony Rangel Foto: iEve Gonz\u00e1lez \u00bfQu\u00e9 piensa de Between? &nbsp; Sony Rangel Activista, locutor y servidor p\u00fablico Between LGBT* En una \u00e9poca con sobre exposici\u00f3n a la informaci\u00f3n, es dif\u00edcil saber en d\u00f3nde encontrar exactamente lo que necesitamos y buscamos. En especial, contenido de calidad para las poblaciones LGBTIQ+. Me encanta Between LGBT* porque tiene&hellip;<\/p>","protected":false},"author":1,"featured_media":0,"parent":0,"menu_order":0,"comment_status":"closed","ping_status":"closed","template":"","meta":[],"class_list":["post-3240","page","type-page","status-publish","hentry","description-off"],"yoast_head":"<!-- This site is optimized with the Yoast SEO plugin v26.9 - https:\/\/yoast.com\/product\/yoast-seo-wordpress\/ -->\n<title>Sony Rangel - BETWEEN LGBT*<\/title>\n<meta name=\"robots\" content=\"index, follow, max-snippet:-1, max-image-preview:large, max-video-preview:-1\" \/>\n<link rel=\"canonical\" href=\"https:\/\/www.betweenlgbt.com.mx\/en\/sony-rangel-2\/\" \/>\n<meta property=\"og:locale\" content=\"en_GB\" \/>\n<meta property=\"og:type\" content=\"article\" \/>\n<meta property=\"og:title\" content=\"Lo que se piensa de Between- Sony Rangel\" \/>\n<meta property=\"og:url\" content=\"https:\/\/www.betweenlgbt.com.mx\/en\/sony-rangel-2\/\" \/>\n<meta property=\"og:site_name\" content=\"BETWEEN LGBT*\" \/>\n<meta property=\"article:modified_time\" content=\"2023-05-28T18:38:20+00:00\" \/>\n<meta property=\"og:image\" content=\"https:\/\/www.betweenlgbt.com.mx\/wp-content\/uploads\/2022\/08\/Nuevo-proyecto-17.png\" \/>\n\t<meta property=\"og:image:width\" content=\"380\" \/>\n\t<meta property=\"og:image:height\" content=\"400\" \/>\n\t<meta property=\"og:image:type\" content=\"image\/png\" \/>\n<meta name=\"twitter:card\" content=\"summary_large_image\" \/>\n<meta name=\"twitter:title\" content=\"Lo que se piensa de Between- Sony Rangel\" \/>\n<meta name=\"twitter:image\" content=\"https:\/\/www.betweenlgbt.com.mx\/wp-content\/uploads\/2022\/08\/Nuevo-proyecto-17.png\" \/>\n<meta name=\"twitter:label1\" content=\"Estimated reading time\" \/>\n\t<meta name=\"twitter:data1\" content=\"1 minute\" \/>\n<script type=\"application\/ld+json\" class=\"yoast-schema-graph\">{\"@context\":\"https:\/\/schema.org\",\"@graph\":[{\"@type\":\"WebPage\",\"@id\":\"https:\/\/www.betweenlgbt.com.mx\/sony-rangel-2\/\",\"url\":\"https:\/\/www.betweenlgbt.com.mx\/sony-rangel-2\/\",\"name\":\"Sony Rangel - BETWEEN LGBT*\",\"isPartOf\":{\"@id\":\"https:\/\/www.betweenlgbt.com.mx\/#website\"},\"datePublished\":\"2022-08-05T17:52:45+00:00\",\"dateModified\":\"2023-05-28T18:38:20+00:00\",\"breadcrumb\":{\"@id\":\"https:\/\/www.betweenlgbt.com.mx\/sony-rangel-2\/#breadcrumb\"},\"inLanguage\":\"en-GB\",\"potentialAction\":[{\"@type\":\"ReadAction\",\"target\":[\"https:\/\/www.betweenlgbt.com.mx\/sony-rangel-2\/\"]}]},{\"@type\":\"BreadcrumbList\",\"@id\":\"https:\/\/www.betweenlgbt.com.mx\/sony-rangel-2\/#breadcrumb\",\"itemListElement\":[{\"@type\":\"ListItem\",\"position\":1,\"name\":\"Portada\",\"item\":\"https:\/\/www.betweenlgbt.com.mx\/\"},{\"@type\":\"ListItem\",\"position\":2,\"name\":\"Sony Rangel\"}]},{\"@type\":\"WebSite\",\"@id\":\"https:\/\/www.betweenlgbt.com.mx\/#website\",\"url\":\"https:\/\/www.betweenlgbt.com.mx\/\",\"name\":\"BETWEEN LGBT*\",\"description\":\"BETWEEN LGBT* es una plataforma para consulta de derechos humanos de la poblaci\u00f3n LGBT en M\u00e9xico y Am\u00e9rica Latina\",\"publisher\":{\"@id\":\"https:\/\/www.betweenlgbt.com.mx\/#organization\"},\"potentialAction\":[{\"@type\":\"SearchAction\",\"target\":{\"@type\":\"EntryPoint\",\"urlTemplate\":\"https:\/\/www.betweenlgbt.com.mx\/?s={search_term_string}\"},\"query-input\":{\"@type\":\"PropertyValueSpecification\",\"valueRequired\":true,\"valueName\":\"search_term_string\"}}],\"inLanguage\":\"en-GB\"},{\"@type\":\"Organization\",\"@id\":\"https:\/\/www.betweenlgbt.com.mx\/#organization\",\"name\":\"BETWEEN LGBT*\",\"url\":\"https:\/\/www.betweenlgbt.com.mx\/\",\"logo\":{\"@type\":\"ImageObject\",\"inLanguage\":\"en-GB\",\"@id\":\"https:\/\/www.betweenlgbt.com.mx\/#\/schema\/logo\/image\/\",\"url\":\"https:\/\/www.betweenlgbt.com.mx\/wp-content\/uploads\/2021\/12\/Captura-de-Pantalla-2021-12-20-a-las-14.19.48.png\",\"contentUrl\":\"https:\/\/www.betweenlgbt.com.mx\/wp-content\/uploads\/2021\/12\/Captura-de-Pantalla-2021-12-20-a-las-14.19.48.png\",\"width\":464,\"height\":332,\"caption\":\"BETWEEN LGBT*\"},\"image\":{\"@id\":\"https:\/\/www.betweenlgbt.com.mx\/#\/schema\/logo\/image\/\"}}]}<\/script>\n<!-- \/ Yoast SEO plugin. -->","yoast_head_json":{"title":"Sony Rangel - BETWEEN LGBT*","robots":{"index":"index","follow":"follow","max-snippet":"max-snippet:-1","max-image-preview":"max-image-preview:large","max-video-preview":"max-video-preview:-1"},"canonical":"https:\/\/www.betweenlgbt.com.mx\/en\/sony-rangel-2\/","og_locale":"en_GB","og_type":"article","og_title":"Lo que se piensa de Between- Sony Rangel","og_url":"https:\/\/www.betweenlgbt.com.mx\/en\/sony-rangel-2\/","og_site_name":"BETWEEN LGBT*","article_modified_time":"2023-05-28T18:38:20+00:00","og_image":[{"width":380,"height":400,"url":"https:\/\/www.betweenlgbt.com.mx\/wp-content\/uploads\/2022\/08\/Nuevo-proyecto-17.png","type":"image\/png"}],"twitter_card":"summary_large_image","twitter_title":"Lo que se piensa de Between- Sony Rangel","twitter_image":"https:\/\/www.betweenlgbt.com.mx\/wp-content\/uploads\/2022\/08\/Nuevo-proyecto-17.png","twitter_misc":{"Estimated reading time":"1 minute"},"schema":{"@context":"https:\/\/schema.org","@graph":[{"@type":"WebPage","@id":"https:\/\/www.betweenlgbt.com.mx\/sony-rangel-2\/","url":"https:\/\/www.betweenlgbt.com.mx\/sony-rangel-2\/","name":"Sony Rangel - BETWEEN LGBT*","isPartOf":{"@id":"https:\/\/www.betweenlgbt.com.mx\/#website"},"datePublished":"2022-08-05T17:52:45+00:00","dateModified":"2023-05-28T18:38:20+00:00","breadcrumb":{"@id":"https:\/\/www.betweenlgbt.com.mx\/sony-rangel-2\/#breadcrumb"},"inLanguage":"en-GB","potentialAction":[{"@type":"ReadAction","target":["https:\/\/www.betweenlgbt.com.mx\/sony-rangel-2\/"]}]},{"@type":"BreadcrumbList","@id":"https:\/\/www.betweenlgbt.com.mx\/sony-rangel-2\/#breadcrumb","itemListElement":[{"@type":"ListItem","position":1,"name":"Portada","item":"https:\/\/www.betweenlgbt.com.mx\/"},{"@type":"ListItem","position":2,"name":"Sony Rangel"}]},{"@type":"WebSite","@id":"https:\/\/www.betweenlgbt.com.mx\/#website","url":"https:\/\/www.betweenlgbt.com.mx\/","name":"BETWEEN LGBT*","description":"BETWEEN LGBT* es una plataforma para consulta de derechos humanos de la poblaci\u00f3n LGBT en M\u00e9xico y Am\u00e9rica Latina","publisher":{"@id":"https:\/\/www.betweenlgbt.com.mx\/#organization"},"potentialAction":[{"@type":"SearchAction","target":{"@type":"EntryPoint","urlTemplate":"https:\/\/www.betweenlgbt.com.mx\/?s={search_term_string}"},"query-input":{"@type":"PropertyValueSpecification","valueRequired":true,"valueName":"search_term_string"}}],"inLanguage":"en-GB"},{"@type":"Organization","@id":"https:\/\/www.betweenlgbt.com.mx\/#organization","name":"BETWEEN LGBT*","url":"https:\/\/www.betweenlgbt.com.mx\/","logo":{"@type":"ImageObject","inLanguage":"en-GB","@id":"https:\/\/www.betweenlgbt.com.mx\/#\/schema\/logo\/image\/","url":"https:\/\/www.betweenlgbt.com.mx\/wp-content\/uploads\/2021\/12\/Captura-de-Pantalla-2021-12-20-a-las-14.19.48.png","contentUrl":"https:\/\/www.betweenlgbt.com.mx\/wp-content\/uploads\/2021\/12\/Captura-de-Pantalla-2021-12-20-a-las-14.19.48.png","width":464,"height":332,"caption":"BETWEEN LGBT*"},"image":{"@id":"https:\/\/www.betweenlgbt.com.mx\/#\/schema\/logo\/image\/"}}]}},"_links":{"self":[{"href":"https:\/\/www.betweenlgbt.com.mx\/en\/wp-json\/wp\/v2\/pages\/3240","targetHints":{"allow":["GET"]}}],"collection":[{"href":"https:\/\/www.betweenlgbt.com.mx\/en\/wp-json\/wp\/v2\/pages"}],"about":[{"href":"https:\/\/www.betweenlgbt.com.mx\/en\/wp-json\/wp\/v2\/types\/page"}],"author":[{"embeddable":true,"href":"https:\/\/www.betweenlgbt.com.mx\/en\/wp-json\/wp\/v2\/users\/1"}],"replies":[{"embeddable":true,"href":"https:\/\/www.betweenlgbt.com.mx\/en\/wp-json\/wp\/v2\/comments?post=3240"}],"version-history":[{"count":0,"href":"https:\/\/www.betweenlgbt.com.mx\/en\/wp-json\/wp\/v2\/pages\/3240\/revisions"}],"wp:attachment":[{"href":"https:\/\/www.betweenlgbt.com.mx\/en\/wp-json\/wp\/v2\/media?parent=3240"}],"curies":[{"name":"wp","href":"https:\/\/api.w.org\/{rel}","templated":true}]}}