{"id":3125,"date":"2022-07-01T01:49:18","date_gmt":"2022-07-01T01:49:18","guid":{"rendered":"https:\/\/www.betweenlgbt.com.mx\/?page_id=3125"},"modified":"2022-07-12T16:58:09","modified_gmt":"2022-07-12T16:58:09","slug":"lucia-verdin-limon","status":"publish","type":"page","link":"https:\/\/www.betweenlgbt.com.mx\/en\/lucia-verdin-limon\/","title":{"rendered":"Luc\u00eda Verd\u00edn Lim\u00f3n"},"content":{"rendered":"<div class=\"vc_row wpb_row vc_row-fluid\"><div class=\"wpb_column vc_column_container vc_col-sm-12\"><div class=\"vc_column-inner\"><div class=\"wpb_wrapper\">\n\t<div class=\"wpb_text_column wpb_content_element\" >\n\t\t<div class=\"wpb_wrapper\">\n\t\t\t<p style=\"text-align: center;\"><span style=\"font-size: 24pt;\"><strong><span style=\"color: #000000;\">La ef\u00edmera ciudadan\u00eda LGBT+ del mes de junio\u00a0<\/span><\/strong><\/span><\/p>\n<p>&nbsp;<\/p>\n<p>&nbsp;<\/p>\n<p style=\"text-align: right;\"><span style=\"font-size: 14pt;\"><strong><em>Luc\u00eda Verd\u00edn Lim\u00f3n &#8220;Wera Lim\u00f3n&#8221;<br \/>\nMujer lesbiana<\/em><\/strong><\/span><\/p>\n\n\t\t<\/div>\n\t<\/div>\n<div class=\"vc_empty_space\"   style=\"height: 32px\"><span class=\"vc_empty_space_inner\"><\/span><\/div><div class=\"vc_empty_space\"   style=\"height: 32px\"><span class=\"vc_empty_space_inner\"><\/span><\/div><\/div><\/div><\/div><\/div><div class=\"vc_row wpb_row vc_row-fluid\"><div class=\"wpb_column vc_column_container vc_col-sm-8\"><div class=\"vc_column-inner\"><div class=\"wpb_wrapper\">\n\t<div class=\"wpb_text_column wpb_content_element\" >\n\t\t<div class=\"wpb_wrapper\">\n\t\t\t<p><span style=\"font-size: 14pt; color: #000000;\">Se termina junio y con ella se termina la visibilidad de la poblaci\u00f3n LGBTIQ+, se acaban los eventos, las charlas, la concientizaci\u00f3n las acciones de inclusi\u00f3n, porque se es persona siempre, pero ciudadana solamente una vez al a\u00f1o.<\/span><\/p>\n<p><span style=\"font-size: 14pt; color: #000000;\">Al menos 1 de cada 20 personas de acuerdo al INEGI somos parte de la poblaci\u00f3n lgbtiq+ y somos en mayor\u00eda activos econ\u00f3micamente, es decir, aportamos al movimiento econ\u00f3mico de la sociedad y sin embargo nuestros derechos no se encuentran garantizados en el ejercicio de nuestro libre desarrollo.<\/span><\/p>\n<p><span style=\"font-size: 14pt; color: #000000;\">Las personas LGBT nos visibilizamos en junio, no para pedir alg\u00fan favor especial o la exenci\u00f3n de alg\u00fan pago, sino para mostrar que podemos ser libres, felices y que somos parte de la cotidianidad, no es posible en este sentido que exista una incapacidad de adaptaci\u00f3n a las realidades existentes.<\/span><\/p>\n<p><span style=\"font-size: 14pt; color: #000000;\">Es imposible pensar en las sociedades sin la diversidad existente de las personas, sin el reconocimiento de los derechos de las mujeres y otras poblaciones ya reconocidas, sin embargo pareciera que no todas las personas cabemos en las din\u00e1micas, no todas las vidas importamos y no todas nuestras interseccionalidades est\u00e1n presentes a la hora de tomar decisiones que impacten en el crecimiento de un espacio de al menos un mill\u00f3n y medio de habitantes como lo es la ciudad de Le\u00f3n.<\/span><\/p>\n<p><span style=\"font-size: 14pt; color: #000000;\">Las personas lgbt estamos presentes en todos los espacios y no se nos puede borrar solo porque no se nos quieren incluir o mirar, el alto nivel de violencia simb\u00f3lica, f\u00edsica y emocional que genera la invisibilizaci\u00f3n de las necesidades espec\u00edficas de las poblaciones prioritarias nos demuestran la incapacidad de evolucionar de un gobierno.<\/span><\/p>\n<p><span style=\"font-size: 14pt; color: #000000;\">La autonom\u00eda de un Municipio puede medirse por la eficacia y capacidad de adaptaci\u00f3n de sus pol\u00edticas, es claro en esto, que el gobierno de la ciudad no est\u00e1 dispuesto a ser aut\u00f3nomo y a ganar terreno en el avance de los derechos de las poblaciones prioritarias m\u00e1s all\u00e1 del discurso, es en este mes donde recordamos a toda la ciudadan\u00eda leonesa lgbt que nos ha sido arrebatada, por un estado que invisibiliza y que con su indiferencia apaga cotidianamente nuestras vidas.<\/span><\/p>\n<p><span style=\"font-size: 14pt; color: #000000;\">Las personas lgbtiq+ no nos nombramos para etiquetarnos o para que el mundo conozca cuales son nuestras pr\u00e1cticas sexoafectivas, nos nombramos por que el silencio es una muerte lenta en un espacio que coarta nuestra libertad, y visibilizarse aunque supone exponer nuestra seguridad, nos permite desarrollar una parte de nuestra identidad, nadie tendr\u00eda que esconderse por miedo.<\/span><\/p>\n<p><span style=\"font-size: 14pt; color: #000000;\">Si no es importante nuestra vida al menos deber\u00eda ser importante nuestro dinero, nuestra actividad social, la aportaci\u00f3n que brindamos para la mejora y el \u00e9xito de la sociedad, somos personas, somos humanas, somos ciudadanas y nunca dejaremos de luchar por nuestras vidas y por vivirlas plenamente todo el a\u00f1o.<\/span><\/p>\n<p><span style=\"font-size: 14pt; color: #000000;\">Comenzar por capacitar a todos los espacios posibles es un paso peque\u00f1o, pero avanza hacia la construcci\u00f3n una realidad m\u00e1s amable con quienes existimos diversas.<\/span><\/p>\n<p><span style=\"font-size: 14pt; color: #000000;\"><strong>Renunciamos a ser parte de la ciudadan\u00eda solo una vez al a\u00f1o.<\/strong><\/span><\/p>\n\n\t\t<\/div>\n\t<\/div>\n<div class=\"vc_empty_space\"   style=\"height: 32px\"><span class=\"vc_empty_space_inner\"><\/span><\/div><div class=\"vc_empty_space\"   style=\"height: 32px\"><span class=\"vc_empty_space_inner\"><\/span><\/div><\/div><\/div><\/div><div class=\"wpb_column vc_column_container vc_col-sm-4\"><div class=\"vc_column-inner\"><div class=\"wpb_wrapper\"><style type=\"text\/css\" data-type=\"the7_shortcodes-inline-css\">.gallery-shortcode.gallery-masonry-shortcode-id-4e560638ef40a8d52be5dd778356d587 figure,\n.gallery-shortcode.gallery-masonry-shortcode-id-4e560638ef40a8d52be5dd778356d587 .rollover,\n.gallery-shortcode.gallery-masonry-shortcode-id-4e560638ef40a8d52be5dd778356d587 img,\n.gallery-shortcode.gallery-masonry-shortcode-id-4e560638ef40a8d52be5dd778356d587 .gallery-rollover {\n  border-radius: 0px;\n}\n.gallery-shortcode.gallery-masonry-shortcode-id-4e560638ef40a8d52be5dd778356d587.enable-bg-rollover .gallery-rollover {\n  background: ;\n  background: -webkit-linear-gradient();\n  background: linear-gradient();\n}\n.gallery-shortcode.gallery-masonry-shortcode-id-4e560638ef40a8d52be5dd778356d587.enable-img-shadow figure {\n  box-shadow: 0px 4px 12px 3px rgba(255,0,0,0.25);\n}\n.gallery-shortcode.gallery-masonry-shortcode-id-4e560638ef40a8d52be5dd778356d587.enable-bg-rollover.hover-scale figure .rollover:after {\n  background: ;\n  background: -webkit-linear-gradient();\n  background: linear-gradient();\n}\n.gallery-shortcode.gallery-masonry-shortcode-id-4e560638ef40a8d52be5dd778356d587 .gallery-zoom-ico {\n  width: 44px;\n  height: 44px;\n  line-height: 44px;\n  border-radius: 100px;\n  margin: -22px 0 0 -22px;\n  border-width: 0px;\n  color: #ffffff;\n}\n.dt-icon-bg-on.gallery-shortcode.gallery-masonry-shortcode-id-4e560638ef40a8d52be5dd778356d587 .gallery-zoom-ico {\n  background: rgba(255,255,255,0.3);\n  box-shadow: none;\n}\n.gallery-shortcode.gallery-masonry-shortcode-id-4e560638ef40a8d52be5dd778356d587 .gallery-zoom-ico:before,\n.gallery-shortcode.gallery-masonry-shortcode-id-4e560638ef40a8d52be5dd778356d587 .gallery-zoom-ico span {\n  font-size: 32px;\n  line-height: 44px;\n  color: #ffffff;\n}\n.gallery-shortcode.gallery-masonry-shortcode-id-4e560638ef40a8d52be5dd778356d587:not(.resize-by-browser-width) .dt-css-grid {\n  grid-row-gap: 10px;\n  grid-column-gap: 10px;\n  grid-template-columns: repeat(auto-fill,minmax(,1fr));\n}\n.gallery-shortcode.gallery-masonry-shortcode-id-4e560638ef40a8d52be5dd778356d587:not(.resize-by-browser-width) .dt-css-grid .double-width {\n  grid-column: span 2;\n}\n.cssgridlegacy.no-cssgrid .gallery-shortcode.gallery-masonry-shortcode-id-4e560638ef40a8d52be5dd778356d587:not(.resize-by-browser-width) .dt-css-grid,\n.no-cssgridlegacy.no-cssgrid .gallery-shortcode.gallery-masonry-shortcode-id-4e560638ef40a8d52be5dd778356d587:not(.resize-by-browser-width) .dt-css-grid {\n  display: flex;\n  flex-flow: row wrap;\n  margin: -5px;\n}\n.cssgridlegacy.no-cssgrid .gallery-shortcode.gallery-masonry-shortcode-id-4e560638ef40a8d52be5dd778356d587:not(.resize-by-browser-width) .dt-css-grid .wf-cell,\n.no-cssgridlegacy.no-cssgrid .gallery-shortcode.gallery-masonry-shortcode-id-4e560638ef40a8d52be5dd778356d587:not(.resize-by-browser-width) .dt-css-grid .wf-cell {\n  flex: 1 0 ;\n  min-width: ;\n  max-width: 100%;\n  padding: 5px;\n  box-sizing: border-box;\n}\n.gallery-shortcode.gallery-masonry-shortcode-id-4e560638ef40a8d52be5dd778356d587.resize-by-browser-width .dt-css-grid {\n  grid-template-columns: repeat(1,1fr);\n  grid-template-rows: auto;\n  grid-column-gap: 10px;\n  grid-row-gap: 10px;\n}\n.gallery-shortcode.gallery-masonry-shortcode-id-4e560638ef40a8d52be5dd778356d587.resize-by-browser-width .dt-css-grid .double-width {\n  grid-column: span 2;\n}\n.cssgridlegacy.no-cssgrid .gallery-shortcode.gallery-masonry-shortcode-id-4e560638ef40a8d52be5dd778356d587.resize-by-browser-width .dt-css-grid {\n  margin: -5px;\n}\n.cssgridlegacy.no-cssgrid .gallery-shortcode.gallery-masonry-shortcode-id-4e560638ef40a8d52be5dd778356d587.resize-by-browser-width .dt-css-grid .wf-cell {\n  width: 100%;\n  padding: 5px;\n}\n.cssgridlegacy.no-cssgrid .gallery-shortcode.gallery-masonry-shortcode-id-4e560638ef40a8d52be5dd778356d587.resize-by-browser-width .dt-css-grid .wf-cell.double-width {\n  width: calc(100%) * 2;\n}\n.gallery-shortcode.gallery-masonry-shortcode-id-4e560638ef40a8d52be5dd778356d587.resize-by-browser-width:not(.centered-layout-list):not(.content-bg-on) .dt-css-grid {\n  grid-row-gap: 10px - ;\n}\n@media screen and (max-width: 1199px) {\n  .gallery-shortcode.gallery-masonry-shortcode-id-4e560638ef40a8d52be5dd778356d587.resize-by-browser-width .dt-css-grid {\n    grid-template-columns: repeat(1,1fr);\n  }\n  .cssgridlegacy.no-cssgrid .gallery-shortcode.gallery-masonry-shortcode-id-4e560638ef40a8d52be5dd778356d587.resize-by-browser-width .dt-css-grid .wf-cell,\n  .no-cssgridlegacy.no-cssgrid .gallery-shortcode.gallery-masonry-shortcode-id-4e560638ef40a8d52be5dd778356d587.resize-by-browser-width .dt-css-grid .wf-cell {\n    width: 100%;\n  }\n  .cssgridlegacy.no-cssgrid .gallery-shortcode.gallery-masonry-shortcode-id-4e560638ef40a8d52be5dd778356d587.resize-by-browser-width .dt-css-grid .wf-cell.double-width,\n  .no-cssgridlegacy.no-cssgrid .gallery-shortcode.gallery-masonry-shortcode-id-4e560638ef40a8d52be5dd778356d587.resize-by-browser-width .dt-css-grid .wf-cell.double-width {\n    width: calc(100%)*2;\n  }\n}\n@media screen and (max-width: 991px) {\n  .gallery-shortcode.gallery-masonry-shortcode-id-4e560638ef40a8d52be5dd778356d587.resize-by-browser-width .dt-css-grid {\n    grid-template-columns: repeat(1,1fr);\n  }\n  .cssgridlegacy.no-cssgrid .gallery-shortcode.gallery-masonry-shortcode-id-4e560638ef40a8d52be5dd778356d587.resize-by-browser-width .dt-css-grid .wf-cell,\n  .no-cssgridlegacy.no-cssgrid .gallery-shortcode.gallery-masonry-shortcode-id-4e560638ef40a8d52be5dd778356d587.resize-by-browser-width .dt-css-grid .wf-cell {\n    width: 100%;\n  }\n  .cssgridlegacy.no-cssgrid .gallery-shortcode.gallery-masonry-shortcode-id-4e560638ef40a8d52be5dd778356d587.resize-by-browser-width .dt-css-grid .wf-cell.double-width,\n  .no-cssgridlegacy.no-cssgrid .gallery-shortcode.gallery-masonry-shortcode-id-4e560638ef40a8d52be5dd778356d587.resize-by-browser-width .dt-css-grid .wf-cell.double-width {\n    width: calc(100%)*2;\n  }\n}\n@media screen and (max-width: 767px) {\n  .gallery-shortcode.gallery-masonry-shortcode-id-4e560638ef40a8d52be5dd778356d587.resize-by-browser-width .dt-css-grid {\n    grid-template-columns: repeat(2,1fr);\n  }\n  .cssgridlegacy.no-cssgrid .gallery-shortcode.gallery-masonry-shortcode-id-4e560638ef40a8d52be5dd778356d587.resize-by-browser-width .dt-css-grid .wf-cell,\n  .no-cssgridlegacy.no-cssgrid .gallery-shortcode.gallery-masonry-shortcode-id-4e560638ef40a8d52be5dd778356d587.resize-by-browser-width .dt-css-grid .wf-cell {\n    width: 50%;\n  }\n  .cssgridlegacy.no-cssgrid .gallery-shortcode.gallery-masonry-shortcode-id-4e560638ef40a8d52be5dd778356d587.resize-by-browser-width .dt-css-grid .wf-cell.double-width,\n  .no-cssgridlegacy.no-cssgrid .gallery-shortcode.gallery-masonry-shortcode-id-4e560638ef40a8d52be5dd778356d587.resize-by-browser-width .dt-css-grid .wf-cell.double-width {\n    width: calc(50%)*2;\n  }\n}\n<\/style><div class=\"gallery-shortcode dt-gallery-container gallery-masonry-shortcode-id-4e560638ef40a8d52be5dd778356d587 mode-masonry jquery-filter dt-icon-bg-off enable-img-shadow quick-scale-img enable-bg-rollover resize-by-browser-width  hover-fade loading-effect-none description-on-hover\" data-padding=\"5px\" data-cur-page=\"1\" data-post-limit=\"-1\" data-pagination-mode=\"none\" data-desktop-columns-num=\"1\" data-v-tablet-columns-num=\"1\" data-h-tablet-columns-num=\"1\" data-phone-columns-num=\"2\" data-width=\"0px\" data-columns=\"0\"><div class=\"iso-container\" ><div class=\"wf-cell iso-item\" data-post-id=\"3127\" data-date=\"2022-07-01T01:43:39+00:00\" data-name=\"Wera Lim\u00f3n\"><figure class=\"post visible\"><a href=\"https:\/\/www.betweenlgbt.com.mx\/wp-content\/uploads\/2022\/07\/Wera-Limon.png\" class=\"rollover dt-pswp-item layzr-bg\" data-large_image_width=\"1536\" data-large_image_height=\"2048\" data-dt-img-description=\"\" title=\"Wera Lim\u00f3n\"><img loading=\"lazy\" decoding=\"async\" class=\"preload-me iso-lazy-load\" src=\"data:image\/svg+xml,%3Csvg%20xmlns%3D&#39;http%3A%2F%2Fwww.w3.org%2F2000%2Fsvg&#39;%20viewBox%3D&#39;0%200%201255%201673&#39;%2F%3E\" data-src=\"https:\/\/www.betweenlgbt.com.mx\/wp-content\/uploads\/2022\/07\/Wera-Limon-1255x1673.png\" data-srcset=\"https:\/\/www.betweenlgbt.com.mx\/wp-content\/uploads\/2022\/07\/Wera-Limon-1255x1673.png 1255w, https:\/\/www.betweenlgbt.com.mx\/wp-content\/uploads\/2022\/07\/Wera-Limon.png 1536w\" alt=\"\" width=\"1255\" height=\"1673\"  \/><span class=\"gallery-rollover\"><span class=\"gallery-zoom-ico icomoon-the7-font-the7-zoom-06\"><span><\/span><\/span><\/span><\/a><\/figure><\/div><\/div><!-- iso-container|iso-grid --><\/div>\n\t<div class=\"wpb_text_column wpb_content_element\" >\n\t\t<div class=\"wpb_wrapper\">\n\t\t\t<p style=\"text-align: center;\"><strong>Luc\u00eda Verd\u00edn Lim\u00f3n<\/strong><br \/>\n<strong>&#8220;Wera Lim\u00f3n&#8221;<\/strong><\/p>\n\n\t\t<\/div>\n\t<\/div>\n<\/div><\/div><\/div><\/div><div class=\"vc_row wpb_row vc_row-fluid\"><div class=\"wpb_column vc_column_container vc_col-sm-8\"><div class=\"vc_column-inner\"><div class=\"wpb_wrapper\">\n\t<div class=\"wpb_text_column wpb_content_element\" >\n\t\t<div class=\"wpb_wrapper\">\n\t\t\t<p style=\"text-align: right;\"><em><span style=\"font-size: 14pt;\">Le\u00f3n, Guanajuato, M\u00e9xico a 1 de julio 2022.<\/span><\/em><\/p>\n<p><em><span style=\"font-size: 14pt;\">@WeraDeLimon<\/span><\/em><\/p>\n<p><em><span style=\"font-size: 14pt;\">Facebook: <a href=\"https:\/\/www.facebook.com\/weradelimon\">https:\/\/www.facebook.com\/weradelimon<\/a><\/span><\/em><\/p>\n\n\t\t<\/div>\n\t<\/div>\n<\/div><\/div><\/div><div class=\"wpb_column vc_column_container vc_col-sm-4\"><div class=\"vc_column-inner\"><div class=\"wpb_wrapper\"><\/div><\/div><\/div><\/div>","protected":false},"excerpt":{"rendered":"<p>La ef\u00edmera ciudadan\u00eda LGBT+ del mes de junio\u00a0 &nbsp; &nbsp; Luc\u00eda Verd\u00edn Lim\u00f3n &#8220;Wera Lim\u00f3n&#8221; Mujer lesbiana Se termina junio y con ella se termina la visibilidad de la poblaci\u00f3n LGBTIQ+, se acaban los eventos, las charlas, la concientizaci\u00f3n las acciones de inclusi\u00f3n, porque se es persona siempre, pero ciudadana solamente una vez al a\u00f1o.&hellip;<\/p>","protected":false},"author":1,"featured_media":0,"parent":0,"menu_order":0,"comment_status":"closed","ping_status":"closed","template":"","meta":[],"class_list":["post-3125","page","type-page","status-publish","hentry","description-off"],"yoast_head":"<!-- This site is optimized with the Yoast SEO plugin v26.9 - https:\/\/yoast.com\/product\/yoast-seo-wordpress\/ -->\n<title>Luc\u00eda Verd\u00edn Lim\u00f3n - BETWEEN LGBT*<\/title>\n<meta name=\"robots\" content=\"index, follow, max-snippet:-1, max-image-preview:large, max-video-preview:-1\" \/>\n<link rel=\"canonical\" href=\"https:\/\/www.betweenlgbt.com.mx\/en\/lucia-verdin-limon\/\" \/>\n<meta property=\"og:locale\" content=\"en_GB\" \/>\n<meta property=\"og:type\" content=\"article\" \/>\n<meta property=\"og:title\" content=\"La ef\u00edmera ciudadan\u00eda LGBT+ del mes de junio\" \/>\n<meta property=\"og:url\" content=\"https:\/\/www.betweenlgbt.com.mx\/en\/lucia-verdin-limon\/\" \/>\n<meta property=\"og:site_name\" content=\"BETWEEN LGBT*\" \/>\n<meta property=\"article:modified_time\" content=\"2022-07-12T16:58:09+00:00\" \/>\n<meta property=\"og:image\" content=\"https:\/\/www.betweenlgbt.com.mx\/wp-content\/uploads\/2022\/07\/Nuevo-proyecto-11.png\" \/>\n\t<meta property=\"og:image:width\" content=\"300\" \/>\n\t<meta property=\"og:image:height\" content=\"400\" \/>\n\t<meta property=\"og:image:type\" content=\"image\/png\" \/>\n<meta name=\"twitter:card\" content=\"summary_large_image\" \/>\n<meta name=\"twitter:title\" content=\"La ef\u00edmera ciudadan\u00eda LGBT+ del mes de junio\" \/>\n<meta name=\"twitter:image\" content=\"https:\/\/www.betweenlgbt.com.mx\/wp-content\/uploads\/2022\/07\/Nuevo-proyecto-11.png\" \/>\n<meta name=\"twitter:label1\" content=\"Estimated reading time\" \/>\n\t<meta name=\"twitter:data1\" content=\"3 minutes\" \/>\n<script type=\"application\/ld+json\" class=\"yoast-schema-graph\">{\"@context\":\"https:\/\/schema.org\",\"@graph\":[{\"@type\":\"WebPage\",\"@id\":\"https:\/\/www.betweenlgbt.com.mx\/lucia-verdin-limon\/\",\"url\":\"https:\/\/www.betweenlgbt.com.mx\/lucia-verdin-limon\/\",\"name\":\"Luc\u00eda Verd\u00edn Lim\u00f3n - BETWEEN LGBT*\",\"isPartOf\":{\"@id\":\"https:\/\/www.betweenlgbt.com.mx\/#website\"},\"datePublished\":\"2022-07-01T01:49:18+00:00\",\"dateModified\":\"2022-07-12T16:58:09+00:00\",\"breadcrumb\":{\"@id\":\"https:\/\/www.betweenlgbt.com.mx\/lucia-verdin-limon\/#breadcrumb\"},\"inLanguage\":\"en-GB\",\"potentialAction\":[{\"@type\":\"ReadAction\",\"target\":[\"https:\/\/www.betweenlgbt.com.mx\/lucia-verdin-limon\/\"]}]},{\"@type\":\"BreadcrumbList\",\"@id\":\"https:\/\/www.betweenlgbt.com.mx\/lucia-verdin-limon\/#breadcrumb\",\"itemListElement\":[{\"@type\":\"ListItem\",\"position\":1,\"name\":\"Portada\",\"item\":\"https:\/\/www.betweenlgbt.com.mx\/\"},{\"@type\":\"ListItem\",\"position\":2,\"name\":\"Luc\u00eda Verd\u00edn Lim\u00f3n\"}]},{\"@type\":\"WebSite\",\"@id\":\"https:\/\/www.betweenlgbt.com.mx\/#website\",\"url\":\"https:\/\/www.betweenlgbt.com.mx\/\",\"name\":\"BETWEEN LGBT*\",\"description\":\"BETWEEN LGBT* es una plataforma para consulta de derechos humanos de la poblaci\u00f3n LGBT en M\u00e9xico y Am\u00e9rica Latina\",\"publisher\":{\"@id\":\"https:\/\/www.betweenlgbt.com.mx\/#organization\"},\"potentialAction\":[{\"@type\":\"SearchAction\",\"target\":{\"@type\":\"EntryPoint\",\"urlTemplate\":\"https:\/\/www.betweenlgbt.com.mx\/?s={search_term_string}\"},\"query-input\":{\"@type\":\"PropertyValueSpecification\",\"valueRequired\":true,\"valueName\":\"search_term_string\"}}],\"inLanguage\":\"en-GB\"},{\"@type\":\"Organization\",\"@id\":\"https:\/\/www.betweenlgbt.com.mx\/#organization\",\"name\":\"BETWEEN LGBT*\",\"url\":\"https:\/\/www.betweenlgbt.com.mx\/\",\"logo\":{\"@type\":\"ImageObject\",\"inLanguage\":\"en-GB\",\"@id\":\"https:\/\/www.betweenlgbt.com.mx\/#\/schema\/logo\/image\/\",\"url\":\"https:\/\/www.betweenlgbt.com.mx\/wp-content\/uploads\/2021\/12\/Captura-de-Pantalla-2021-12-20-a-las-14.19.48.png\",\"contentUrl\":\"https:\/\/www.betweenlgbt.com.mx\/wp-content\/uploads\/2021\/12\/Captura-de-Pantalla-2021-12-20-a-las-14.19.48.png\",\"width\":464,\"height\":332,\"caption\":\"BETWEEN LGBT*\"},\"image\":{\"@id\":\"https:\/\/www.betweenlgbt.com.mx\/#\/schema\/logo\/image\/\"}}]}<\/script>\n<!-- \/ Yoast SEO plugin. -->","yoast_head_json":{"title":"Luc\u00eda Verd\u00edn Lim\u00f3n - BETWEEN LGBT*","robots":{"index":"index","follow":"follow","max-snippet":"max-snippet:-1","max-image-preview":"max-image-preview:large","max-video-preview":"max-video-preview:-1"},"canonical":"https:\/\/www.betweenlgbt.com.mx\/en\/lucia-verdin-limon\/","og_locale":"en_GB","og_type":"article","og_title":"La ef\u00edmera ciudadan\u00eda LGBT+ del mes de junio","og_url":"https:\/\/www.betweenlgbt.com.mx\/en\/lucia-verdin-limon\/","og_site_name":"BETWEEN LGBT*","article_modified_time":"2022-07-12T16:58:09+00:00","og_image":[{"width":300,"height":400,"url":"https:\/\/www.betweenlgbt.com.mx\/wp-content\/uploads\/2022\/07\/Nuevo-proyecto-11.png","type":"image\/png"}],"twitter_card":"summary_large_image","twitter_title":"La ef\u00edmera ciudadan\u00eda LGBT+ del mes de junio","twitter_image":"https:\/\/www.betweenlgbt.com.mx\/wp-content\/uploads\/2022\/07\/Nuevo-proyecto-11.png","twitter_misc":{"Estimated reading time":"3 minutes"},"schema":{"@context":"https:\/\/schema.org","@graph":[{"@type":"WebPage","@id":"https:\/\/www.betweenlgbt.com.mx\/lucia-verdin-limon\/","url":"https:\/\/www.betweenlgbt.com.mx\/lucia-verdin-limon\/","name":"Luc\u00eda Verd\u00edn Lim\u00f3n - BETWEEN LGBT*","isPartOf":{"@id":"https:\/\/www.betweenlgbt.com.mx\/#website"},"datePublished":"2022-07-01T01:49:18+00:00","dateModified":"2022-07-12T16:58:09+00:00","breadcrumb":{"@id":"https:\/\/www.betweenlgbt.com.mx\/lucia-verdin-limon\/#breadcrumb"},"inLanguage":"en-GB","potentialAction":[{"@type":"ReadAction","target":["https:\/\/www.betweenlgbt.com.mx\/lucia-verdin-limon\/"]}]},{"@type":"BreadcrumbList","@id":"https:\/\/www.betweenlgbt.com.mx\/lucia-verdin-limon\/#breadcrumb","itemListElement":[{"@type":"ListItem","position":1,"name":"Portada","item":"https:\/\/www.betweenlgbt.com.mx\/"},{"@type":"ListItem","position":2,"name":"Luc\u00eda Verd\u00edn Lim\u00f3n"}]},{"@type":"WebSite","@id":"https:\/\/www.betweenlgbt.com.mx\/#website","url":"https:\/\/www.betweenlgbt.com.mx\/","name":"BETWEEN LGBT*","description":"BETWEEN LGBT* es una plataforma para consulta de derechos humanos de la poblaci\u00f3n LGBT en M\u00e9xico y Am\u00e9rica Latina","publisher":{"@id":"https:\/\/www.betweenlgbt.com.mx\/#organization"},"potentialAction":[{"@type":"SearchAction","target":{"@type":"EntryPoint","urlTemplate":"https:\/\/www.betweenlgbt.com.mx\/?s={search_term_string}"},"query-input":{"@type":"PropertyValueSpecification","valueRequired":true,"valueName":"search_term_string"}}],"inLanguage":"en-GB"},{"@type":"Organization","@id":"https:\/\/www.betweenlgbt.com.mx\/#organization","name":"BETWEEN LGBT*","url":"https:\/\/www.betweenlgbt.com.mx\/","logo":{"@type":"ImageObject","inLanguage":"en-GB","@id":"https:\/\/www.betweenlgbt.com.mx\/#\/schema\/logo\/image\/","url":"https:\/\/www.betweenlgbt.com.mx\/wp-content\/uploads\/2021\/12\/Captura-de-Pantalla-2021-12-20-a-las-14.19.48.png","contentUrl":"https:\/\/www.betweenlgbt.com.mx\/wp-content\/uploads\/2021\/12\/Captura-de-Pantalla-2021-12-20-a-las-14.19.48.png","width":464,"height":332,"caption":"BETWEEN LGBT*"},"image":{"@id":"https:\/\/www.betweenlgbt.com.mx\/#\/schema\/logo\/image\/"}}]}},"_links":{"self":[{"href":"https:\/\/www.betweenlgbt.com.mx\/en\/wp-json\/wp\/v2\/pages\/3125","targetHints":{"allow":["GET"]}}],"collection":[{"href":"https:\/\/www.betweenlgbt.com.mx\/en\/wp-json\/wp\/v2\/pages"}],"about":[{"href":"https:\/\/www.betweenlgbt.com.mx\/en\/wp-json\/wp\/v2\/types\/page"}],"author":[{"embeddable":true,"href":"https:\/\/www.betweenlgbt.com.mx\/en\/wp-json\/wp\/v2\/users\/1"}],"replies":[{"embeddable":true,"href":"https:\/\/www.betweenlgbt.com.mx\/en\/wp-json\/wp\/v2\/comments?post=3125"}],"version-history":[{"count":0,"href":"https:\/\/www.betweenlgbt.com.mx\/en\/wp-json\/wp\/v2\/pages\/3125\/revisions"}],"wp:attachment":[{"href":"https:\/\/www.betweenlgbt.com.mx\/en\/wp-json\/wp\/v2\/media?parent=3125"}],"curies":[{"name":"wp","href":"https:\/\/api.w.org\/{rel}","templated":true}]}}