{"id":2557,"date":"2022-04-01T15:39:21","date_gmt":"2022-04-01T15:39:21","guid":{"rendered":"https:\/\/www.betweenlgbt.com.mx\/?page_id=2557"},"modified":"2022-05-05T17:36:39","modified_gmt":"2022-05-05T17:36:39","slug":"bruno-cimiano","status":"publish","type":"page","link":"https:\/\/www.betweenlgbt.com.mx\/en\/bruno-cimiano\/","title":{"rendered":"Bruno Cimiano"},"content":{"rendered":"<div class=\"vc_row wpb_row vc_row-fluid\"><div class=\"wpb_column vc_column_container vc_col-sm-12\"><div class=\"vc_column-inner\"><div class=\"wpb_wrapper\">\n\t<div class=\"wpb_text_column wpb_content_element  vc_custom_1648831576837\" >\n\t\t<div class=\"wpb_wrapper\">\n\t\t\t<p><span style=\"font-size: 18pt; color: #ffffff;\"><strong>Oraciones Trans*<\/strong><\/span><\/p>\n<p>&nbsp;<\/p>\n<p>&nbsp;<\/p>\n<p style=\"text-align: right;\"><span style=\"color: #ffffff;\"><strong><em>Bruno <\/em><em>Cimiano<\/em><\/strong><\/span><\/p>\n\n\t\t<\/div>\n\t<\/div>\n<\/div><\/div><\/div><\/div><div class=\"vc_row wpb_row vc_row-fluid vc_custom_1648832249482 vc_row-has-fill\"><div class=\"wpb_column vc_column_container vc_col-sm-4\"><div class=\"vc_column-inner\"><div class=\"wpb_wrapper\">\n\t<div class=\"wpb_text_column wpb_content_element\" >\n\t\t<div class=\"wpb_wrapper\">\n\t\t\t<h3 class=\"post-title entry-title\" style=\"text-align: left;\"><span style=\"color: #993366;\"><strong style=\"font-size: 14px;\"><span style=\"font-size: 14pt;\">I.<\/span><\/strong><\/span><\/h3>\n<div id=\"post-body-6183471189658054108\" class=\"post-body entry-content\">\n<p><span style=\"color: #993366;\"><strong><span style=\"font-size: 14pt;\">Sea como sea.<\/span><\/strong><\/span><\/p>\n<p><span style=\"color: #993366;\"><strong><span style=\"font-size: 14pt;\">T\u00fa ya no vas a volver all\u00ed.<\/span><\/strong><\/span><\/p>\n<p><span style=\"color: #993366;\"><strong><span style=\"font-size: 14pt;\">Aquello, aquello: ya fue.<\/span><\/strong><\/span><\/p>\n<p><span style=\"color: #993366;\"><strong><span style=\"font-size: 14pt;\">T\u00fa sabes<\/span><\/strong><\/span><\/p>\n<p><span style=\"color: #993366;\"><strong><span style=\"font-size: 14pt;\">que no vas a volver all\u00ed<\/span><\/strong><\/span><\/p>\n<p><span style=\"color: #993366;\"><strong><span style=\"font-size: 14pt;\">te dices<\/span><\/strong><\/span><\/p>\n<p><span style=\"color: #993366;\"><strong><span style=\"font-size: 14pt;\">y mientras tus manos<\/span><\/strong><\/span><\/p>\n<p><span style=\"color: #993366;\"><strong><span style=\"font-size: 14pt;\">y tu vientre y tu pelo y tu pecho<\/span><\/strong><\/span><\/p>\n<p><span style=\"color: #993366;\"><strong><span style=\"font-size: 14pt;\">tan distintos<\/span><\/strong><\/span><\/p>\n<p><span style=\"color: #993366;\"><strong><span style=\"font-size: 14pt;\">lo escuchan y lo dicen tambi\u00e9n contigo.<\/span><\/strong><\/span><\/p>\n<p><span style=\"color: #993366;\"><strong><span style=\"font-size: 14pt;\">Te lo juro y te lo advierto.<\/span><\/strong><\/span><\/p>\n<p><span style=\"color: #993366;\"><strong><span style=\"font-size: 14pt;\">Est\u00e1s a salvo.<\/span><\/strong><\/span><\/p>\n<p><span style=\"color: #993366;\"><strong><span style=\"font-size: 14pt;\">Ni\u00f1a, ni\u00f1o, ni\u00f1e.<\/span><\/strong><\/span><\/p>\n<p><span style=\"color: #993366;\"><strong><span style=\"font-size: 14pt;\">Lo lograste.<\/span><\/strong><\/span><\/p>\n<p><span style=\"color: #993366;\"><strong><span style=\"font-size: 14pt;\">Por tus muertxs y tus propias muertes.<\/span><\/strong><\/span><\/p>\n<p><span style=\"color: #993366;\"><strong><span style=\"font-size: 14pt;\">Que no. Que all\u00ed<\/span><\/strong><\/span><\/p>\n<p><span style=\"color: #993366;\"><strong><span style=\"font-size: 14pt;\">ya te digo yo<\/span><\/strong><\/span><\/p>\n<p><span style=\"color: #993366;\"><strong><span style=\"font-size: 14pt;\">que all\u00ed t\u00fa ya no vuelves.<\/span><\/strong><\/span><\/p>\n<p>&nbsp;<\/p>\n<p>&nbsp;<\/p>\n<p style=\"text-align: left;\"><span style=\"color: #993366;\"><strong><span style=\"font-size: 14pt;\">II.<\/span><\/strong><\/span><\/p>\n<p><span style=\"color: #993366;\"><strong><span style=\"font-size: 14pt;\">Me confirmo vivx.<\/span><\/strong><\/span><\/p>\n<p><span style=\"color: #993366;\"><strong><span style=\"font-size: 14pt;\">Me confirmo absolutamente mediocre. Y \u00fanicx.<\/span><\/strong><\/span><\/p>\n<p><span style=\"color: #993366;\"><strong><span style=\"font-size: 14pt;\">Me confirmo que todas mis partes aparentemente rotas y contradictorias<\/span><\/strong><\/span><br \/>\n<span style=\"color: #993366;\"><strong><span style=\"font-size: 14pt;\">me conforman completx y perfectx.<\/span><\/strong><\/span><\/p>\n<p><span style=\"color: #993366;\"><strong><span style=\"font-size: 14pt;\">No necesito ser masculinx ni femeninx para ti.<\/span><\/strong><\/span><br \/>\n<span style=\"color: #993366;\"><strong><span style=\"font-size: 14pt;\">Ya no necesito eso.<\/span><\/strong><\/span><br \/>\n<span style=\"color: #993366;\"><strong><span style=\"font-size: 14pt;\">Y me alejar\u00e9 si me lo quieres hacer volver a sentir.<\/span><\/strong><\/span><\/p>\n<\/div>\n\n\t\t<\/div>\n\t<\/div>\n<\/div><\/div><\/div><div class=\"wpb_column vc_column_container vc_col-sm-4\"><div class=\"vc_column-inner\"><div class=\"wpb_wrapper\">\n\t<div class=\"wpb_text_column wpb_content_element\" >\n\t\t<div class=\"wpb_wrapper\">\n\t\t\t<p><span style=\"color: #993366;\"><strong><span style=\"font-size: 14pt;\">Les confirmo a todos mis demonios que s\u00ed,<\/span><\/strong><\/span><br \/>\n<span style=\"color: #993366;\"><strong><span style=\"font-size: 14pt;\">que pueden visitarme.<\/span><\/strong><\/span><br \/>\n<span style=\"color: #993366;\"><strong><span style=\"font-size: 14pt;\">Que no se escondan. Que les dar\u00e9 el espacio<\/span><\/strong><\/span><br \/>\n<span style=\"color: #993366;\"><strong><span style=\"font-size: 14pt;\">y el tiempo correcto.<\/span><\/strong><\/span><\/p>\n<p><span style=\"color: #993366;\"><strong><span style=\"font-size: 14pt;\">Me confirmo que no abrir\u00e9 m\u00e1s el vac\u00edo.<\/span><\/strong><\/span><\/p>\n<p><span style=\"color: #993366;\"><strong><span style=\"font-size: 14pt;\">Me confirmo que merezco lo que, el tiempo que me quede,<\/span><\/strong><\/span><br \/>\n<span style=\"color: #993366;\"><strong><span style=\"font-size: 14pt;\">me quede por llenarme.<\/span><\/strong><\/span><\/p>\n<p><span style=\"color: #993366; font-size: 14pt;\"><strong>Fuerza, respiraci\u00f3n, centro y claridad.<\/strong><\/span><\/p>\n<p><span style=\"color: #993366; font-size: 14pt;\"><strong>Por m\u00ed y por todxs mis compa\u00f1erxs.<\/strong><\/span><\/p>\n<p>&nbsp;<\/p>\n<p>&nbsp;<\/p>\n<p style=\"text-align: left;\"><span style=\"color: #993366; font-size: 14pt;\"><strong>III.<\/strong><\/span><\/p>\n<p><span style=\"color: #993366; font-size: 14pt;\"><strong>Te hiciste fuerte<\/strong><\/span><br \/>\n<span style=\"color: #993366; font-size: 14pt;\"><strong>desde lugares internos que no conoc\u00edas.<\/strong><\/span><\/p>\n<p><span style=\"color: #993366; font-size: 14pt;\"><strong>Te reconociste<\/strong><\/span><br \/>\n<span style=\"color: #993366; font-size: 14pt;\"><strong>sostenidx en ciertas formas propias.<\/strong><\/span><br \/>\n<span style=\"color: #993366; font-size: 14pt;\"><strong>Justo en aquellas<\/strong><\/span><br \/>\n<span style=\"color: #993366; font-size: 14pt;\"><strong>que t\u00fa menos esperabas obtener.<\/strong><\/span><\/p>\n<p><span style=\"color: #993366; font-size: 14pt;\"><strong>Te descubriste<\/strong><\/span><br \/>\n<span style=\"color: #993366; font-size: 14pt;\"><strong>haciendo<\/strong><\/span><br \/>\n<span style=\"color: #993366; font-size: 14pt;\"><strong>exactamente<\/strong><\/span><br \/>\n<span style=\"color: #993366; font-size: 14pt;\"><strong>lo que hac\u00eda falta hacer.<\/strong><\/span><br \/>\n<span style=\"color: #993366; font-size: 14pt;\"><strong>Aunque t\u00fa no lo sab\u00edas.<\/strong><\/span><\/p>\n<p><span style=\"color: #993366; font-size: 14pt;\"><strong>Digamos que<\/strong><\/span><br \/>\n<span style=\"color: #993366; font-size: 14pt;\"><strong>te sorprendiste de ti mismx, y<\/strong><\/span><br \/>\n<span style=\"color: #993366; font-size: 14pt;\"><strong>bueno,<\/strong><\/span><br \/>\n<span style=\"color: #993366; font-size: 14pt;\"><strong>pues que lo viste,<\/strong><\/span><br \/>\n<span style=\"color: #993366; font-size: 14pt;\"><strong>y que subiste la apuesta.<\/strong><\/span><\/p>\n<p><span style=\"color: #993366; font-size: 14pt;\"><strong>Hizo falta casi de todo<\/strong><\/span><br \/>\n<span style=\"color: #993366; font-size: 14pt;\"><strong>para que hoy estuvieras.<\/strong><\/span><br \/>\n<span style=\"color: #993366; font-size: 14pt;\"><strong>Aqu\u00ed.<\/strong><\/span><\/p>\n<p><span style=\"color: #993366; font-size: 14pt;\"><strong>Ahora ya s\u00f3lo faltar\u00eda<\/strong><\/span><br \/>\n<span style=\"color: #993366; font-size: 14pt;\"><strong>que le quitases el factor sorpresa.<\/strong><\/span><\/p>\n<p><span style=\"color: #993366; font-size: 14pt;\"><strong>Falta. Qu\u00e9 falta.<\/strong><\/span><br \/>\n<span style=\"color: #993366; font-size: 14pt;\"><strong>Por faltar.<\/strong><\/span><\/p>\n<p><span style=\"color: #993366; font-size: 14pt;\"><strong>Falta:<\/strong><\/span><\/p>\n<p><span style=\"color: #993366; font-size: 14pt;\"><strong>que te (lo) creas.<\/strong><\/span><\/p>\n<p>&nbsp;<\/p>\n<p>&nbsp;<\/p>\n<p style=\"text-align: right;\"><span style=\"font-size: 14pt; color: #993366;\"><strong>\u00a0Barcelona, Espa\u00f1a, marzo, 2022.<\/strong><\/span><\/p>\n\n\t\t<\/div>\n\t<\/div>\n<\/div><\/div><\/div><div class=\"wpb_column vc_column_container vc_col-sm-4\"><div class=\"vc_column-inner\"><div class=\"wpb_wrapper\">\n\t<div  class=\"wpb_single_image wpb_content_element vc_align_center\">\n\t\t\n\t\t<figure class=\"wpb_wrapper vc_figure\">\n\t\t\t<div class=\"vc_single_image-wrapper   vc_box_border_grey\"><img loading=\"lazy\" decoding=\"async\" class=\"vc_single_image-img\" src=\"https:\/\/www.betweenlgbt.com.mx\/wp-content\/uploads\/2022\/04\/Bruno-300x500.jpeg\" width=\"300\" height=\"500\" alt=\"Bruno\" title=\"Bruno\"  data-dt-location=\"https:\/\/www.betweenlgbt.com.mx\/en\/bruno-cimiano\/bruno\/\" \/><\/div>\n\t\t<\/figure>\n\t<\/div>\n<\/div><\/div><\/div><\/div>","protected":false},"excerpt":{"rendered":"<p>Oraciones Trans* &nbsp; &nbsp; Bruno Cimiano I. Sea como sea. T\u00fa ya no vas a volver all\u00ed. Aquello, aquello: ya fue. T\u00fa sabes que no vas a volver all\u00ed te dices y mientras tus manos y tu vientre y tu pelo y tu pecho tan distintos lo escuchan y lo dicen tambi\u00e9n contigo. Te lo&hellip;<\/p>","protected":false},"author":1,"featured_media":2560,"parent":0,"menu_order":0,"comment_status":"closed","ping_status":"closed","template":"","meta":[],"class_list":["post-2557","page","type-page","status-publish","has-post-thumbnail","hentry","description-off"],"yoast_head":"<!-- This site is optimized with the Yoast SEO plugin v26.9 - https:\/\/yoast.com\/product\/yoast-seo-wordpress\/ -->\n<title>Bruno Cimiano - BETWEEN LGBT*<\/title>\n<meta name=\"robots\" content=\"index, follow, max-snippet:-1, max-image-preview:large, max-video-preview:-1\" \/>\n<link rel=\"canonical\" href=\"https:\/\/www.betweenlgbt.com.mx\/en\/bruno-cimiano\/\" \/>\n<meta property=\"og:locale\" content=\"en_GB\" \/>\n<meta property=\"og:type\" content=\"article\" \/>\n<meta property=\"og:title\" content=\"Oraciones Trans* por Bruno Cimiano\" \/>\n<meta property=\"og:description\" content=\"Poema para la secci\u00f3n de Arte y Literatura de Between LGBT*\" \/>\n<meta property=\"og:url\" content=\"https:\/\/www.betweenlgbt.com.mx\/en\/bruno-cimiano\/\" \/>\n<meta property=\"og:site_name\" content=\"BETWEEN LGBT*\" \/>\n<meta property=\"article:modified_time\" content=\"2022-05-05T17:36:39+00:00\" \/>\n<meta property=\"og:image\" content=\"https:\/\/www.betweenlgbt.com.mx\/wp-content\/uploads\/2022\/04\/Bruno.jpeg\" \/>\n\t<meta property=\"og:image:width\" content=\"1080\" \/>\n\t<meta property=\"og:image:height\" content=\"1071\" \/>\n\t<meta property=\"og:image:type\" content=\"image\/jpeg\" \/>\n<meta name=\"twitter:card\" content=\"summary_large_image\" \/>\n<meta name=\"twitter:title\" content=\"Oraciones Trans* por Bruno Cimiano\" \/>\n<meta name=\"twitter:description\" content=\"Poema para la secci\u00f3n de Arte y Literatura de Between LGBT*\" \/>\n<meta name=\"twitter:image\" content=\"https:\/\/www.betweenlgbt.com.mx\/wp-content\/uploads\/2022\/04\/Bruno.jpeg\" \/>\n<meta name=\"twitter:label1\" content=\"Estimated reading time\" \/>\n\t<meta name=\"twitter:data1\" content=\"2 minutes\" \/>\n<script type=\"application\/ld+json\" class=\"yoast-schema-graph\">{\"@context\":\"https:\/\/schema.org\",\"@graph\":[{\"@type\":\"WebPage\",\"@id\":\"https:\/\/www.betweenlgbt.com.mx\/bruno-cimiano\/\",\"url\":\"https:\/\/www.betweenlgbt.com.mx\/bruno-cimiano\/\",\"name\":\"Bruno Cimiano - BETWEEN LGBT*\",\"isPartOf\":{\"@id\":\"https:\/\/www.betweenlgbt.com.mx\/#website\"},\"primaryImageOfPage\":{\"@id\":\"https:\/\/www.betweenlgbt.com.mx\/bruno-cimiano\/#primaryimage\"},\"image\":{\"@id\":\"https:\/\/www.betweenlgbt.com.mx\/bruno-cimiano\/#primaryimage\"},\"thumbnailUrl\":\"https:\/\/www.betweenlgbt.com.mx\/wp-content\/uploads\/2022\/04\/Bruno.jpeg\",\"datePublished\":\"2022-04-01T15:39:21+00:00\",\"dateModified\":\"2022-05-05T17:36:39+00:00\",\"breadcrumb\":{\"@id\":\"https:\/\/www.betweenlgbt.com.mx\/bruno-cimiano\/#breadcrumb\"},\"inLanguage\":\"en-GB\",\"potentialAction\":[{\"@type\":\"ReadAction\",\"target\":[\"https:\/\/www.betweenlgbt.com.mx\/bruno-cimiano\/\"]}]},{\"@type\":\"ImageObject\",\"inLanguage\":\"en-GB\",\"@id\":\"https:\/\/www.betweenlgbt.com.mx\/bruno-cimiano\/#primaryimage\",\"url\":\"https:\/\/www.betweenlgbt.com.mx\/wp-content\/uploads\/2022\/04\/Bruno.jpeg\",\"contentUrl\":\"https:\/\/www.betweenlgbt.com.mx\/wp-content\/uploads\/2022\/04\/Bruno.jpeg\",\"width\":1080,\"height\":1071},{\"@type\":\"BreadcrumbList\",\"@id\":\"https:\/\/www.betweenlgbt.com.mx\/bruno-cimiano\/#breadcrumb\",\"itemListElement\":[{\"@type\":\"ListItem\",\"position\":1,\"name\":\"Portada\",\"item\":\"https:\/\/www.betweenlgbt.com.mx\/\"},{\"@type\":\"ListItem\",\"position\":2,\"name\":\"Bruno Cimiano\"}]},{\"@type\":\"WebSite\",\"@id\":\"https:\/\/www.betweenlgbt.com.mx\/#website\",\"url\":\"https:\/\/www.betweenlgbt.com.mx\/\",\"name\":\"BETWEEN LGBT*\",\"description\":\"BETWEEN LGBT* es una plataforma para consulta de derechos humanos de la poblaci\u00f3n LGBT en M\u00e9xico y Am\u00e9rica Latina\",\"publisher\":{\"@id\":\"https:\/\/www.betweenlgbt.com.mx\/#organization\"},\"potentialAction\":[{\"@type\":\"SearchAction\",\"target\":{\"@type\":\"EntryPoint\",\"urlTemplate\":\"https:\/\/www.betweenlgbt.com.mx\/?s={search_term_string}\"},\"query-input\":{\"@type\":\"PropertyValueSpecification\",\"valueRequired\":true,\"valueName\":\"search_term_string\"}}],\"inLanguage\":\"en-GB\"},{\"@type\":\"Organization\",\"@id\":\"https:\/\/www.betweenlgbt.com.mx\/#organization\",\"name\":\"BETWEEN LGBT*\",\"url\":\"https:\/\/www.betweenlgbt.com.mx\/\",\"logo\":{\"@type\":\"ImageObject\",\"inLanguage\":\"en-GB\",\"@id\":\"https:\/\/www.betweenlgbt.com.mx\/#\/schema\/logo\/image\/\",\"url\":\"https:\/\/www.betweenlgbt.com.mx\/wp-content\/uploads\/2021\/12\/Captura-de-Pantalla-2021-12-20-a-las-14.19.48.png\",\"contentUrl\":\"https:\/\/www.betweenlgbt.com.mx\/wp-content\/uploads\/2021\/12\/Captura-de-Pantalla-2021-12-20-a-las-14.19.48.png\",\"width\":464,\"height\":332,\"caption\":\"BETWEEN LGBT*\"},\"image\":{\"@id\":\"https:\/\/www.betweenlgbt.com.mx\/#\/schema\/logo\/image\/\"}}]}<\/script>\n<!-- \/ Yoast SEO plugin. -->","yoast_head_json":{"title":"Bruno Cimiano - BETWEEN LGBT*","robots":{"index":"index","follow":"follow","max-snippet":"max-snippet:-1","max-image-preview":"max-image-preview:large","max-video-preview":"max-video-preview:-1"},"canonical":"https:\/\/www.betweenlgbt.com.mx\/en\/bruno-cimiano\/","og_locale":"en_GB","og_type":"article","og_title":"Oraciones Trans* por Bruno Cimiano","og_description":"Poema para la secci\u00f3n de Arte y Literatura de Between LGBT*","og_url":"https:\/\/www.betweenlgbt.com.mx\/en\/bruno-cimiano\/","og_site_name":"BETWEEN LGBT*","article_modified_time":"2022-05-05T17:36:39+00:00","og_image":[{"width":1080,"height":1071,"url":"https:\/\/www.betweenlgbt.com.mx\/wp-content\/uploads\/2022\/04\/Bruno.jpeg","type":"image\/jpeg"}],"twitter_card":"summary_large_image","twitter_title":"Oraciones Trans* por Bruno Cimiano","twitter_description":"Poema para la secci\u00f3n de Arte y Literatura de Between LGBT*","twitter_image":"https:\/\/www.betweenlgbt.com.mx\/wp-content\/uploads\/2022\/04\/Bruno.jpeg","twitter_misc":{"Estimated reading time":"2 minutes"},"schema":{"@context":"https:\/\/schema.org","@graph":[{"@type":"WebPage","@id":"https:\/\/www.betweenlgbt.com.mx\/bruno-cimiano\/","url":"https:\/\/www.betweenlgbt.com.mx\/bruno-cimiano\/","name":"Bruno Cimiano - BETWEEN LGBT*","isPartOf":{"@id":"https:\/\/www.betweenlgbt.com.mx\/#website"},"primaryImageOfPage":{"@id":"https:\/\/www.betweenlgbt.com.mx\/bruno-cimiano\/#primaryimage"},"image":{"@id":"https:\/\/www.betweenlgbt.com.mx\/bruno-cimiano\/#primaryimage"},"thumbnailUrl":"https:\/\/www.betweenlgbt.com.mx\/wp-content\/uploads\/2022\/04\/Bruno.jpeg","datePublished":"2022-04-01T15:39:21+00:00","dateModified":"2022-05-05T17:36:39+00:00","breadcrumb":{"@id":"https:\/\/www.betweenlgbt.com.mx\/bruno-cimiano\/#breadcrumb"},"inLanguage":"en-GB","potentialAction":[{"@type":"ReadAction","target":["https:\/\/www.betweenlgbt.com.mx\/bruno-cimiano\/"]}]},{"@type":"ImageObject","inLanguage":"en-GB","@id":"https:\/\/www.betweenlgbt.com.mx\/bruno-cimiano\/#primaryimage","url":"https:\/\/www.betweenlgbt.com.mx\/wp-content\/uploads\/2022\/04\/Bruno.jpeg","contentUrl":"https:\/\/www.betweenlgbt.com.mx\/wp-content\/uploads\/2022\/04\/Bruno.jpeg","width":1080,"height":1071},{"@type":"BreadcrumbList","@id":"https:\/\/www.betweenlgbt.com.mx\/bruno-cimiano\/#breadcrumb","itemListElement":[{"@type":"ListItem","position":1,"name":"Portada","item":"https:\/\/www.betweenlgbt.com.mx\/"},{"@type":"ListItem","position":2,"name":"Bruno Cimiano"}]},{"@type":"WebSite","@id":"https:\/\/www.betweenlgbt.com.mx\/#website","url":"https:\/\/www.betweenlgbt.com.mx\/","name":"BETWEEN LGBT*","description":"BETWEEN LGBT* es una plataforma para consulta de derechos humanos de la poblaci\u00f3n LGBT en M\u00e9xico y Am\u00e9rica Latina","publisher":{"@id":"https:\/\/www.betweenlgbt.com.mx\/#organization"},"potentialAction":[{"@type":"SearchAction","target":{"@type":"EntryPoint","urlTemplate":"https:\/\/www.betweenlgbt.com.mx\/?s={search_term_string}"},"query-input":{"@type":"PropertyValueSpecification","valueRequired":true,"valueName":"search_term_string"}}],"inLanguage":"en-GB"},{"@type":"Organization","@id":"https:\/\/www.betweenlgbt.com.mx\/#organization","name":"BETWEEN LGBT*","url":"https:\/\/www.betweenlgbt.com.mx\/","logo":{"@type":"ImageObject","inLanguage":"en-GB","@id":"https:\/\/www.betweenlgbt.com.mx\/#\/schema\/logo\/image\/","url":"https:\/\/www.betweenlgbt.com.mx\/wp-content\/uploads\/2021\/12\/Captura-de-Pantalla-2021-12-20-a-las-14.19.48.png","contentUrl":"https:\/\/www.betweenlgbt.com.mx\/wp-content\/uploads\/2021\/12\/Captura-de-Pantalla-2021-12-20-a-las-14.19.48.png","width":464,"height":332,"caption":"BETWEEN LGBT*"},"image":{"@id":"https:\/\/www.betweenlgbt.com.mx\/#\/schema\/logo\/image\/"}}]}},"_links":{"self":[{"href":"https:\/\/www.betweenlgbt.com.mx\/en\/wp-json\/wp\/v2\/pages\/2557","targetHints":{"allow":["GET"]}}],"collection":[{"href":"https:\/\/www.betweenlgbt.com.mx\/en\/wp-json\/wp\/v2\/pages"}],"about":[{"href":"https:\/\/www.betweenlgbt.com.mx\/en\/wp-json\/wp\/v2\/types\/page"}],"author":[{"embeddable":true,"href":"https:\/\/www.betweenlgbt.com.mx\/en\/wp-json\/wp\/v2\/users\/1"}],"replies":[{"embeddable":true,"href":"https:\/\/www.betweenlgbt.com.mx\/en\/wp-json\/wp\/v2\/comments?post=2557"}],"version-history":[{"count":0,"href":"https:\/\/www.betweenlgbt.com.mx\/en\/wp-json\/wp\/v2\/pages\/2557\/revisions"}],"wp:featuredmedia":[{"embeddable":true,"href":"https:\/\/www.betweenlgbt.com.mx\/en\/wp-json\/wp\/v2\/media\/2560"}],"wp:attachment":[{"href":"https:\/\/www.betweenlgbt.com.mx\/en\/wp-json\/wp\/v2\/media?parent=2557"}],"curies":[{"name":"wp","href":"https:\/\/api.w.org\/{rel}","templated":true}]}}