{"id":2135,"date":"2022-02-28T19:22:31","date_gmt":"2022-02-28T19:22:31","guid":{"rendered":"https:\/\/www.betweenlgbt.com.mx\/?page_id=2135"},"modified":"2022-02-28T19:22:31","modified_gmt":"2022-02-28T19:22:31","slug":"metodologia-2","status":"publish","type":"page","link":"https:\/\/www.betweenlgbt.com.mx\/en\/metodologia-2\/","title":{"rendered":"Metodolog\u00eda"},"content":{"rendered":"<div class=\"vc_row wpb_row vc_row-fluid\"><div class=\"wpb_column vc_column_container vc_col-sm-2\"><div class=\"vc_column-inner\"><div class=\"wpb_wrapper\"><\/div><\/div><\/div><div class=\"wpb_column vc_column_container vc_col-sm-8\"><div class=\"vc_column-inner\"><div class=\"wpb_wrapper\">\n\t<div class=\"wpb_text_column wpb_content_element\" >\n\t\t<div class=\"wpb_wrapper\">\n\t\t\t<h2 style=\"text-align: center;\">Metodolog\u00eda<\/h2>\n\n\t\t<\/div>\n\t<\/div>\n\n\t<div class=\"wpb_text_column wpb_content_element\" >\n\t\t<div class=\"wpb_wrapper\">\n\t\t\t<p>La identificaci\u00f3n de derechos LGBTIQ+ que se hace en los pa\u00edses de Am\u00e9rica Latina son a nivel nacional, bajo este eje se realiz\u00f3 una primera b\u00fasqueda en internet, que consisti\u00f3 en realizar pesquisas a trav\u00e9s de palabras claves, en peri\u00f3dicos electr\u00f3nicos, p\u00e1ginas de colectivos y organizaciones LGBTIQ+ y en art\u00edculos cient\u00edficos sobre el reconocimiento de derechos. Una vez registrados los derechos, se rastre\u00f3 el a\u00f1o de aprobaci\u00f3n, lo que permiti\u00f3 hacer la ubicaci\u00f3n de las aprobaciones dentro de un per\u00edodo presidencial en espec\u00edfico. Posteriormente, se complejiz\u00f3 m\u00e1s el dato: a. establecer a qu\u00e9 identidad de las diversidades sexuales y de g\u00e9nero beneficiaba ese derecho; b. conocer si son derechos que derivan de otros como sucede con el matrimonio; c. saber si el derecho tiene acotaciones espec\u00edficas. Posteriormente, se busc\u00f3 el mecanismo de aprobaci\u00f3n y se identificaron los siguientes: Congresos y Asambleas, Tribunales y Cortes Supremas, Decreto presidencial, Ministerios y Consejos, Pol\u00edticas p\u00fablicas, Protocolo y Acuerdos internacionales. Estos siete mecanismos fueron organizados en funci\u00f3n de los tres poderes federales donde recaen sus competencias, por lo que se opt\u00f3 por el indicador de: instituci\u00f3n que lo aprueba, siendo estos el poder ejecutivo, legislativo o judicial. En el caso de los derechos aprobados por el legislativo se document\u00f3 la composici\u00f3n ideol\u00f3gica de las C\u00e1maras y la manera c\u00f3mo fue votado, asimismo se hizo la ubicaci\u00f3n ideol\u00f3gica de las personas mandatarias y en cuanto al Poder Judicial se rastre\u00f3 el proceso del fallo o la sentencia. La operacionalizaci\u00f3n de la ideolog\u00eda de los Congresos se hizo a partir de las p\u00e1ginas web de los partidos pol\u00edticos y su propia enunciaci\u00f3n ideol\u00f3gica y de las personas mandatarias se busc\u00f3 en sus perfiles web personales y en las p\u00e1ginas oficiales de las presidencias de cada naci\u00f3n. En cuanto al rastreo de fallos y sentencias fue posible a partir de las notas period\u00edsticas que daban indicios al respecto para posteriormente ser corroborados en los diarios oficiales de los pa\u00edses.<\/p>\n\n\t\t<\/div>\n\t<\/div>\n<\/div><\/div><\/div><div class=\"wpb_column vc_column_container vc_col-sm-2\"><div class=\"vc_column-inner\"><div class=\"wpb_wrapper\"><\/div><\/div><\/div><\/div>","protected":false},"excerpt":{"rendered":"<p>Metodolog\u00eda La identificaci\u00f3n de derechos LGBTIQ+ que se hace en los pa\u00edses de Am\u00e9rica Latina son a nivel nacional, bajo este eje se realiz\u00f3 una primera b\u00fasqueda en internet, que consisti\u00f3 en realizar pesquisas a trav\u00e9s de palabras claves, en peri\u00f3dicos electr\u00f3nicos, p\u00e1ginas de colectivos y organizaciones LGBTIQ+ y en art\u00edculos cient\u00edficos sobre el reconocimiento&hellip;<\/p>","protected":false},"author":1,"featured_media":0,"parent":0,"menu_order":0,"comment_status":"closed","ping_status":"closed","template":"","meta":[],"class_list":["post-2135","page","type-page","status-publish","hentry","description-off"],"yoast_head":"<!-- This site is optimized with the Yoast SEO plugin v26.9 - https:\/\/yoast.com\/product\/yoast-seo-wordpress\/ -->\n<title>Metodolog\u00eda - BETWEEN LGBT*<\/title>\n<meta name=\"robots\" content=\"index, follow, max-snippet:-1, max-image-preview:large, max-video-preview:-1\" \/>\n<link rel=\"canonical\" href=\"https:\/\/www.betweenlgbt.com.mx\/en\/metodologia-2\/\" \/>\n<meta property=\"og:locale\" content=\"en_GB\" \/>\n<meta property=\"og:type\" content=\"article\" \/>\n<meta property=\"og:title\" content=\"Metodolog\u00eda - BETWEEN LGBT*\" \/>\n<meta property=\"og:url\" content=\"https:\/\/www.betweenlgbt.com.mx\/en\/metodologia-2\/\" \/>\n<meta property=\"og:site_name\" content=\"BETWEEN LGBT*\" \/>\n<meta name=\"twitter:card\" content=\"summary_large_image\" \/>\n<meta name=\"twitter:label1\" content=\"Estimated reading time\" \/>\n\t<meta name=\"twitter:data1\" content=\"2 minutes\" \/>\n<script type=\"application\/ld+json\" class=\"yoast-schema-graph\">{\"@context\":\"https:\/\/schema.org\",\"@graph\":[{\"@type\":\"WebPage\",\"@id\":\"https:\/\/www.betweenlgbt.com.mx\/metodologia-2\/\",\"url\":\"https:\/\/www.betweenlgbt.com.mx\/metodologia-2\/\",\"name\":\"Metodolog\u00eda - BETWEEN LGBT*\",\"isPartOf\":{\"@id\":\"https:\/\/www.betweenlgbt.com.mx\/#website\"},\"datePublished\":\"2022-02-28T19:22:31+00:00\",\"breadcrumb\":{\"@id\":\"https:\/\/www.betweenlgbt.com.mx\/metodologia-2\/#breadcrumb\"},\"inLanguage\":\"en-GB\",\"potentialAction\":[{\"@type\":\"ReadAction\",\"target\":[\"https:\/\/www.betweenlgbt.com.mx\/metodologia-2\/\"]}]},{\"@type\":\"BreadcrumbList\",\"@id\":\"https:\/\/www.betweenlgbt.com.mx\/metodologia-2\/#breadcrumb\",\"itemListElement\":[{\"@type\":\"ListItem\",\"position\":1,\"name\":\"Portada\",\"item\":\"https:\/\/www.betweenlgbt.com.mx\/\"},{\"@type\":\"ListItem\",\"position\":2,\"name\":\"Metodolog\u00eda\"}]},{\"@type\":\"WebSite\",\"@id\":\"https:\/\/www.betweenlgbt.com.mx\/#website\",\"url\":\"https:\/\/www.betweenlgbt.com.mx\/\",\"name\":\"BETWEEN LGBT*\",\"description\":\"BETWEEN LGBT* es una plataforma para consulta de derechos humanos de la poblaci\u00f3n LGBT en M\u00e9xico y Am\u00e9rica Latina\",\"publisher\":{\"@id\":\"https:\/\/www.betweenlgbt.com.mx\/#organization\"},\"potentialAction\":[{\"@type\":\"SearchAction\",\"target\":{\"@type\":\"EntryPoint\",\"urlTemplate\":\"https:\/\/www.betweenlgbt.com.mx\/?s={search_term_string}\"},\"query-input\":{\"@type\":\"PropertyValueSpecification\",\"valueRequired\":true,\"valueName\":\"search_term_string\"}}],\"inLanguage\":\"en-GB\"},{\"@type\":\"Organization\",\"@id\":\"https:\/\/www.betweenlgbt.com.mx\/#organization\",\"name\":\"BETWEEN LGBT*\",\"url\":\"https:\/\/www.betweenlgbt.com.mx\/\",\"logo\":{\"@type\":\"ImageObject\",\"inLanguage\":\"en-GB\",\"@id\":\"https:\/\/www.betweenlgbt.com.mx\/#\/schema\/logo\/image\/\",\"url\":\"https:\/\/www.betweenlgbt.com.mx\/wp-content\/uploads\/2021\/12\/Captura-de-Pantalla-2021-12-20-a-las-14.19.48.png\",\"contentUrl\":\"https:\/\/www.betweenlgbt.com.mx\/wp-content\/uploads\/2021\/12\/Captura-de-Pantalla-2021-12-20-a-las-14.19.48.png\",\"width\":464,\"height\":332,\"caption\":\"BETWEEN LGBT*\"},\"image\":{\"@id\":\"https:\/\/www.betweenlgbt.com.mx\/#\/schema\/logo\/image\/\"}}]}<\/script>\n<!-- \/ Yoast SEO plugin. -->","yoast_head_json":{"title":"Metodolog\u00eda - BETWEEN LGBT*","robots":{"index":"index","follow":"follow","max-snippet":"max-snippet:-1","max-image-preview":"max-image-preview:large","max-video-preview":"max-video-preview:-1"},"canonical":"https:\/\/www.betweenlgbt.com.mx\/en\/metodologia-2\/","og_locale":"en_GB","og_type":"article","og_title":"Metodolog\u00eda - BETWEEN LGBT*","og_url":"https:\/\/www.betweenlgbt.com.mx\/en\/metodologia-2\/","og_site_name":"BETWEEN LGBT*","twitter_card":"summary_large_image","twitter_misc":{"Estimated reading time":"2 minutes"},"schema":{"@context":"https:\/\/schema.org","@graph":[{"@type":"WebPage","@id":"https:\/\/www.betweenlgbt.com.mx\/metodologia-2\/","url":"https:\/\/www.betweenlgbt.com.mx\/metodologia-2\/","name":"Metodolog\u00eda - BETWEEN LGBT*","isPartOf":{"@id":"https:\/\/www.betweenlgbt.com.mx\/#website"},"datePublished":"2022-02-28T19:22:31+00:00","breadcrumb":{"@id":"https:\/\/www.betweenlgbt.com.mx\/metodologia-2\/#breadcrumb"},"inLanguage":"en-GB","potentialAction":[{"@type":"ReadAction","target":["https:\/\/www.betweenlgbt.com.mx\/metodologia-2\/"]}]},{"@type":"BreadcrumbList","@id":"https:\/\/www.betweenlgbt.com.mx\/metodologia-2\/#breadcrumb","itemListElement":[{"@type":"ListItem","position":1,"name":"Portada","item":"https:\/\/www.betweenlgbt.com.mx\/"},{"@type":"ListItem","position":2,"name":"Metodolog\u00eda"}]},{"@type":"WebSite","@id":"https:\/\/www.betweenlgbt.com.mx\/#website","url":"https:\/\/www.betweenlgbt.com.mx\/","name":"BETWEEN LGBT*","description":"BETWEEN LGBT* es una plataforma para consulta de derechos humanos de la poblaci\u00f3n LGBT en M\u00e9xico y Am\u00e9rica Latina","publisher":{"@id":"https:\/\/www.betweenlgbt.com.mx\/#organization"},"potentialAction":[{"@type":"SearchAction","target":{"@type":"EntryPoint","urlTemplate":"https:\/\/www.betweenlgbt.com.mx\/?s={search_term_string}"},"query-input":{"@type":"PropertyValueSpecification","valueRequired":true,"valueName":"search_term_string"}}],"inLanguage":"en-GB"},{"@type":"Organization","@id":"https:\/\/www.betweenlgbt.com.mx\/#organization","name":"BETWEEN LGBT*","url":"https:\/\/www.betweenlgbt.com.mx\/","logo":{"@type":"ImageObject","inLanguage":"en-GB","@id":"https:\/\/www.betweenlgbt.com.mx\/#\/schema\/logo\/image\/","url":"https:\/\/www.betweenlgbt.com.mx\/wp-content\/uploads\/2021\/12\/Captura-de-Pantalla-2021-12-20-a-las-14.19.48.png","contentUrl":"https:\/\/www.betweenlgbt.com.mx\/wp-content\/uploads\/2021\/12\/Captura-de-Pantalla-2021-12-20-a-las-14.19.48.png","width":464,"height":332,"caption":"BETWEEN LGBT*"},"image":{"@id":"https:\/\/www.betweenlgbt.com.mx\/#\/schema\/logo\/image\/"}}]}},"_links":{"self":[{"href":"https:\/\/www.betweenlgbt.com.mx\/en\/wp-json\/wp\/v2\/pages\/2135","targetHints":{"allow":["GET"]}}],"collection":[{"href":"https:\/\/www.betweenlgbt.com.mx\/en\/wp-json\/wp\/v2\/pages"}],"about":[{"href":"https:\/\/www.betweenlgbt.com.mx\/en\/wp-json\/wp\/v2\/types\/page"}],"author":[{"embeddable":true,"href":"https:\/\/www.betweenlgbt.com.mx\/en\/wp-json\/wp\/v2\/users\/1"}],"replies":[{"embeddable":true,"href":"https:\/\/www.betweenlgbt.com.mx\/en\/wp-json\/wp\/v2\/comments?post=2135"}],"version-history":[{"count":0,"href":"https:\/\/www.betweenlgbt.com.mx\/en\/wp-json\/wp\/v2\/pages\/2135\/revisions"}],"wp:attachment":[{"href":"https:\/\/www.betweenlgbt.com.mx\/en\/wp-json\/wp\/v2\/media?parent=2135"}],"curies":[{"name":"wp","href":"https:\/\/api.w.org\/{rel}","templated":true}]}}