{"id":2017,"date":"2022-02-25T01:03:31","date_gmt":"2022-02-25T01:03:31","guid":{"rendered":"https:\/\/www.betweenlgbt.com.mx\/?page_id=2017"},"modified":"2022-02-25T01:44:13","modified_gmt":"2022-02-25T01:44:13","slug":"zacatecas","status":"publish","type":"page","link":"https:\/\/www.betweenlgbt.com.mx\/en\/zacatecas\/","title":{"rendered":"Fuentes Zacatecas"},"content":{"rendered":"<p><strong><span style=\"font-size: 14pt; color: #000000;\">Zacatecas<\/span><\/strong><\/p>\n<table cellspacing=\"0\" cellpadding=\"0\">\n<tbody>\n<tr>\n<td valign=\"top\"><strong><span style=\"color: #000000; font-family: Futura; font-size: medium;\">Right:<\/span><\/strong><\/td>\n<td valign=\"top\"><strong><span style=\"color: #000000; font-family: Futura; font-size: medium;\">Fuente<\/span><\/strong><\/td>\n<td valign=\"top\"><strong><span style=\"color: #000000; font-family: Futura; font-size: medium;\">Direcci\u00f3n online<\/span><\/strong><\/td>\n<\/tr>\n<tr>\n<td rowspan=\"3\" valign=\"top\"><strong><span style=\"color: #000000; font-family: Futura; font-size: medium;\">Matrimonio igualitario<\/span><\/strong><\/p>\n<p><strong><span style=\"color: #000000; font-family: Futura; font-size: medium;\">2021<\/span><\/strong><\/td>\n<td valign=\"top\"><span style=\"color: #000000; font-family: Futura; font-size: medium;\">Ahora Noticias, 2021<\/span><\/td>\n<td valign=\"top\"><span style=\"color: #0b4cb4; font-family: Futura; font-size: medium;\"><a href=\"https:\/\/ahoranoticias.com.mx\/diputados-aprueban-el-matrimonio-igualitario-en-zacatecas\/\"><u>https:\/\/ahoranoticias.com.mx\/diputados-aprueban-el-matrimonio-igualitario-en-zacatecas\/<\/u><\/a><\/span><span style=\"color: #000000; font-family: Futura; font-size: medium;\"><span class=\"Apple-converted-space\">\u00a0<\/span><\/span><\/td>\n<\/tr>\n<tr>\n<td valign=\"top\"><span style=\"color: #000000; font-family: Futura; font-size: medium;\">Donde ir, 2021<\/span><\/td>\n<td valign=\"top\"><span style=\"color: #0b4cb4; font-family: Futura; font-size: medium;\"><a href=\"https:\/\/www.dondeir.com\/noticias\/congreso-de-zacatecas-aprueba-el-matrimonio-igualitario\/2021\/12\/\"><u>https:\/\/www.dondeir.com\/noticias\/congreso-de-zacatecas-aprueba-el-matrimonio-igualitario\/2021\/12\/<\/u><\/a><\/span><span style=\"color: #000000; font-family: Futura; font-size: medium;\"><span class=\"Apple-converted-space\">\u00a0<\/span><\/span><\/td>\n<\/tr>\n<tr>\n<td valign=\"top\"><span style=\"color: #000000; font-family: Futura; font-size: medium;\">El Siglo de Torre\u00f3n en Homosensual, 2020<\/span><\/p>\n<p><span style=\"color: #000000; font-family: Futura; font-size: medium;\">Pie de foto: Activistas marchan por la aprobaci\u00f3n del matrimonio igualitario en Zacatecas<\/span><\/td>\n<td valign=\"top\"><span style=\"color: #0b4cb4; font-family: Futura; font-size: medium;\"><a href=\"https:\/\/www.homosensual.com\/lgbt\/zacatecas-tiene-cinco-paraisos-para-el-matrimonio-igualitario\/\"><u>https:\/\/www.homosensual.com\/lgbt\/zacatecas-tiene-cinco-paraisos-para-el-matrimonio-igualitario\/<\/u><\/a><\/span><span style=\"color: #000000; font-family: Futura; font-size: medium;\"><span class=\"Apple-converted-space\">\u00a0<\/span><\/span><\/td>\n<\/tr>\n<tr>\n<td valign=\"top\"><\/td>\n<td valign=\"top\"><span style=\"color: #000000; font-family: Futura; font-size: medium;\">Fuera Closet A.C. en Aristegui Noticias, 2021<\/span><\/td>\n<td valign=\"top\"><span style=\"color: #0b4cb4; font-family: Futura; font-size: medium;\"><a href=\"https:\/\/aristeguinoticias.com\/1412\/mexico\/zacatecas-aprueba-el-matrimonio-igualitario\/\"><u>https:\/\/aristeguinoticias.com\/1412\/mexico\/zacatecas-aprueba-el-matrimonio-igualitario\/<\/u><\/a><\/span><span style=\"color: #000000; font-family: Futura; font-size: medium;\"><span class=\"Apple-converted-space\">\u00a0<\/span><\/span><\/td>\n<\/tr>\n<\/tbody>\n<\/table>","protected":false},"excerpt":{"rendered":"<p>Zacatecas Derecho Fuente Direcci\u00f3n online Matrimonio igualitario 2021 Ahora Noticias, 2021 https:\/\/ahoranoticias.com.mx\/diputados-aprueban-el-matrimonio-igualitario-en-zacatecas\/\u00a0 Donde ir, 2021 https:\/\/www.dondeir.com\/noticias\/congreso-de-zacatecas-aprueba-el-matrimonio-igualitario\/2021\/12\/\u00a0 El Siglo de Torre\u00f3n en Homosensual, 2020 Pie de foto: Activistas marchan por la aprobaci\u00f3n del matrimonio igualitario en Zacatecas https:\/\/www.homosensual.com\/lgbt\/zacatecas-tiene-cinco-paraisos-para-el-matrimonio-igualitario\/\u00a0 Fuera Closet A.C. en Aristegui Noticias, 2021 https:\/\/aristeguinoticias.com\/1412\/mexico\/zacatecas-aprueba-el-matrimonio-igualitario\/\u00a0<\/p>","protected":false},"author":1,"featured_media":0,"parent":0,"menu_order":0,"comment_status":"closed","ping_status":"closed","template":"","meta":[],"class_list":["post-2017","page","type-page","status-publish","hentry","description-off"],"yoast_head":"<!-- This site is optimized with the Yoast SEO plugin v26.9 - https:\/\/yoast.com\/product\/yoast-seo-wordpress\/ -->\n<title>Fuentes Zacatecas - BETWEEN LGBT*<\/title>\n<meta name=\"robots\" content=\"index, follow, max-snippet:-1, max-image-preview:large, max-video-preview:-1\" \/>\n<link rel=\"canonical\" href=\"https:\/\/www.betweenlgbt.com.mx\/en\/zacatecas\/\" \/>\n<meta property=\"og:locale\" content=\"en_GB\" \/>\n<meta property=\"og:type\" content=\"article\" \/>\n<meta property=\"og:title\" content=\"Fuentes Zacatecas - BETWEEN LGBT*\" \/>\n<meta property=\"og:description\" content=\"Zacatecas Derecho Fuente Direcci\u00f3n online Matrimonio igualitario 2021 Ahora Noticias, 2021 https:\/\/ahoranoticias.com.mx\/diputados-aprueban-el-matrimonio-igualitario-en-zacatecas\/\u00a0 Donde ir, 2021 https:\/\/www.dondeir.com\/noticias\/congreso-de-zacatecas-aprueba-el-matrimonio-igualitario\/2021\/12\/\u00a0 El Siglo de Torre\u00f3n en Homosensual, 2020 Pie de foto: Activistas marchan por la aprobaci\u00f3n del matrimonio igualitario en Zacatecas https:\/\/www.homosensual.com\/lgbt\/zacatecas-tiene-cinco-paraisos-para-el-matrimonio-igualitario\/\u00a0 Fuera Closet A.C. en Aristegui Noticias, 2021 https:\/\/aristeguinoticias.com\/1412\/mexico\/zacatecas-aprueba-el-matrimonio-igualitario\/\u00a0\" \/>\n<meta property=\"og:url\" content=\"https:\/\/www.betweenlgbt.com.mx\/en\/zacatecas\/\" \/>\n<meta property=\"og:site_name\" content=\"BETWEEN LGBT*\" \/>\n<meta property=\"article:modified_time\" content=\"2022-02-25T01:44:13+00:00\" \/>\n<meta name=\"twitter:card\" content=\"summary_large_image\" \/>\n<script type=\"application\/ld+json\" class=\"yoast-schema-graph\">{\"@context\":\"https:\/\/schema.org\",\"@graph\":[{\"@type\":\"WebPage\",\"@id\":\"https:\/\/www.betweenlgbt.com.mx\/zacatecas\/\",\"url\":\"https:\/\/www.betweenlgbt.com.mx\/zacatecas\/\",\"name\":\"Fuentes Zacatecas - BETWEEN LGBT*\",\"isPartOf\":{\"@id\":\"https:\/\/www.betweenlgbt.com.mx\/#website\"},\"datePublished\":\"2022-02-25T01:03:31+00:00\",\"dateModified\":\"2022-02-25T01:44:13+00:00\",\"breadcrumb\":{\"@id\":\"https:\/\/www.betweenlgbt.com.mx\/zacatecas\/#breadcrumb\"},\"inLanguage\":\"en-GB\",\"potentialAction\":[{\"@type\":\"ReadAction\",\"target\":[\"https:\/\/www.betweenlgbt.com.mx\/zacatecas\/\"]}]},{\"@type\":\"BreadcrumbList\",\"@id\":\"https:\/\/www.betweenlgbt.com.mx\/zacatecas\/#breadcrumb\",\"itemListElement\":[{\"@type\":\"ListItem\",\"position\":1,\"name\":\"Portada\",\"item\":\"https:\/\/www.betweenlgbt.com.mx\/\"},{\"@type\":\"ListItem\",\"position\":2,\"name\":\"Fuentes Zacatecas\"}]},{\"@type\":\"WebSite\",\"@id\":\"https:\/\/www.betweenlgbt.com.mx\/#website\",\"url\":\"https:\/\/www.betweenlgbt.com.mx\/\",\"name\":\"BETWEEN LGBT*\",\"description\":\"BETWEEN LGBT* es una plataforma para consulta de derechos humanos de la poblaci\u00f3n LGBT en M\u00e9xico y Am\u00e9rica Latina\",\"publisher\":{\"@id\":\"https:\/\/www.betweenlgbt.com.mx\/#organization\"},\"potentialAction\":[{\"@type\":\"SearchAction\",\"target\":{\"@type\":\"EntryPoint\",\"urlTemplate\":\"https:\/\/www.betweenlgbt.com.mx\/?s={search_term_string}\"},\"query-input\":{\"@type\":\"PropertyValueSpecification\",\"valueRequired\":true,\"valueName\":\"search_term_string\"}}],\"inLanguage\":\"en-GB\"},{\"@type\":\"Organization\",\"@id\":\"https:\/\/www.betweenlgbt.com.mx\/#organization\",\"name\":\"BETWEEN LGBT*\",\"url\":\"https:\/\/www.betweenlgbt.com.mx\/\",\"logo\":{\"@type\":\"ImageObject\",\"inLanguage\":\"en-GB\",\"@id\":\"https:\/\/www.betweenlgbt.com.mx\/#\/schema\/logo\/image\/\",\"url\":\"https:\/\/www.betweenlgbt.com.mx\/wp-content\/uploads\/2021\/12\/Captura-de-Pantalla-2021-12-20-a-las-14.19.48.png\",\"contentUrl\":\"https:\/\/www.betweenlgbt.com.mx\/wp-content\/uploads\/2021\/12\/Captura-de-Pantalla-2021-12-20-a-las-14.19.48.png\",\"width\":464,\"height\":332,\"caption\":\"BETWEEN LGBT*\"},\"image\":{\"@id\":\"https:\/\/www.betweenlgbt.com.mx\/#\/schema\/logo\/image\/\"}}]}<\/script>\n<!-- \/ Yoast SEO plugin. -->","yoast_head_json":{"title":"Fuentes Zacatecas - BETWEEN LGBT*","robots":{"index":"index","follow":"follow","max-snippet":"max-snippet:-1","max-image-preview":"max-image-preview:large","max-video-preview":"max-video-preview:-1"},"canonical":"https:\/\/www.betweenlgbt.com.mx\/en\/zacatecas\/","og_locale":"en_GB","og_type":"article","og_title":"Fuentes Zacatecas - BETWEEN LGBT*","og_description":"Zacatecas Derecho Fuente Direcci\u00f3n online Matrimonio igualitario 2021 Ahora Noticias, 2021 https:\/\/ahoranoticias.com.mx\/diputados-aprueban-el-matrimonio-igualitario-en-zacatecas\/\u00a0 Donde ir, 2021 https:\/\/www.dondeir.com\/noticias\/congreso-de-zacatecas-aprueba-el-matrimonio-igualitario\/2021\/12\/\u00a0 El Siglo de Torre\u00f3n en Homosensual, 2020 Pie de foto: Activistas marchan por la aprobaci\u00f3n del matrimonio igualitario en Zacatecas https:\/\/www.homosensual.com\/lgbt\/zacatecas-tiene-cinco-paraisos-para-el-matrimonio-igualitario\/\u00a0 Fuera Closet A.C. en Aristegui Noticias, 2021 https:\/\/aristeguinoticias.com\/1412\/mexico\/zacatecas-aprueba-el-matrimonio-igualitario\/\u00a0","og_url":"https:\/\/www.betweenlgbt.com.mx\/en\/zacatecas\/","og_site_name":"BETWEEN LGBT*","article_modified_time":"2022-02-25T01:44:13+00:00","twitter_card":"summary_large_image","schema":{"@context":"https:\/\/schema.org","@graph":[{"@type":"WebPage","@id":"https:\/\/www.betweenlgbt.com.mx\/zacatecas\/","url":"https:\/\/www.betweenlgbt.com.mx\/zacatecas\/","name":"Fuentes Zacatecas - BETWEEN LGBT*","isPartOf":{"@id":"https:\/\/www.betweenlgbt.com.mx\/#website"},"datePublished":"2022-02-25T01:03:31+00:00","dateModified":"2022-02-25T01:44:13+00:00","breadcrumb":{"@id":"https:\/\/www.betweenlgbt.com.mx\/zacatecas\/#breadcrumb"},"inLanguage":"en-GB","potentialAction":[{"@type":"ReadAction","target":["https:\/\/www.betweenlgbt.com.mx\/zacatecas\/"]}]},{"@type":"BreadcrumbList","@id":"https:\/\/www.betweenlgbt.com.mx\/zacatecas\/#breadcrumb","itemListElement":[{"@type":"ListItem","position":1,"name":"Portada","item":"https:\/\/www.betweenlgbt.com.mx\/"},{"@type":"ListItem","position":2,"name":"Fuentes Zacatecas"}]},{"@type":"WebSite","@id":"https:\/\/www.betweenlgbt.com.mx\/#website","url":"https:\/\/www.betweenlgbt.com.mx\/","name":"BETWEEN LGBT*","description":"BETWEEN LGBT* es una plataforma para consulta de derechos humanos de la poblaci\u00f3n LGBT en M\u00e9xico y Am\u00e9rica Latina","publisher":{"@id":"https:\/\/www.betweenlgbt.com.mx\/#organization"},"potentialAction":[{"@type":"SearchAction","target":{"@type":"EntryPoint","urlTemplate":"https:\/\/www.betweenlgbt.com.mx\/?s={search_term_string}"},"query-input":{"@type":"PropertyValueSpecification","valueRequired":true,"valueName":"search_term_string"}}],"inLanguage":"en-GB"},{"@type":"Organization","@id":"https:\/\/www.betweenlgbt.com.mx\/#organization","name":"BETWEEN LGBT*","url":"https:\/\/www.betweenlgbt.com.mx\/","logo":{"@type":"ImageObject","inLanguage":"en-GB","@id":"https:\/\/www.betweenlgbt.com.mx\/#\/schema\/logo\/image\/","url":"https:\/\/www.betweenlgbt.com.mx\/wp-content\/uploads\/2021\/12\/Captura-de-Pantalla-2021-12-20-a-las-14.19.48.png","contentUrl":"https:\/\/www.betweenlgbt.com.mx\/wp-content\/uploads\/2021\/12\/Captura-de-Pantalla-2021-12-20-a-las-14.19.48.png","width":464,"height":332,"caption":"BETWEEN LGBT*"},"image":{"@id":"https:\/\/www.betweenlgbt.com.mx\/#\/schema\/logo\/image\/"}}]}},"_links":{"self":[{"href":"https:\/\/www.betweenlgbt.com.mx\/en\/wp-json\/wp\/v2\/pages\/2017","targetHints":{"allow":["GET"]}}],"collection":[{"href":"https:\/\/www.betweenlgbt.com.mx\/en\/wp-json\/wp\/v2\/pages"}],"about":[{"href":"https:\/\/www.betweenlgbt.com.mx\/en\/wp-json\/wp\/v2\/types\/page"}],"author":[{"embeddable":true,"href":"https:\/\/www.betweenlgbt.com.mx\/en\/wp-json\/wp\/v2\/users\/1"}],"replies":[{"embeddable":true,"href":"https:\/\/www.betweenlgbt.com.mx\/en\/wp-json\/wp\/v2\/comments?post=2017"}],"version-history":[{"count":0,"href":"https:\/\/www.betweenlgbt.com.mx\/en\/wp-json\/wp\/v2\/pages\/2017\/revisions"}],"wp:attachment":[{"href":"https:\/\/www.betweenlgbt.com.mx\/en\/wp-json\/wp\/v2\/media?parent=2017"}],"curies":[{"name":"wp","href":"https:\/\/api.w.org\/{rel}","templated":true}]}}