{"id":2007,"date":"2022-02-25T00:57:39","date_gmt":"2022-02-25T00:57:39","guid":{"rendered":"https:\/\/www.betweenlgbt.com.mx\/?page_id=2007"},"modified":"2022-12-19T06:27:46","modified_gmt":"2022-12-19T06:27:46","slug":"sonora","status":"publish","type":"page","link":"https:\/\/www.betweenlgbt.com.mx\/en\/sonora\/","title":{"rendered":"Fuentes Sonora"},"content":{"rendered":"<p><span style=\"font-size: 14pt; color: #000000;\"><strong>Sonora<\/strong><\/span><\/p>\n<table width=\"0\">\n<tbody>\n<tr>\n<td width=\"100\">\n<p style=\"text-align: center;\"><span style=\"font-size: 12pt;\"><strong><span style=\"color: #000000;\">Right:<\/span><\/strong><\/span><\/p>\n<\/td>\n<td style=\"text-align: center;\" width=\"182\"><span style=\"font-size: 12pt;\"><strong><span style=\"color: #000000;\">Fuente<\/span><\/strong><\/span><\/td>\n<td width=\"341\">\n<p style=\"text-align: center;\"><span style=\"font-size: 12pt;\"><strong><span style=\"color: #000000;\">Direcci\u00f3n online<\/span><\/strong><\/span><\/p>\n<\/td>\n<\/tr>\n<tr>\n<td rowspan=\"3\" width=\"100\">\n<p style=\"text-align: center;\"><span style=\"font-size: 12pt;\"><strong>Identidad de g\u00e9nero<\/strong><\/span><\/p>\n<p style=\"text-align: center;\"><span style=\"font-size: 12pt;\"><strong>2020<\/strong><\/span><\/p>\n<\/td>\n<td width=\"182\">\n<p style=\"text-align: center;\"><span style=\"color: #000000; font-size: 12pt;\">El Sonora Noticias, 2020<\/span><\/p>\n<\/td>\n<td width=\"341\">\n<p style=\"text-align: center;\"><span style=\"font-size: 12pt;\"><a href=\"https:\/\/elsonora.com\/2021\/02\/05\/entra-en-vigencia-ley-de-identidad-de-genero-de-sonora\/\">https:\/\/elsonora.com\/2021\/02\/05\/entra-en-vigencia-ley-de-identidad-de-genero-de-sonora\/<\/a><\/span><\/p>\n<\/td>\n<\/tr>\n<tr>\n<td width=\"182\">\n<p style=\"text-align: center;\"><span style=\"color: #000000; font-size: 12pt;\">Diario del Yaqui, 2020<\/span><\/p>\n<\/td>\n<td width=\"341\">\n<p style=\"text-align: center;\"><span style=\"font-size: 12pt;\"><a href=\"https:\/\/diariodelyaqui.mx\/sonora\/insiste-sonora-trans-en-aprobar-ley-de-identidad-de-genero\/3124\">https:\/\/diariodelyaqui.mx\/sonora\/insiste-sonora-trans-en-aprobar-ley-de-identidad-de-genero\/3124<\/a><\/span><\/p>\n<\/td>\n<\/tr>\n<tr>\n<td width=\"182\">\n<p style=\"text-align: center;\"><span style=\"color: #000000; font-size: 12pt;\">@LgbtttiqSonora en Forbes, 2020<\/span><\/p>\n<\/td>\n<td width=\"341\">\n<p style=\"text-align: center;\"><span style=\"font-size: 12pt;\"><a href=\"https:\/\/www.forbes.com.mx\/noticias-sonora-cambio-identidad-transgenero-sanciones-packs\/\">https:\/\/www.forbes.com.mx\/noticias-sonora-cambio-identidad-transgenero-sanciones-packs\/<\/a><\/span><\/p>\n<\/td>\n<\/tr>\n<tr>\n<td rowspan=\"3\" width=\"100\">\n<p style=\"text-align: center;\"><span style=\"font-size: 12pt;\"><strong>Matrimonio igualitario<\/strong><\/span><\/p>\n<p style=\"text-align: center;\"><span style=\"font-size: 12pt;\"><strong>2021<\/strong><\/span><\/p>\n<\/td>\n<td width=\"182\">\n<p style=\"text-align: center;\"><span style=\"color: #000000; font-size: 12pt;\">Cecilia Saijas en El Sol de Hermosillo, 2021<\/span><\/p>\n<p style=\"text-align: center;\"><span style=\"color: #000000; font-size: 12pt;\">Pie de foto: Sonora se convierte en el estado n\u00famero 24 en aprobar el matrimonio del mismo sexo<\/span><\/p>\n<\/td>\n<td width=\"341\">\n<p style=\"text-align: center;\"><span style=\"font-size: 12pt;\"><a href=\"https:\/\/www.elsoldehermosillo.com.mx\/local\/sonora-dice-si-al-matrimonio-igualitario-diputados-aprueban-en-congreso-7249822.html\">https:\/\/www.elsoldehermosillo.com.mx\/local\/sonora-dice-si-al-matrimonio-igualitario-diputados-aprueban-en-congreso-7249822.html<\/a><\/span><\/p>\n<\/td>\n<\/tr>\n<tr>\n<td width=\"182\">\n<p style=\"text-align: center;\"><span style=\"color: #000000; font-size: 12pt;\">Es Noticia Hoy, 2021<\/span><\/p>\n<\/td>\n<td width=\"341\">\n<p style=\"text-align: center;\"><span style=\"font-size: 12pt;\"><a href=\"http:\/\/esnoticiahoy.com\/2021\/09\/23\/sonora-tambien-aprueba-el-matrimonio-igualitario-suman-24-estados\/\">http:\/\/esnoticiahoy.com\/2021\/09\/23\/sonora-tambien-aprueba-el-matrimonio-igualitario-suman-24-estados\/<\/a><\/span><\/p>\n<\/td>\n<\/tr>\n<tr>\n<td width=\"182\">\n<p style=\"text-align: center;\"><span style=\"color: #000000; font-size: 12pt;\">El Sol de Hermosillo, 2021<\/span><\/p>\n<p style=\"text-align: center;\"><span style=\"color: #000000; font-size: 12pt;\">Pie de foto: Alfonso Durazno asegur\u00f3 que los derechos humanos ser\u00e1n primordiales para la toma de decisiones<\/span><\/p>\n<\/td>\n<td width=\"341\">\n<p style=\"text-align: center;\"><span style=\"font-size: 12pt;\"><a href=\"https:\/\/www.elsoldehermosillo.com.mx\/local\/alfonso-durazo-celebra-aprobacion-de-matrimonio-igualitario-en-sonora-7250538.html\">https:\/\/www.elsoldehermosillo.com.mx\/local\/alfonso-durazo-celebra-aprobacion-de-matrimonio-igualitario-en-sonora-7250538.html<\/a><\/span><\/p>\n<\/td>\n<\/tr>\n<tr>\n<td rowspan=\"2\" width=\"100\">\n<p style=\"text-align: center;\"><span style=\"font-size: 12pt;\"><strong>Prohibici\u00f3n de terapias de conversi\u00f3n 2022<\/strong><\/span><\/p>\n<\/td>\n<td width=\"182\">\n<p style=\"text-align: center;\"><span style=\"color: #000000; font-size: 12pt;\">Vanguardia, 2022<\/span><\/p>\n<\/td>\n<td width=\"341\">\n<p style=\"text-align: center;\"><span style=\"font-size: 12pt;\">https:\/\/vanguardia.com.mx\/noticias\/congreso-de-sonora-prohibe-terapias-de-conversion-JD5555218<\/span><\/p>\n<\/td>\n<\/tr>\n<tr>\n<td width=\"182\">\n<p style=\"text-align: center;\"><span style=\"color: #000000; font-size: 12pt;\">Latinus, 2022<\/span><\/p>\n<\/td>\n<td width=\"341\">https:\/\/latinus.us\/2022\/12\/06\/congreso-sonora-prohibe-aprueba-sanciones-hasta-seis-anios-prision-terapias-conversion\/<\/td>\n<\/tr>\n<\/tbody>\n<\/table>","protected":false},"excerpt":{"rendered":"<p>Sonora Derecho Fuente Direcci\u00f3n online Identidad de g\u00e9nero 2020 El Sonora Noticias, 2020 https:\/\/elsonora.com\/2021\/02\/05\/entra-en-vigencia-ley-de-identidad-de-genero-de-sonora\/ Diario del Yaqui, 2020 https:\/\/diariodelyaqui.mx\/sonora\/insiste-sonora-trans-en-aprobar-ley-de-identidad-de-genero\/3124 @LgbtttiqSonora en Forbes, 2020 https:\/\/www.forbes.com.mx\/noticias-sonora-cambio-identidad-transgenero-sanciones-packs\/ Matrimonio igualitario 2021 Cecilia Saijas en El Sol de Hermosillo, 2021 Pie de foto: Sonora se convierte en el estado n\u00famero 24 en aprobar el matrimonio del mismo sexo https:\/\/www.elsoldehermosillo.com.mx\/local\/sonora-dice-si-al-matrimonio-igualitario-diputados-aprueban-en-congreso-7249822.html Es&hellip;<\/p>","protected":false},"author":1,"featured_media":0,"parent":0,"menu_order":0,"comment_status":"closed","ping_status":"closed","template":"","meta":[],"class_list":["post-2007","page","type-page","status-publish","hentry","description-off"],"yoast_head":"<!-- This site is optimized with the Yoast SEO plugin v26.9 - https:\/\/yoast.com\/product\/yoast-seo-wordpress\/ -->\n<title>Fuentes Sonora - BETWEEN LGBT*<\/title>\n<meta name=\"robots\" content=\"index, follow, max-snippet:-1, max-image-preview:large, max-video-preview:-1\" \/>\n<link rel=\"canonical\" href=\"https:\/\/www.betweenlgbt.com.mx\/en\/sonora\/\" \/>\n<meta property=\"og:locale\" content=\"en_GB\" \/>\n<meta property=\"og:type\" content=\"article\" \/>\n<meta property=\"og:title\" content=\"Fuentes Sonora - BETWEEN LGBT*\" \/>\n<meta property=\"og:description\" content=\"Sonora Derecho Fuente Direcci\u00f3n online Identidad de g\u00e9nero 2020 El Sonora Noticias, 2020 https:\/\/elsonora.com\/2021\/02\/05\/entra-en-vigencia-ley-de-identidad-de-genero-de-sonora\/ Diario del Yaqui, 2020 https:\/\/diariodelyaqui.mx\/sonora\/insiste-sonora-trans-en-aprobar-ley-de-identidad-de-genero\/3124 @LgbtttiqSonora en Forbes, 2020 https:\/\/www.forbes.com.mx\/noticias-sonora-cambio-identidad-transgenero-sanciones-packs\/ Matrimonio igualitario 2021 Cecilia Saijas en El Sol de Hermosillo, 2021 Pie de foto: Sonora se convierte en el estado n\u00famero 24 en aprobar el matrimonio del mismo sexo https:\/\/www.elsoldehermosillo.com.mx\/local\/sonora-dice-si-al-matrimonio-igualitario-diputados-aprueban-en-congreso-7249822.html Es&hellip;\" \/>\n<meta property=\"og:url\" content=\"https:\/\/www.betweenlgbt.com.mx\/en\/sonora\/\" \/>\n<meta property=\"og:site_name\" content=\"BETWEEN LGBT*\" \/>\n<meta property=\"article:modified_time\" content=\"2022-12-19T06:27:46+00:00\" \/>\n<meta name=\"twitter:card\" content=\"summary_large_image\" \/>\n<meta name=\"twitter:label1\" content=\"Estimated reading time\" \/>\n\t<meta name=\"twitter:data1\" content=\"1 minute\" \/>\n<script type=\"application\/ld+json\" class=\"yoast-schema-graph\">{\"@context\":\"https:\/\/schema.org\",\"@graph\":[{\"@type\":\"WebPage\",\"@id\":\"https:\/\/www.betweenlgbt.com.mx\/sonora\/\",\"url\":\"https:\/\/www.betweenlgbt.com.mx\/sonora\/\",\"name\":\"Fuentes Sonora - BETWEEN LGBT*\",\"isPartOf\":{\"@id\":\"https:\/\/www.betweenlgbt.com.mx\/#website\"},\"datePublished\":\"2022-02-25T00:57:39+00:00\",\"dateModified\":\"2022-12-19T06:27:46+00:00\",\"breadcrumb\":{\"@id\":\"https:\/\/www.betweenlgbt.com.mx\/sonora\/#breadcrumb\"},\"inLanguage\":\"en-GB\",\"potentialAction\":[{\"@type\":\"ReadAction\",\"target\":[\"https:\/\/www.betweenlgbt.com.mx\/sonora\/\"]}]},{\"@type\":\"BreadcrumbList\",\"@id\":\"https:\/\/www.betweenlgbt.com.mx\/sonora\/#breadcrumb\",\"itemListElement\":[{\"@type\":\"ListItem\",\"position\":1,\"name\":\"Portada\",\"item\":\"https:\/\/www.betweenlgbt.com.mx\/\"},{\"@type\":\"ListItem\",\"position\":2,\"name\":\"Fuentes Sonora\"}]},{\"@type\":\"WebSite\",\"@id\":\"https:\/\/www.betweenlgbt.com.mx\/#website\",\"url\":\"https:\/\/www.betweenlgbt.com.mx\/\",\"name\":\"BETWEEN LGBT*\",\"description\":\"BETWEEN LGBT* es una plataforma para consulta de derechos humanos de la poblaci\u00f3n LGBT en M\u00e9xico y Am\u00e9rica Latina\",\"publisher\":{\"@id\":\"https:\/\/www.betweenlgbt.com.mx\/#organization\"},\"potentialAction\":[{\"@type\":\"SearchAction\",\"target\":{\"@type\":\"EntryPoint\",\"urlTemplate\":\"https:\/\/www.betweenlgbt.com.mx\/?s={search_term_string}\"},\"query-input\":{\"@type\":\"PropertyValueSpecification\",\"valueRequired\":true,\"valueName\":\"search_term_string\"}}],\"inLanguage\":\"en-GB\"},{\"@type\":\"Organization\",\"@id\":\"https:\/\/www.betweenlgbt.com.mx\/#organization\",\"name\":\"BETWEEN LGBT*\",\"url\":\"https:\/\/www.betweenlgbt.com.mx\/\",\"logo\":{\"@type\":\"ImageObject\",\"inLanguage\":\"en-GB\",\"@id\":\"https:\/\/www.betweenlgbt.com.mx\/#\/schema\/logo\/image\/\",\"url\":\"https:\/\/www.betweenlgbt.com.mx\/wp-content\/uploads\/2021\/12\/Captura-de-Pantalla-2021-12-20-a-las-14.19.48.png\",\"contentUrl\":\"https:\/\/www.betweenlgbt.com.mx\/wp-content\/uploads\/2021\/12\/Captura-de-Pantalla-2021-12-20-a-las-14.19.48.png\",\"width\":464,\"height\":332,\"caption\":\"BETWEEN LGBT*\"},\"image\":{\"@id\":\"https:\/\/www.betweenlgbt.com.mx\/#\/schema\/logo\/image\/\"}}]}<\/script>\n<!-- \/ Yoast SEO plugin. -->","yoast_head_json":{"title":"Fuentes Sonora - BETWEEN LGBT*","robots":{"index":"index","follow":"follow","max-snippet":"max-snippet:-1","max-image-preview":"max-image-preview:large","max-video-preview":"max-video-preview:-1"},"canonical":"https:\/\/www.betweenlgbt.com.mx\/en\/sonora\/","og_locale":"en_GB","og_type":"article","og_title":"Fuentes Sonora - BETWEEN LGBT*","og_description":"Sonora Derecho Fuente Direcci\u00f3n online Identidad de g\u00e9nero 2020 El Sonora Noticias, 2020 https:\/\/elsonora.com\/2021\/02\/05\/entra-en-vigencia-ley-de-identidad-de-genero-de-sonora\/ Diario del Yaqui, 2020 https:\/\/diariodelyaqui.mx\/sonora\/insiste-sonora-trans-en-aprobar-ley-de-identidad-de-genero\/3124 @LgbtttiqSonora en Forbes, 2020 https:\/\/www.forbes.com.mx\/noticias-sonora-cambio-identidad-transgenero-sanciones-packs\/ Matrimonio igualitario 2021 Cecilia Saijas en El Sol de Hermosillo, 2021 Pie de foto: Sonora se convierte en el estado n\u00famero 24 en aprobar el matrimonio del mismo sexo https:\/\/www.elsoldehermosillo.com.mx\/local\/sonora-dice-si-al-matrimonio-igualitario-diputados-aprueban-en-congreso-7249822.html Es&hellip;","og_url":"https:\/\/www.betweenlgbt.com.mx\/en\/sonora\/","og_site_name":"BETWEEN LGBT*","article_modified_time":"2022-12-19T06:27:46+00:00","twitter_card":"summary_large_image","twitter_misc":{"Estimated reading time":"1 minute"},"schema":{"@context":"https:\/\/schema.org","@graph":[{"@type":"WebPage","@id":"https:\/\/www.betweenlgbt.com.mx\/sonora\/","url":"https:\/\/www.betweenlgbt.com.mx\/sonora\/","name":"Fuentes Sonora - BETWEEN LGBT*","isPartOf":{"@id":"https:\/\/www.betweenlgbt.com.mx\/#website"},"datePublished":"2022-02-25T00:57:39+00:00","dateModified":"2022-12-19T06:27:46+00:00","breadcrumb":{"@id":"https:\/\/www.betweenlgbt.com.mx\/sonora\/#breadcrumb"},"inLanguage":"en-GB","potentialAction":[{"@type":"ReadAction","target":["https:\/\/www.betweenlgbt.com.mx\/sonora\/"]}]},{"@type":"BreadcrumbList","@id":"https:\/\/www.betweenlgbt.com.mx\/sonora\/#breadcrumb","itemListElement":[{"@type":"ListItem","position":1,"name":"Portada","item":"https:\/\/www.betweenlgbt.com.mx\/"},{"@type":"ListItem","position":2,"name":"Fuentes Sonora"}]},{"@type":"WebSite","@id":"https:\/\/www.betweenlgbt.com.mx\/#website","url":"https:\/\/www.betweenlgbt.com.mx\/","name":"BETWEEN LGBT*","description":"BETWEEN LGBT* es una plataforma para consulta de derechos humanos de la poblaci\u00f3n LGBT en M\u00e9xico y Am\u00e9rica Latina","publisher":{"@id":"https:\/\/www.betweenlgbt.com.mx\/#organization"},"potentialAction":[{"@type":"SearchAction","target":{"@type":"EntryPoint","urlTemplate":"https:\/\/www.betweenlgbt.com.mx\/?s={search_term_string}"},"query-input":{"@type":"PropertyValueSpecification","valueRequired":true,"valueName":"search_term_string"}}],"inLanguage":"en-GB"},{"@type":"Organization","@id":"https:\/\/www.betweenlgbt.com.mx\/#organization","name":"BETWEEN LGBT*","url":"https:\/\/www.betweenlgbt.com.mx\/","logo":{"@type":"ImageObject","inLanguage":"en-GB","@id":"https:\/\/www.betweenlgbt.com.mx\/#\/schema\/logo\/image\/","url":"https:\/\/www.betweenlgbt.com.mx\/wp-content\/uploads\/2021\/12\/Captura-de-Pantalla-2021-12-20-a-las-14.19.48.png","contentUrl":"https:\/\/www.betweenlgbt.com.mx\/wp-content\/uploads\/2021\/12\/Captura-de-Pantalla-2021-12-20-a-las-14.19.48.png","width":464,"height":332,"caption":"BETWEEN LGBT*"},"image":{"@id":"https:\/\/www.betweenlgbt.com.mx\/#\/schema\/logo\/image\/"}}]}},"_links":{"self":[{"href":"https:\/\/www.betweenlgbt.com.mx\/en\/wp-json\/wp\/v2\/pages\/2007","targetHints":{"allow":["GET"]}}],"collection":[{"href":"https:\/\/www.betweenlgbt.com.mx\/en\/wp-json\/wp\/v2\/pages"}],"about":[{"href":"https:\/\/www.betweenlgbt.com.mx\/en\/wp-json\/wp\/v2\/types\/page"}],"author":[{"embeddable":true,"href":"https:\/\/www.betweenlgbt.com.mx\/en\/wp-json\/wp\/v2\/users\/1"}],"replies":[{"embeddable":true,"href":"https:\/\/www.betweenlgbt.com.mx\/en\/wp-json\/wp\/v2\/comments?post=2007"}],"version-history":[{"count":0,"href":"https:\/\/www.betweenlgbt.com.mx\/en\/wp-json\/wp\/v2\/pages\/2007\/revisions"}],"wp:attachment":[{"href":"https:\/\/www.betweenlgbt.com.mx\/en\/wp-json\/wp\/v2\/media?parent=2007"}],"curies":[{"name":"wp","href":"https:\/\/api.w.org\/{rel}","templated":true}]}}