{"id":1993,"date":"2022-02-25T00:41:37","date_gmt":"2022-02-25T00:41:37","guid":{"rendered":"https:\/\/www.betweenlgbt.com.mx\/?page_id=1993"},"modified":"2022-02-25T01:44:42","modified_gmt":"2022-02-25T01:44:42","slug":"puebla","status":"publish","type":"page","link":"https:\/\/www.betweenlgbt.com.mx\/en\/puebla\/","title":{"rendered":"Fuentes Puebla"},"content":{"rendered":"<p><strong><span style=\"font-size: 14pt; color: #000000;\">Puebla<\/span><\/strong><\/p>\n<table cellspacing=\"0\" cellpadding=\"0\">\n<tbody>\n<tr>\n<td valign=\"top\"><strong><span style=\"color: #000000; font-family: Futura; font-size: medium;\">Right:<\/span><\/strong><\/td>\n<td valign=\"top\"><strong><span style=\"color: #000000; font-family: Futura; font-size: medium;\">Fuente<\/span><\/strong><\/td>\n<td valign=\"top\"><strong><span style=\"color: #000000; font-family: Futura; font-size: medium;\">Direcci\u00f3n online<\/span><\/strong><\/td>\n<\/tr>\n<tr>\n<td rowspan=\"3\" valign=\"top\"><strong><span style=\"color: #000000; font-family: Futura; font-size: medium;\">Matrimonio igualitario<\/span><\/strong><\/p>\n<p><strong><span style=\"color: #000000; font-family: Futura; font-size: medium;\">2020<\/span><\/strong><\/td>\n<td valign=\"top\"><span style=\"color: #000000; font-family: Futura; font-size: medium;\">Erick Almanza en El Financiero, 2020<\/span><\/td>\n<td valign=\"top\"><span style=\"color: #0b4cb4; font-family: Futura; font-size: medium;\"><a href=\"https:\/\/www.elfinanciero.com.mx\/puebla\/congreso-de-puebla-aprueba-el-matrimonio-igualitario\/\"><u>https:\/\/www.elfinanciero.com.mx\/puebla\/congreso-de-puebla-aprueba-el-matrimonio-igualitario\/<\/u><\/a><\/span><span style=\"color: #000000; font-family: Futura; font-size: medium;\"><span class=\"Apple-converted-space\">\u00a0<\/span><\/span><\/td>\n<\/tr>\n<tr>\n<td valign=\"top\"><span style=\"color: #000000; font-family: Futura; font-size: medium;\">Agencia Enfoque en Tribuna Noticias,2020<\/span><\/td>\n<td valign=\"top\"><span style=\"color: #0b4cb4; font-family: Futura; font-size: medium;\"><a href=\"https:\/\/tribunanoticias.mx\/queda-aprobado-el-matrimonio-igualitario-en-puebla\/\"><u>https:\/\/tribunanoticias.mx\/queda-aprobado-el-matrimonio-igualitario-en-puebla\/<\/u><\/a><\/span><span style=\"color: #000000; font-family: Futura; font-size: medium;\"><span class=\"Apple-converted-space\">\u00a0<\/span><\/span><\/td>\n<\/tr>\n<tr>\n<td valign=\"top\"><span style=\"color: #000000; font-family: Futura; font-size: medium;\">Noticieros Televisa, 2020<\/span><\/td>\n<td valign=\"top\"><span style=\"color: #0b4cb4; font-family: Futura; font-size: medium;\"><a href=\"https:\/\/noticieros.televisa.com\/ultimas-noticias\/matrimonio-igualitario-avalado-congreso-de-puebla\/\"><u>https:\/\/noticieros.televisa.com\/ultimas-noticias\/matrimonio-igualitario-avalado-congreso-de-puebla\/<\/u><\/a><\/span><span style=\"color: #000000; font-family: Futura; font-size: medium;\"><span class=\"Apple-converted-space\">\u00a0<\/span><\/span><\/td>\n<\/tr>\n<tr>\n<td rowspan=\"3\" valign=\"top\"><strong><span style=\"color: #000000; font-family: Futura; font-size: medium;\">Identidad de g\u00e9nero<span class=\"Apple-converted-space\">\u00a0<\/span><\/span><\/strong><\/p>\n<p><strong><span style=\"color: #000000; font-family: Futura; font-size: medium;\">2021<\/span><\/strong><\/td>\n<td valign=\"top\"><span style=\"color: #000000; font-family: Futura; font-size: medium;\">Iv\u00e1n Venegas en El Sol de M\u00e9xico, 2021<\/span><\/td>\n<td valign=\"top\"><span style=\"color: #0b4cb4; font-family: Futura; font-size: medium;\"><a href=\"https:\/\/www.elsoldemexico.com.mx\/republica\/sociedad\/puebla-aprueba-ley-agnes-que-reconoce-la-identidad-de-genero-6409268.html\"><u>https:\/\/www.elsoldemexico.com.mx\/republica\/sociedad\/puebla-aprueba-ley-agnes-que-reconoce-la-identidad-de-genero-6409268.html<\/u><\/a><\/span><span style=\"color: #000000; font-family: Futura; font-size: medium;\"><span class=\"Apple-converted-space\">\u00a0<\/span><\/span><\/td>\n<\/tr>\n<tr>\n<td valign=\"top\"><span style=\"color: #000000; font-family: Futura; font-size: medium;\">Infoquorum, 2021<\/span><\/td>\n<td valign=\"top\"><span style=\"color: #0b4cb4; font-family: Futura; font-size: medium;\"><a href=\"https:\/\/infoquorum.com\/notas\/2021\/02\/25\/Sociedad\/Ley_Agnes_aprobada%3B_el_activismo_hizo_historia_y_dobleg%25C3%25B3_al_Congreso\"><u>https:\/\/infoquorum.com\/notas\/2021\/02\/25\/Sociedad\/Ley_Agnes_aprobada;_el_activismo_hizo_historia_y_dobleg%C3%B3_al_Congreso<\/u><\/a><\/span><span style=\"color: #000000; font-family: Futura; font-size: medium;\"><span class=\"Apple-converted-space\">\u00a0<\/span><\/span><\/td>\n<\/tr>\n<tr>\n<td valign=\"top\"><span style=\"color: #000000; font-family: Futura; font-size: medium;\">Agencia Presentes, 2021<\/span><\/td>\n<td valign=\"top\"><span style=\"color: #0b4cb4; font-family: Futura; font-size: medium;\"><a href=\"https:\/\/agenciapresentes.org\/2021\/02\/16\/el-estado-de-puebla-niega-por-cuarta-vez-una-ley-de-identidad-de-genero\/\"><u>https:\/\/agenciapresentes.org\/2021\/02\/16\/el-estado-de-puebla-niega-por-cuarta-vez-una-ley-de-identidad-de-genero\/<\/u><\/a><\/span><span style=\"color: #000000; font-family: Futura; font-size: medium;\"><span class=\"Apple-converted-space\">\u00a0<\/span><\/span><\/td>\n<\/tr>\n<\/tbody>\n<\/table>","protected":false},"excerpt":{"rendered":"<p>Puebla Derecho Fuente Direcci\u00f3n online Matrimonio igualitario 2020 Erick Almanza en El Financiero, 2020 https:\/\/www.elfinanciero.com.mx\/puebla\/congreso-de-puebla-aprueba-el-matrimonio-igualitario\/\u00a0 Agencia Enfoque en Tribuna Noticias,2020 https:\/\/tribunanoticias.mx\/queda-aprobado-el-matrimonio-igualitario-en-puebla\/\u00a0 Noticieros Televisa, 2020 https:\/\/noticieros.televisa.com\/ultimas-noticias\/matrimonio-igualitario-avalado-congreso-de-puebla\/\u00a0 Identidad de g\u00e9nero\u00a0 2021 Iv\u00e1n Venegas en El Sol de M\u00e9xico, 2021 https:\/\/www.elsoldemexico.com.mx\/republica\/sociedad\/puebla-aprueba-ley-agnes-que-reconoce-la-identidad-de-genero-6409268.html\u00a0 Infoquorum, 2021 https:\/\/infoquorum.com\/notas\/2021\/02\/25\/Sociedad\/Ley_Agnes_aprobada;_el_activismo_hizo_historia_y_dobleg%C3%B3_al_Congreso\u00a0 Agencia Presentes, 2021 https:\/\/agenciapresentes.org\/2021\/02\/16\/el-estado-de-puebla-niega-por-cuarta-vez-una-ley-de-identidad-de-genero\/\u00a0<\/p>","protected":false},"author":1,"featured_media":0,"parent":0,"menu_order":0,"comment_status":"closed","ping_status":"closed","template":"","meta":[],"class_list":["post-1993","page","type-page","status-publish","hentry","description-off"],"yoast_head":"<!-- This site is optimized with the Yoast SEO plugin v26.9 - https:\/\/yoast.com\/product\/yoast-seo-wordpress\/ -->\n<title>Fuentes Puebla - BETWEEN LGBT*<\/title>\n<meta name=\"robots\" content=\"index, follow, max-snippet:-1, max-image-preview:large, max-video-preview:-1\" \/>\n<link rel=\"canonical\" href=\"https:\/\/www.betweenlgbt.com.mx\/en\/puebla\/\" \/>\n<meta property=\"og:locale\" content=\"en_GB\" \/>\n<meta property=\"og:type\" content=\"article\" \/>\n<meta property=\"og:title\" content=\"Fuentes Puebla - BETWEEN LGBT*\" \/>\n<meta property=\"og:description\" content=\"Puebla Derecho Fuente Direcci\u00f3n online Matrimonio igualitario 2020 Erick Almanza en El Financiero, 2020 https:\/\/www.elfinanciero.com.mx\/puebla\/congreso-de-puebla-aprueba-el-matrimonio-igualitario\/\u00a0 Agencia Enfoque en Tribuna Noticias,2020 https:\/\/tribunanoticias.mx\/queda-aprobado-el-matrimonio-igualitario-en-puebla\/\u00a0 Noticieros Televisa, 2020 https:\/\/noticieros.televisa.com\/ultimas-noticias\/matrimonio-igualitario-avalado-congreso-de-puebla\/\u00a0 Identidad de g\u00e9nero\u00a0 2021 Iv\u00e1n Venegas en El Sol de M\u00e9xico, 2021 https:\/\/www.elsoldemexico.com.mx\/republica\/sociedad\/puebla-aprueba-ley-agnes-que-reconoce-la-identidad-de-genero-6409268.html\u00a0 Infoquorum, 2021 https:\/\/infoquorum.com\/notas\/2021\/02\/25\/Sociedad\/Ley_Agnes_aprobada;_el_activismo_hizo_historia_y_dobleg%C3%B3_al_Congreso\u00a0 Agencia Presentes, 2021 https:\/\/agenciapresentes.org\/2021\/02\/16\/el-estado-de-puebla-niega-por-cuarta-vez-una-ley-de-identidad-de-genero\/\u00a0\" \/>\n<meta property=\"og:url\" content=\"https:\/\/www.betweenlgbt.com.mx\/en\/puebla\/\" \/>\n<meta property=\"og:site_name\" content=\"BETWEEN LGBT*\" \/>\n<meta property=\"article:modified_time\" content=\"2022-02-25T01:44:42+00:00\" \/>\n<meta name=\"twitter:card\" content=\"summary_large_image\" \/>\n<script type=\"application\/ld+json\" class=\"yoast-schema-graph\">{\"@context\":\"https:\/\/schema.org\",\"@graph\":[{\"@type\":\"WebPage\",\"@id\":\"https:\/\/www.betweenlgbt.com.mx\/puebla\/\",\"url\":\"https:\/\/www.betweenlgbt.com.mx\/puebla\/\",\"name\":\"Fuentes Puebla - BETWEEN LGBT*\",\"isPartOf\":{\"@id\":\"https:\/\/www.betweenlgbt.com.mx\/#website\"},\"datePublished\":\"2022-02-25T00:41:37+00:00\",\"dateModified\":\"2022-02-25T01:44:42+00:00\",\"breadcrumb\":{\"@id\":\"https:\/\/www.betweenlgbt.com.mx\/puebla\/#breadcrumb\"},\"inLanguage\":\"en-GB\",\"potentialAction\":[{\"@type\":\"ReadAction\",\"target\":[\"https:\/\/www.betweenlgbt.com.mx\/puebla\/\"]}]},{\"@type\":\"BreadcrumbList\",\"@id\":\"https:\/\/www.betweenlgbt.com.mx\/puebla\/#breadcrumb\",\"itemListElement\":[{\"@type\":\"ListItem\",\"position\":1,\"name\":\"Portada\",\"item\":\"https:\/\/www.betweenlgbt.com.mx\/\"},{\"@type\":\"ListItem\",\"position\":2,\"name\":\"Fuentes Puebla\"}]},{\"@type\":\"WebSite\",\"@id\":\"https:\/\/www.betweenlgbt.com.mx\/#website\",\"url\":\"https:\/\/www.betweenlgbt.com.mx\/\",\"name\":\"BETWEEN LGBT*\",\"description\":\"BETWEEN LGBT* es una plataforma para consulta de derechos humanos de la poblaci\u00f3n LGBT en M\u00e9xico y Am\u00e9rica Latina\",\"publisher\":{\"@id\":\"https:\/\/www.betweenlgbt.com.mx\/#organization\"},\"potentialAction\":[{\"@type\":\"SearchAction\",\"target\":{\"@type\":\"EntryPoint\",\"urlTemplate\":\"https:\/\/www.betweenlgbt.com.mx\/?s={search_term_string}\"},\"query-input\":{\"@type\":\"PropertyValueSpecification\",\"valueRequired\":true,\"valueName\":\"search_term_string\"}}],\"inLanguage\":\"en-GB\"},{\"@type\":\"Organization\",\"@id\":\"https:\/\/www.betweenlgbt.com.mx\/#organization\",\"name\":\"BETWEEN LGBT*\",\"url\":\"https:\/\/www.betweenlgbt.com.mx\/\",\"logo\":{\"@type\":\"ImageObject\",\"inLanguage\":\"en-GB\",\"@id\":\"https:\/\/www.betweenlgbt.com.mx\/#\/schema\/logo\/image\/\",\"url\":\"https:\/\/www.betweenlgbt.com.mx\/wp-content\/uploads\/2021\/12\/Captura-de-Pantalla-2021-12-20-a-las-14.19.48.png\",\"contentUrl\":\"https:\/\/www.betweenlgbt.com.mx\/wp-content\/uploads\/2021\/12\/Captura-de-Pantalla-2021-12-20-a-las-14.19.48.png\",\"width\":464,\"height\":332,\"caption\":\"BETWEEN LGBT*\"},\"image\":{\"@id\":\"https:\/\/www.betweenlgbt.com.mx\/#\/schema\/logo\/image\/\"}}]}<\/script>\n<!-- \/ Yoast SEO plugin. -->","yoast_head_json":{"title":"Fuentes Puebla - BETWEEN LGBT*","robots":{"index":"index","follow":"follow","max-snippet":"max-snippet:-1","max-image-preview":"max-image-preview:large","max-video-preview":"max-video-preview:-1"},"canonical":"https:\/\/www.betweenlgbt.com.mx\/en\/puebla\/","og_locale":"en_GB","og_type":"article","og_title":"Fuentes Puebla - BETWEEN LGBT*","og_description":"Puebla Derecho Fuente Direcci\u00f3n online Matrimonio igualitario 2020 Erick Almanza en El Financiero, 2020 https:\/\/www.elfinanciero.com.mx\/puebla\/congreso-de-puebla-aprueba-el-matrimonio-igualitario\/\u00a0 Agencia Enfoque en Tribuna Noticias,2020 https:\/\/tribunanoticias.mx\/queda-aprobado-el-matrimonio-igualitario-en-puebla\/\u00a0 Noticieros Televisa, 2020 https:\/\/noticieros.televisa.com\/ultimas-noticias\/matrimonio-igualitario-avalado-congreso-de-puebla\/\u00a0 Identidad de g\u00e9nero\u00a0 2021 Iv\u00e1n Venegas en El Sol de M\u00e9xico, 2021 https:\/\/www.elsoldemexico.com.mx\/republica\/sociedad\/puebla-aprueba-ley-agnes-que-reconoce-la-identidad-de-genero-6409268.html\u00a0 Infoquorum, 2021 https:\/\/infoquorum.com\/notas\/2021\/02\/25\/Sociedad\/Ley_Agnes_aprobada;_el_activismo_hizo_historia_y_dobleg%C3%B3_al_Congreso\u00a0 Agencia Presentes, 2021 https:\/\/agenciapresentes.org\/2021\/02\/16\/el-estado-de-puebla-niega-por-cuarta-vez-una-ley-de-identidad-de-genero\/\u00a0","og_url":"https:\/\/www.betweenlgbt.com.mx\/en\/puebla\/","og_site_name":"BETWEEN LGBT*","article_modified_time":"2022-02-25T01:44:42+00:00","twitter_card":"summary_large_image","schema":{"@context":"https:\/\/schema.org","@graph":[{"@type":"WebPage","@id":"https:\/\/www.betweenlgbt.com.mx\/puebla\/","url":"https:\/\/www.betweenlgbt.com.mx\/puebla\/","name":"Fuentes Puebla - BETWEEN LGBT*","isPartOf":{"@id":"https:\/\/www.betweenlgbt.com.mx\/#website"},"datePublished":"2022-02-25T00:41:37+00:00","dateModified":"2022-02-25T01:44:42+00:00","breadcrumb":{"@id":"https:\/\/www.betweenlgbt.com.mx\/puebla\/#breadcrumb"},"inLanguage":"en-GB","potentialAction":[{"@type":"ReadAction","target":["https:\/\/www.betweenlgbt.com.mx\/puebla\/"]}]},{"@type":"BreadcrumbList","@id":"https:\/\/www.betweenlgbt.com.mx\/puebla\/#breadcrumb","itemListElement":[{"@type":"ListItem","position":1,"name":"Portada","item":"https:\/\/www.betweenlgbt.com.mx\/"},{"@type":"ListItem","position":2,"name":"Fuentes Puebla"}]},{"@type":"WebSite","@id":"https:\/\/www.betweenlgbt.com.mx\/#website","url":"https:\/\/www.betweenlgbt.com.mx\/","name":"BETWEEN LGBT*","description":"BETWEEN LGBT* es una plataforma para consulta de derechos humanos de la poblaci\u00f3n LGBT en M\u00e9xico y Am\u00e9rica Latina","publisher":{"@id":"https:\/\/www.betweenlgbt.com.mx\/#organization"},"potentialAction":[{"@type":"SearchAction","target":{"@type":"EntryPoint","urlTemplate":"https:\/\/www.betweenlgbt.com.mx\/?s={search_term_string}"},"query-input":{"@type":"PropertyValueSpecification","valueRequired":true,"valueName":"search_term_string"}}],"inLanguage":"en-GB"},{"@type":"Organization","@id":"https:\/\/www.betweenlgbt.com.mx\/#organization","name":"BETWEEN LGBT*","url":"https:\/\/www.betweenlgbt.com.mx\/","logo":{"@type":"ImageObject","inLanguage":"en-GB","@id":"https:\/\/www.betweenlgbt.com.mx\/#\/schema\/logo\/image\/","url":"https:\/\/www.betweenlgbt.com.mx\/wp-content\/uploads\/2021\/12\/Captura-de-Pantalla-2021-12-20-a-las-14.19.48.png","contentUrl":"https:\/\/www.betweenlgbt.com.mx\/wp-content\/uploads\/2021\/12\/Captura-de-Pantalla-2021-12-20-a-las-14.19.48.png","width":464,"height":332,"caption":"BETWEEN LGBT*"},"image":{"@id":"https:\/\/www.betweenlgbt.com.mx\/#\/schema\/logo\/image\/"}}]}},"_links":{"self":[{"href":"https:\/\/www.betweenlgbt.com.mx\/en\/wp-json\/wp\/v2\/pages\/1993","targetHints":{"allow":["GET"]}}],"collection":[{"href":"https:\/\/www.betweenlgbt.com.mx\/en\/wp-json\/wp\/v2\/pages"}],"about":[{"href":"https:\/\/www.betweenlgbt.com.mx\/en\/wp-json\/wp\/v2\/types\/page"}],"author":[{"embeddable":true,"href":"https:\/\/www.betweenlgbt.com.mx\/en\/wp-json\/wp\/v2\/users\/1"}],"replies":[{"embeddable":true,"href":"https:\/\/www.betweenlgbt.com.mx\/en\/wp-json\/wp\/v2\/comments?post=1993"}],"version-history":[{"count":0,"href":"https:\/\/www.betweenlgbt.com.mx\/en\/wp-json\/wp\/v2\/pages\/1993\/revisions"}],"wp:attachment":[{"href":"https:\/\/www.betweenlgbt.com.mx\/en\/wp-json\/wp\/v2\/media?parent=1993"}],"curies":[{"name":"wp","href":"https:\/\/api.w.org\/{rel}","templated":true}]}}