{"id":1990,"date":"2022-02-25T00:39:48","date_gmt":"2022-02-25T00:39:48","guid":{"rendered":"https:\/\/www.betweenlgbt.com.mx\/?page_id=1990"},"modified":"2022-02-25T01:45:08","modified_gmt":"2022-02-25T01:45:08","slug":"oaxaca","status":"publish","type":"page","link":"https:\/\/www.betweenlgbt.com.mx\/en\/oaxaca\/","title":{"rendered":"Fuentes Oaxaca"},"content":{"rendered":"<p><span style=\"color: #000000;\"><strong><span style=\"font-size: 14pt;\">Oaxaca<\/span><\/strong><\/span><\/p>\n<table cellspacing=\"0\" cellpadding=\"0\">\n<tbody>\n<tr>\n<td valign=\"top\"><strong><span style=\"color: #000000; font-family: Futura; font-size: medium;\">Right:<\/span><\/strong><\/td>\n<td valign=\"top\"><strong><span style=\"color: #000000; font-family: Futura; font-size: medium;\">Fuente<\/span><\/strong><\/td>\n<td valign=\"top\"><strong><span style=\"color: #000000; font-family: Futura; font-size: medium;\">Direcci\u00f3n online<\/span><\/strong><\/td>\n<\/tr>\n<tr>\n<td rowspan=\"2\" valign=\"top\"><strong><span style=\"color: #000000; font-family: Futura; font-size: medium;\">Matrimonio igualitario<\/span><\/strong><\/p>\n<p><strong><span style=\"color: #000000; font-family: Futura; font-size: medium;\">2019<\/span><\/strong><\/td>\n<td valign=\"top\"><span style=\"color: #000000; font-family: Futura; font-size: medium;\">Victor Castillo Stgo en El Sol de M\u00e9xico<\/span><\/td>\n<td valign=\"top\"><span style=\"color: #0b4cb4; font-family: Futura; font-size: medium;\"><a href=\"https:\/\/www.elsoldemexico.com.mx\/republica\/politica\/oaxaca-aprueba-el-matrimonio-igualitario-bodas-gay-derechos-homosexuales-4103367.html\"><u>https:\/\/www.elsoldemexico.com.mx\/republica\/politica\/oaxaca-aprueba-el-matrimonio-igualitario-bodas-gay-derechos-homosexuales-4103367.html<\/u><\/a><\/span><span style=\"color: #000000; font-family: Futura; font-size: medium;\"><span class=\"Apple-converted-space\">\u00a0<\/span><\/span><\/td>\n<\/tr>\n<tr>\n<td valign=\"top\"><span style=\"color: #000000; font-family: Futura; font-size: medium;\">Jorge A. P\u00e9rez Alfonso en La Jornada, 2019<\/span><\/p>\n<p><span style=\"color: #000000; font-family: Futura; font-size: medium;\">Pie de foto: Entre consignas a favor y en contra, los diputados del Congreso de Oaxaca aprobaron ayer la reforma al C\u00f3digo Civil estatal que permite los matrimonios entre personas del mismo sexo.<\/span><\/td>\n<td valign=\"top\"><span style=\"color: #0b4cb4; font-family: Futura; font-size: medium;\"><a href=\"https:\/\/www.jornada.com.mx\/2019\/08\/29\/estados\/027n1est\"><u>https:\/\/www.jornada.com.mx\/2019\/08\/29\/estados\/027n1est<\/u><\/a><\/span><span style=\"color: #000000; font-family: Futura; font-size: medium;\"><span class=\"Apple-converted-space\">\u00a0<\/span><\/span><\/td>\n<\/tr>\n<tr>\n<td rowspan=\"2\" valign=\"top\"><strong><span style=\"color: #000000; font-family: Futura; font-size: medium;\">Identidad de g\u00e9nero<\/span><\/strong><\/p>\n<p><strong><span style=\"color: #000000; font-family: Futura; font-size: medium;\">2019<\/span><\/strong><\/td>\n<td valign=\"top\"><span style=\"color: #000000; font-family: Futura; font-size: medium;\">Al Momento, 2021<\/span><\/td>\n<td valign=\"top\"><span style=\"color: #0b4cb4; font-family: Futura; font-size: medium;\"><a href=\"https:\/\/almomento.mx\/oaxaca-identidad-de-genero\/\"><u>https:\/\/almomento.mx\/oaxaca-identidad-de-genero\/<\/u><\/a><\/span><span style=\"color: #000000; font-family: Futura; font-size: medium;\"><span class=\"Apple-converted-space\">\u00a0<\/span><\/span><\/td>\n<\/tr>\n<tr>\n<td valign=\"top\"><span style=\"color: #000000; font-family: Futura; font-size: medium;\">Quadratin Oaxaca, 2021<\/span><\/td>\n<td valign=\"top\"><span style=\"color: #0b4cb4; font-family: Futura; font-size: medium;\"><a href=\"https:\/\/oaxaca.quadratin.com.mx\/solo-17-personas-han-cambiado-su-identidad-y-genero-en-oaxaca\/\"><u>https:\/\/oaxaca.quadratin.com.mx\/solo-17-personas-han-cambiado-su-identidad-y-genero-en-oaxaca\/<\/u><\/a><\/span><span style=\"color: #000000; font-family: Futura; font-size: medium;\"><span class=\"Apple-converted-space\">\u00a0<\/span><\/span><\/td>\n<\/tr>\n<tr>\n<td rowspan=\"2\" valign=\"top\"><strong><span style=\"color: #000000; font-family: Futura; font-size: medium;\">Tipifica el delito de homicidio por razones de identidad de g\u00e9nero u orientaci\u00f3n sexual<\/span><\/strong><\/p>\n<p><strong><span style=\"color: #000000; font-family: Futura; font-size: medium;\">2021<\/span><\/strong><\/td>\n<td valign=\"top\"><span style=\"color: #000000; font-family: Futura; font-size: medium;\">Aristegui Noticias, 2021<\/span><\/td>\n<td valign=\"top\"><span style=\"color: #0b4cb4; font-family: Futura; font-size: medium;\"><a href=\"https:\/\/aristeguinoticias.com\/2910\/mexico\/oaxaca-hasta-60-anos-de-prision-a-quien-cometa-un-crimen-de-odio-por-transfobia-y-homofobia\/\"><u>https:\/\/aristeguinoticias.com\/2910\/mexico\/oaxaca-hasta-60-anos-de-prision-a-quien-cometa-un-crimen-de-odio-por-transfobia-y-homofobia\/<\/u><\/a><\/span><span style=\"color: #000000; font-family: Futura; font-size: medium;\"><span class=\"Apple-converted-space\">\u00a0<\/span><\/span><\/td>\n<\/tr>\n<tr>\n<td valign=\"top\"><span style=\"color: #000000; font-family: Futura; font-size: medium;\">El Universal en Homosensual, 2021<\/span><\/p>\n<p><span style=\"color: #000000; font-family: Futura; font-size: medium;\">Pie de foto: Por segunda vez en poco m\u00e1s de un mes el Congreso de Oaxaca aprob\u00f3 una reforma a favor de los derechos LGBT+<span class=\"Apple-converted-space\">\u00a0<\/span><\/span><\/td>\n<td valign=\"top\"><span style=\"color: #0b4cb4; font-family: Futura; font-size: medium;\"><a href=\"https:\/\/www.homosensual.com\/lgbt\/oaxaca-tipifican-homicidios-por-orientacion-sexual\/\"><u>https:\/\/www.homosensual.com\/lgbt\/oaxaca-tipifican-homicidios-por-orientacion-sexual\/<\/u><\/a><\/span><span style=\"color: #000000; font-family: Futura; font-size: medium;\"><span class=\"Apple-converted-space\">\u00a0<\/span><\/span><\/td>\n<\/tr>\n<\/tbody>\n<\/table>","protected":false},"excerpt":{"rendered":"<p>Oaxaca Derecho Fuente Direcci\u00f3n online Matrimonio igualitario 2019 Victor Castillo Stgo en El Sol de M\u00e9xico https:\/\/www.elsoldemexico.com.mx\/republica\/politica\/oaxaca-aprueba-el-matrimonio-igualitario-bodas-gay-derechos-homosexuales-4103367.html\u00a0 Jorge A. P\u00e9rez Alfonso en La Jornada, 2019 Pie de foto: Entre consignas a favor y en contra, los diputados del Congreso de Oaxaca aprobaron ayer la reforma al C\u00f3digo Civil estatal que permite los matrimonios entre personas&hellip;<\/p>","protected":false},"author":1,"featured_media":0,"parent":0,"menu_order":0,"comment_status":"closed","ping_status":"closed","template":"","meta":[],"class_list":["post-1990","page","type-page","status-publish","hentry","description-off"],"yoast_head":"<!-- This site is optimized with the Yoast SEO plugin v26.9 - https:\/\/yoast.com\/product\/yoast-seo-wordpress\/ -->\n<title>Fuentes Oaxaca - BETWEEN LGBT*<\/title>\n<meta name=\"robots\" content=\"index, follow, max-snippet:-1, max-image-preview:large, max-video-preview:-1\" \/>\n<link rel=\"canonical\" href=\"https:\/\/www.betweenlgbt.com.mx\/en\/oaxaca\/\" \/>\n<meta property=\"og:locale\" content=\"en_GB\" \/>\n<meta property=\"og:type\" content=\"article\" \/>\n<meta property=\"og:title\" content=\"Fuentes Oaxaca - BETWEEN LGBT*\" \/>\n<meta property=\"og:description\" content=\"Oaxaca Derecho Fuente Direcci\u00f3n online Matrimonio igualitario 2019 Victor Castillo Stgo en El Sol de M\u00e9xico https:\/\/www.elsoldemexico.com.mx\/republica\/politica\/oaxaca-aprueba-el-matrimonio-igualitario-bodas-gay-derechos-homosexuales-4103367.html\u00a0 Jorge A. P\u00e9rez Alfonso en La Jornada, 2019 Pie de foto: Entre consignas a favor y en contra, los diputados del Congreso de Oaxaca aprobaron ayer la reforma al C\u00f3digo Civil estatal que permite los matrimonios entre personas&hellip;\" \/>\n<meta property=\"og:url\" content=\"https:\/\/www.betweenlgbt.com.mx\/en\/oaxaca\/\" \/>\n<meta property=\"og:site_name\" content=\"BETWEEN LGBT*\" \/>\n<meta property=\"article:modified_time\" content=\"2022-02-25T01:45:08+00:00\" \/>\n<meta name=\"twitter:card\" content=\"summary_large_image\" \/>\n<meta name=\"twitter:label1\" content=\"Estimated reading time\" \/>\n\t<meta name=\"twitter:data1\" content=\"1 minute\" \/>\n<script type=\"application\/ld+json\" class=\"yoast-schema-graph\">{\"@context\":\"https:\/\/schema.org\",\"@graph\":[{\"@type\":\"WebPage\",\"@id\":\"https:\/\/www.betweenlgbt.com.mx\/oaxaca\/\",\"url\":\"https:\/\/www.betweenlgbt.com.mx\/oaxaca\/\",\"name\":\"Fuentes Oaxaca - BETWEEN LGBT*\",\"isPartOf\":{\"@id\":\"https:\/\/www.betweenlgbt.com.mx\/#website\"},\"datePublished\":\"2022-02-25T00:39:48+00:00\",\"dateModified\":\"2022-02-25T01:45:08+00:00\",\"breadcrumb\":{\"@id\":\"https:\/\/www.betweenlgbt.com.mx\/oaxaca\/#breadcrumb\"},\"inLanguage\":\"en-GB\",\"potentialAction\":[{\"@type\":\"ReadAction\",\"target\":[\"https:\/\/www.betweenlgbt.com.mx\/oaxaca\/\"]}]},{\"@type\":\"BreadcrumbList\",\"@id\":\"https:\/\/www.betweenlgbt.com.mx\/oaxaca\/#breadcrumb\",\"itemListElement\":[{\"@type\":\"ListItem\",\"position\":1,\"name\":\"Portada\",\"item\":\"https:\/\/www.betweenlgbt.com.mx\/\"},{\"@type\":\"ListItem\",\"position\":2,\"name\":\"Fuentes Oaxaca\"}]},{\"@type\":\"WebSite\",\"@id\":\"https:\/\/www.betweenlgbt.com.mx\/#website\",\"url\":\"https:\/\/www.betweenlgbt.com.mx\/\",\"name\":\"BETWEEN LGBT*\",\"description\":\"BETWEEN LGBT* es una plataforma para consulta de derechos humanos de la poblaci\u00f3n LGBT en M\u00e9xico y Am\u00e9rica Latina\",\"publisher\":{\"@id\":\"https:\/\/www.betweenlgbt.com.mx\/#organization\"},\"potentialAction\":[{\"@type\":\"SearchAction\",\"target\":{\"@type\":\"EntryPoint\",\"urlTemplate\":\"https:\/\/www.betweenlgbt.com.mx\/?s={search_term_string}\"},\"query-input\":{\"@type\":\"PropertyValueSpecification\",\"valueRequired\":true,\"valueName\":\"search_term_string\"}}],\"inLanguage\":\"en-GB\"},{\"@type\":\"Organization\",\"@id\":\"https:\/\/www.betweenlgbt.com.mx\/#organization\",\"name\":\"BETWEEN LGBT*\",\"url\":\"https:\/\/www.betweenlgbt.com.mx\/\",\"logo\":{\"@type\":\"ImageObject\",\"inLanguage\":\"en-GB\",\"@id\":\"https:\/\/www.betweenlgbt.com.mx\/#\/schema\/logo\/image\/\",\"url\":\"https:\/\/www.betweenlgbt.com.mx\/wp-content\/uploads\/2021\/12\/Captura-de-Pantalla-2021-12-20-a-las-14.19.48.png\",\"contentUrl\":\"https:\/\/www.betweenlgbt.com.mx\/wp-content\/uploads\/2021\/12\/Captura-de-Pantalla-2021-12-20-a-las-14.19.48.png\",\"width\":464,\"height\":332,\"caption\":\"BETWEEN LGBT*\"},\"image\":{\"@id\":\"https:\/\/www.betweenlgbt.com.mx\/#\/schema\/logo\/image\/\"}}]}<\/script>\n<!-- \/ Yoast SEO plugin. -->","yoast_head_json":{"title":"Fuentes Oaxaca - BETWEEN LGBT*","robots":{"index":"index","follow":"follow","max-snippet":"max-snippet:-1","max-image-preview":"max-image-preview:large","max-video-preview":"max-video-preview:-1"},"canonical":"https:\/\/www.betweenlgbt.com.mx\/en\/oaxaca\/","og_locale":"en_GB","og_type":"article","og_title":"Fuentes Oaxaca - BETWEEN LGBT*","og_description":"Oaxaca Derecho Fuente Direcci\u00f3n online Matrimonio igualitario 2019 Victor Castillo Stgo en El Sol de M\u00e9xico https:\/\/www.elsoldemexico.com.mx\/republica\/politica\/oaxaca-aprueba-el-matrimonio-igualitario-bodas-gay-derechos-homosexuales-4103367.html\u00a0 Jorge A. P\u00e9rez Alfonso en La Jornada, 2019 Pie de foto: Entre consignas a favor y en contra, los diputados del Congreso de Oaxaca aprobaron ayer la reforma al C\u00f3digo Civil estatal que permite los matrimonios entre personas&hellip;","og_url":"https:\/\/www.betweenlgbt.com.mx\/en\/oaxaca\/","og_site_name":"BETWEEN LGBT*","article_modified_time":"2022-02-25T01:45:08+00:00","twitter_card":"summary_large_image","twitter_misc":{"Estimated reading time":"1 minute"},"schema":{"@context":"https:\/\/schema.org","@graph":[{"@type":"WebPage","@id":"https:\/\/www.betweenlgbt.com.mx\/oaxaca\/","url":"https:\/\/www.betweenlgbt.com.mx\/oaxaca\/","name":"Fuentes Oaxaca - BETWEEN LGBT*","isPartOf":{"@id":"https:\/\/www.betweenlgbt.com.mx\/#website"},"datePublished":"2022-02-25T00:39:48+00:00","dateModified":"2022-02-25T01:45:08+00:00","breadcrumb":{"@id":"https:\/\/www.betweenlgbt.com.mx\/oaxaca\/#breadcrumb"},"inLanguage":"en-GB","potentialAction":[{"@type":"ReadAction","target":["https:\/\/www.betweenlgbt.com.mx\/oaxaca\/"]}]},{"@type":"BreadcrumbList","@id":"https:\/\/www.betweenlgbt.com.mx\/oaxaca\/#breadcrumb","itemListElement":[{"@type":"ListItem","position":1,"name":"Portada","item":"https:\/\/www.betweenlgbt.com.mx\/"},{"@type":"ListItem","position":2,"name":"Fuentes Oaxaca"}]},{"@type":"WebSite","@id":"https:\/\/www.betweenlgbt.com.mx\/#website","url":"https:\/\/www.betweenlgbt.com.mx\/","name":"BETWEEN LGBT*","description":"BETWEEN LGBT* es una plataforma para consulta de derechos humanos de la poblaci\u00f3n LGBT en M\u00e9xico y Am\u00e9rica Latina","publisher":{"@id":"https:\/\/www.betweenlgbt.com.mx\/#organization"},"potentialAction":[{"@type":"SearchAction","target":{"@type":"EntryPoint","urlTemplate":"https:\/\/www.betweenlgbt.com.mx\/?s={search_term_string}"},"query-input":{"@type":"PropertyValueSpecification","valueRequired":true,"valueName":"search_term_string"}}],"inLanguage":"en-GB"},{"@type":"Organization","@id":"https:\/\/www.betweenlgbt.com.mx\/#organization","name":"BETWEEN LGBT*","url":"https:\/\/www.betweenlgbt.com.mx\/","logo":{"@type":"ImageObject","inLanguage":"en-GB","@id":"https:\/\/www.betweenlgbt.com.mx\/#\/schema\/logo\/image\/","url":"https:\/\/www.betweenlgbt.com.mx\/wp-content\/uploads\/2021\/12\/Captura-de-Pantalla-2021-12-20-a-las-14.19.48.png","contentUrl":"https:\/\/www.betweenlgbt.com.mx\/wp-content\/uploads\/2021\/12\/Captura-de-Pantalla-2021-12-20-a-las-14.19.48.png","width":464,"height":332,"caption":"BETWEEN LGBT*"},"image":{"@id":"https:\/\/www.betweenlgbt.com.mx\/#\/schema\/logo\/image\/"}}]}},"_links":{"self":[{"href":"https:\/\/www.betweenlgbt.com.mx\/en\/wp-json\/wp\/v2\/pages\/1990","targetHints":{"allow":["GET"]}}],"collection":[{"href":"https:\/\/www.betweenlgbt.com.mx\/en\/wp-json\/wp\/v2\/pages"}],"about":[{"href":"https:\/\/www.betweenlgbt.com.mx\/en\/wp-json\/wp\/v2\/types\/page"}],"author":[{"embeddable":true,"href":"https:\/\/www.betweenlgbt.com.mx\/en\/wp-json\/wp\/v2\/users\/1"}],"replies":[{"embeddable":true,"href":"https:\/\/www.betweenlgbt.com.mx\/en\/wp-json\/wp\/v2\/comments?post=1990"}],"version-history":[{"count":0,"href":"https:\/\/www.betweenlgbt.com.mx\/en\/wp-json\/wp\/v2\/pages\/1990\/revisions"}],"wp:attachment":[{"href":"https:\/\/www.betweenlgbt.com.mx\/en\/wp-json\/wp\/v2\/media?parent=1990"}],"curies":[{"name":"wp","href":"https:\/\/api.w.org\/{rel}","templated":true}]}}