{"id":1960,"date":"2022-02-25T00:17:45","date_gmt":"2022-02-25T00:17:45","guid":{"rendered":"https:\/\/www.betweenlgbt.com.mx\/?page_id=1960"},"modified":"2022-02-25T01:46:09","modified_gmt":"2022-02-25T01:46:09","slug":"ciudad-de-mexico","status":"publish","type":"page","link":"https:\/\/www.betweenlgbt.com.mx\/en\/ciudad-de-mexico\/","title":{"rendered":"Fuentes Ciudad de M\u00e9xico"},"content":{"rendered":"<p><strong><span style=\"font-size: 14pt; color: #000000;\">Ciudad de M\u00e9xico<\/span><\/strong><\/p>\n<table cellspacing=\"0\" cellpadding=\"0\">\n<tbody>\n<tr>\n<td valign=\"top\"><strong><span style=\"color: #000000; font-family: Futura; font-size: medium;\">Right:<\/span><\/strong><\/td>\n<td valign=\"top\"><strong><span style=\"color: #000000; font-family: Futura; font-size: medium;\">Fuente<\/span><\/strong><\/td>\n<td valign=\"top\"><strong><span style=\"color: #000000; font-family: Futura; font-size: medium;\">Direcci\u00f3n online<\/span><\/strong><\/td>\n<\/tr>\n<tr>\n<td valign=\"top\"><strong><span style=\"color: #000000; font-family: Futura; font-size: medium;\">Matrimonio igualitario<\/span><\/strong><\/p>\n<p><strong><span style=\"color: #000000; font-family: Futura; font-size: medium;\">2006<\/span><\/strong><\/td>\n<td valign=\"top\"><span style=\"color: #000000; font-family: Futura; font-size: medium;\">El Mundo, 2006<\/span><\/td>\n<td valign=\"top\"><span style=\"color: #0b4cb4; font-family: Futura; font-size: medium;\"><a href=\"https:\/\/www.elmundo.es\/america\/2009\/12\/22\/mexico\/1261440694.html\"><u>https:\/\/www.elmundo.es\/america\/2009\/12\/22\/mexico\/1261440694.html<\/u><\/a><\/span><span style=\"color: #000000; font-family: Futura; font-size: medium;\"><span class=\"Apple-converted-space\">\u00a0<\/span><\/span><\/td>\n<\/tr>\n<tr>\n<td rowspan=\"2\" valign=\"top\"><strong><span style=\"color: #000000; font-family: Futura; font-size: medium;\">Identidad de g\u00e9nero<span class=\"Apple-converted-space\">\u00a0<\/span><\/span><\/strong><\/p>\n<p><strong><span style=\"color: #000000; font-family: Futura; font-size: medium;\">2008<\/span><\/strong><\/td>\n<td valign=\"top\"><span style=\"color: #000000; font-family: Futura; font-size: medium;\">Agencia Presentes en Homosensual, 2021<\/span><\/p>\n<p><span style=\"color: #000000; font-family: Futura; font-size: medium;\">Pie de foto: Manifestaci\u00f3n en CDMX a favor del reconocimiento de la identidad de g\u00e9nero de infancias trans<\/span><\/td>\n<td valign=\"top\"><span style=\"color: #0b4cb4; font-family: Futura; font-size: medium;\"><a href=\"https:\/\/www.homosensual.com\/lgbt\/trans\/ley-identidad-genero-estados-reconocen-trans\/\"><u>https:\/\/www.homosensual.com\/lgbt\/trans\/ley-identidad-genero-estados-reconocen-trans\/<\/u><\/a><\/span><span style=\"color: #000000; font-family: Futura; font-size: medium;\"><span class=\"Apple-converted-space\">\u00a0<\/span><\/span><\/td>\n<\/tr>\n<tr>\n<td valign=\"top\"><span style=\"color: #000000; font-family: Futura; font-size: medium;\">Cuartoscuro en Aristegui Noticias, 2021<\/span><\/td>\n<td valign=\"top\"><span style=\"color: #0b4cb4; font-family: Futura; font-size: medium;\"><a href=\"https:\/\/aristeguinoticias.com\/2908\/mexico\/cdmx-publica-decreto-para-permitir-cambio-de-nombre-de-adolescentes-transgenero\/\"><u>https:\/\/aristeguinoticias.com\/2908\/mexico\/cdmx-publica-decreto-para-permitir-cambio-de-nombre-de-adolescentes-transgenero\/<\/u><\/a><\/span><span style=\"color: #000000; font-family: Futura; font-size: medium;\"><span class=\"Apple-converted-space\">\u00a0<\/span><\/span><\/td>\n<\/tr>\n<tr>\n<td valign=\"top\"><strong><span style=\"color: #000000; font-family: Futura; font-size: medium;\">Prohibici\u00f3n de terapias de conversi\u00f3n<\/span><\/strong><\/p>\n<p><strong><span style=\"color: #000000; font-family: Futura; font-size: medium;\">2020<\/span><\/strong><\/td>\n<td valign=\"top\"><span style=\"color: #000000; font-family: Futura; font-size: medium;\">YAAJ, 2021<\/span><\/td>\n<td valign=\"top\"><span style=\"color: #0b4cb4; font-family: Futura; font-size: medium;\"><a href=\"https:\/\/www.yaajmexico.org\/blog\/comunicados\/a-un-ano-de-prohibirse-los-ecosig-cdmx\/\"><u>https:\/\/www.yaajmexico.org\/blog\/comunicados\/a-un-ano-de-prohibirse-los-ecosig-cdmx\/<\/u><\/a><\/span><span style=\"color: #000000; font-family: Futura; font-size: medium;\"><span class=\"Apple-converted-space\">\u00a0<\/span><\/span><\/td>\n<\/tr>\n<\/tbody>\n<\/table>","protected":false},"excerpt":{"rendered":"<p>Ciudad de M\u00e9xico Derecho Fuente Direcci\u00f3n online Matrimonio igualitario 2006 El Mundo, 2006 https:\/\/www.elmundo.es\/america\/2009\/12\/22\/mexico\/1261440694.html\u00a0 Identidad de g\u00e9nero\u00a0 2008 Agencia Presentes en Homosensual, 2021 Pie de foto: Manifestaci\u00f3n en CDMX a favor del reconocimiento de la identidad de g\u00e9nero de infancias trans https:\/\/www.homosensual.com\/lgbt\/trans\/ley-identidad-genero-estados-reconocen-trans\/\u00a0 Cuartoscuro en Aristegui Noticias, 2021 https:\/\/aristeguinoticias.com\/2908\/mexico\/cdmx-publica-decreto-para-permitir-cambio-de-nombre-de-adolescentes-transgenero\/\u00a0 Prohibici\u00f3n de terapias de conversi\u00f3n 2020 YAAJ,&hellip;<\/p>","protected":false},"author":1,"featured_media":0,"parent":0,"menu_order":0,"comment_status":"closed","ping_status":"closed","template":"","meta":[],"class_list":["post-1960","page","type-page","status-publish","hentry","description-off"],"yoast_head":"<!-- This site is optimized with the Yoast SEO plugin v26.9 - https:\/\/yoast.com\/product\/yoast-seo-wordpress\/ -->\n<title>Fuentes Ciudad de M\u00e9xico - BETWEEN LGBT*<\/title>\n<meta name=\"robots\" content=\"index, follow, max-snippet:-1, max-image-preview:large, max-video-preview:-1\" \/>\n<link rel=\"canonical\" href=\"https:\/\/www.betweenlgbt.com.mx\/en\/ciudad-de-mexico\/\" \/>\n<meta property=\"og:locale\" content=\"en_GB\" \/>\n<meta property=\"og:type\" content=\"article\" \/>\n<meta property=\"og:title\" content=\"Fuentes Ciudad de M\u00e9xico - BETWEEN LGBT*\" \/>\n<meta property=\"og:description\" content=\"Ciudad de M\u00e9xico Derecho Fuente Direcci\u00f3n online Matrimonio igualitario 2006 El Mundo, 2006 https:\/\/www.elmundo.es\/america\/2009\/12\/22\/mexico\/1261440694.html\u00a0 Identidad de g\u00e9nero\u00a0 2008 Agencia Presentes en Homosensual, 2021 Pie de foto: Manifestaci\u00f3n en CDMX a favor del reconocimiento de la identidad de g\u00e9nero de infancias trans https:\/\/www.homosensual.com\/lgbt\/trans\/ley-identidad-genero-estados-reconocen-trans\/\u00a0 Cuartoscuro en Aristegui Noticias, 2021 https:\/\/aristeguinoticias.com\/2908\/mexico\/cdmx-publica-decreto-para-permitir-cambio-de-nombre-de-adolescentes-transgenero\/\u00a0 Prohibici\u00f3n de terapias de conversi\u00f3n 2020 YAAJ,&hellip;\" \/>\n<meta property=\"og:url\" content=\"https:\/\/www.betweenlgbt.com.mx\/en\/ciudad-de-mexico\/\" \/>\n<meta property=\"og:site_name\" content=\"BETWEEN LGBT*\" \/>\n<meta property=\"article:modified_time\" content=\"2022-02-25T01:46:09+00:00\" \/>\n<meta name=\"twitter:card\" content=\"summary_large_image\" \/>\n<script type=\"application\/ld+json\" class=\"yoast-schema-graph\">{\"@context\":\"https:\/\/schema.org\",\"@graph\":[{\"@type\":\"WebPage\",\"@id\":\"https:\/\/www.betweenlgbt.com.mx\/ciudad-de-mexico\/\",\"url\":\"https:\/\/www.betweenlgbt.com.mx\/ciudad-de-mexico\/\",\"name\":\"Fuentes Ciudad de M\u00e9xico - BETWEEN LGBT*\",\"isPartOf\":{\"@id\":\"https:\/\/www.betweenlgbt.com.mx\/#website\"},\"datePublished\":\"2022-02-25T00:17:45+00:00\",\"dateModified\":\"2022-02-25T01:46:09+00:00\",\"breadcrumb\":{\"@id\":\"https:\/\/www.betweenlgbt.com.mx\/ciudad-de-mexico\/#breadcrumb\"},\"inLanguage\":\"en-GB\",\"potentialAction\":[{\"@type\":\"ReadAction\",\"target\":[\"https:\/\/www.betweenlgbt.com.mx\/ciudad-de-mexico\/\"]}]},{\"@type\":\"BreadcrumbList\",\"@id\":\"https:\/\/www.betweenlgbt.com.mx\/ciudad-de-mexico\/#breadcrumb\",\"itemListElement\":[{\"@type\":\"ListItem\",\"position\":1,\"name\":\"Portada\",\"item\":\"https:\/\/www.betweenlgbt.com.mx\/\"},{\"@type\":\"ListItem\",\"position\":2,\"name\":\"Fuentes Ciudad de M\u00e9xico\"}]},{\"@type\":\"WebSite\",\"@id\":\"https:\/\/www.betweenlgbt.com.mx\/#website\",\"url\":\"https:\/\/www.betweenlgbt.com.mx\/\",\"name\":\"BETWEEN LGBT*\",\"description\":\"BETWEEN LGBT* es una plataforma para consulta de derechos humanos de la poblaci\u00f3n LGBT en M\u00e9xico y Am\u00e9rica Latina\",\"publisher\":{\"@id\":\"https:\/\/www.betweenlgbt.com.mx\/#organization\"},\"potentialAction\":[{\"@type\":\"SearchAction\",\"target\":{\"@type\":\"EntryPoint\",\"urlTemplate\":\"https:\/\/www.betweenlgbt.com.mx\/?s={search_term_string}\"},\"query-input\":{\"@type\":\"PropertyValueSpecification\",\"valueRequired\":true,\"valueName\":\"search_term_string\"}}],\"inLanguage\":\"en-GB\"},{\"@type\":\"Organization\",\"@id\":\"https:\/\/www.betweenlgbt.com.mx\/#organization\",\"name\":\"BETWEEN LGBT*\",\"url\":\"https:\/\/www.betweenlgbt.com.mx\/\",\"logo\":{\"@type\":\"ImageObject\",\"inLanguage\":\"en-GB\",\"@id\":\"https:\/\/www.betweenlgbt.com.mx\/#\/schema\/logo\/image\/\",\"url\":\"https:\/\/www.betweenlgbt.com.mx\/wp-content\/uploads\/2021\/12\/Captura-de-Pantalla-2021-12-20-a-las-14.19.48.png\",\"contentUrl\":\"https:\/\/www.betweenlgbt.com.mx\/wp-content\/uploads\/2021\/12\/Captura-de-Pantalla-2021-12-20-a-las-14.19.48.png\",\"width\":464,\"height\":332,\"caption\":\"BETWEEN LGBT*\"},\"image\":{\"@id\":\"https:\/\/www.betweenlgbt.com.mx\/#\/schema\/logo\/image\/\"}}]}<\/script>\n<!-- \/ Yoast SEO plugin. -->","yoast_head_json":{"title":"Fuentes Ciudad de M\u00e9xico - BETWEEN LGBT*","robots":{"index":"index","follow":"follow","max-snippet":"max-snippet:-1","max-image-preview":"max-image-preview:large","max-video-preview":"max-video-preview:-1"},"canonical":"https:\/\/www.betweenlgbt.com.mx\/en\/ciudad-de-mexico\/","og_locale":"en_GB","og_type":"article","og_title":"Fuentes Ciudad de M\u00e9xico - BETWEEN LGBT*","og_description":"Ciudad de M\u00e9xico Derecho Fuente Direcci\u00f3n online Matrimonio igualitario 2006 El Mundo, 2006 https:\/\/www.elmundo.es\/america\/2009\/12\/22\/mexico\/1261440694.html\u00a0 Identidad de g\u00e9nero\u00a0 2008 Agencia Presentes en Homosensual, 2021 Pie de foto: Manifestaci\u00f3n en CDMX a favor del reconocimiento de la identidad de g\u00e9nero de infancias trans https:\/\/www.homosensual.com\/lgbt\/trans\/ley-identidad-genero-estados-reconocen-trans\/\u00a0 Cuartoscuro en Aristegui Noticias, 2021 https:\/\/aristeguinoticias.com\/2908\/mexico\/cdmx-publica-decreto-para-permitir-cambio-de-nombre-de-adolescentes-transgenero\/\u00a0 Prohibici\u00f3n de terapias de conversi\u00f3n 2020 YAAJ,&hellip;","og_url":"https:\/\/www.betweenlgbt.com.mx\/en\/ciudad-de-mexico\/","og_site_name":"BETWEEN LGBT*","article_modified_time":"2022-02-25T01:46:09+00:00","twitter_card":"summary_large_image","schema":{"@context":"https:\/\/schema.org","@graph":[{"@type":"WebPage","@id":"https:\/\/www.betweenlgbt.com.mx\/ciudad-de-mexico\/","url":"https:\/\/www.betweenlgbt.com.mx\/ciudad-de-mexico\/","name":"Fuentes Ciudad de M\u00e9xico - BETWEEN LGBT*","isPartOf":{"@id":"https:\/\/www.betweenlgbt.com.mx\/#website"},"datePublished":"2022-02-25T00:17:45+00:00","dateModified":"2022-02-25T01:46:09+00:00","breadcrumb":{"@id":"https:\/\/www.betweenlgbt.com.mx\/ciudad-de-mexico\/#breadcrumb"},"inLanguage":"en-GB","potentialAction":[{"@type":"ReadAction","target":["https:\/\/www.betweenlgbt.com.mx\/ciudad-de-mexico\/"]}]},{"@type":"BreadcrumbList","@id":"https:\/\/www.betweenlgbt.com.mx\/ciudad-de-mexico\/#breadcrumb","itemListElement":[{"@type":"ListItem","position":1,"name":"Portada","item":"https:\/\/www.betweenlgbt.com.mx\/"},{"@type":"ListItem","position":2,"name":"Fuentes Ciudad de M\u00e9xico"}]},{"@type":"WebSite","@id":"https:\/\/www.betweenlgbt.com.mx\/#website","url":"https:\/\/www.betweenlgbt.com.mx\/","name":"BETWEEN LGBT*","description":"BETWEEN LGBT* es una plataforma para consulta de derechos humanos de la poblaci\u00f3n LGBT en M\u00e9xico y Am\u00e9rica Latina","publisher":{"@id":"https:\/\/www.betweenlgbt.com.mx\/#organization"},"potentialAction":[{"@type":"SearchAction","target":{"@type":"EntryPoint","urlTemplate":"https:\/\/www.betweenlgbt.com.mx\/?s={search_term_string}"},"query-input":{"@type":"PropertyValueSpecification","valueRequired":true,"valueName":"search_term_string"}}],"inLanguage":"en-GB"},{"@type":"Organization","@id":"https:\/\/www.betweenlgbt.com.mx\/#organization","name":"BETWEEN LGBT*","url":"https:\/\/www.betweenlgbt.com.mx\/","logo":{"@type":"ImageObject","inLanguage":"en-GB","@id":"https:\/\/www.betweenlgbt.com.mx\/#\/schema\/logo\/image\/","url":"https:\/\/www.betweenlgbt.com.mx\/wp-content\/uploads\/2021\/12\/Captura-de-Pantalla-2021-12-20-a-las-14.19.48.png","contentUrl":"https:\/\/www.betweenlgbt.com.mx\/wp-content\/uploads\/2021\/12\/Captura-de-Pantalla-2021-12-20-a-las-14.19.48.png","width":464,"height":332,"caption":"BETWEEN LGBT*"},"image":{"@id":"https:\/\/www.betweenlgbt.com.mx\/#\/schema\/logo\/image\/"}}]}},"_links":{"self":[{"href":"https:\/\/www.betweenlgbt.com.mx\/en\/wp-json\/wp\/v2\/pages\/1960","targetHints":{"allow":["GET"]}}],"collection":[{"href":"https:\/\/www.betweenlgbt.com.mx\/en\/wp-json\/wp\/v2\/pages"}],"about":[{"href":"https:\/\/www.betweenlgbt.com.mx\/en\/wp-json\/wp\/v2\/types\/page"}],"author":[{"embeddable":true,"href":"https:\/\/www.betweenlgbt.com.mx\/en\/wp-json\/wp\/v2\/users\/1"}],"replies":[{"embeddable":true,"href":"https:\/\/www.betweenlgbt.com.mx\/en\/wp-json\/wp\/v2\/comments?post=1960"}],"version-history":[{"count":0,"href":"https:\/\/www.betweenlgbt.com.mx\/en\/wp-json\/wp\/v2\/pages\/1960\/revisions"}],"wp:attachment":[{"href":"https:\/\/www.betweenlgbt.com.mx\/en\/wp-json\/wp\/v2\/media?parent=1960"}],"curies":[{"name":"wp","href":"https:\/\/api.w.org\/{rel}","templated":true}]}}