{"id":1644,"date":"2022-01-31T19:07:46","date_gmt":"2022-01-31T19:07:46","guid":{"rendered":"https:\/\/www.betweenlgbt.com.mx\/?page_id=1644"},"modified":"2022-02-23T21:21:16","modified_gmt":"2022-02-23T21:21:16","slug":"fuente-uruguay","status":"publish","type":"page","link":"https:\/\/www.betweenlgbt.com.mx\/en\/fuente-uruguay\/","title":{"rendered":"Fuentes Uruguay"},"content":{"rendered":"<div class=\"vc_row wpb_row vc_row-fluid\"><div class=\"wpb_column vc_column_container vc_col-sm-12\"><div class=\"vc_column-inner\"><div class=\"wpb_wrapper\">\n\t<div class=\"wpb_text_column wpb_content_element\" >\n\t\t<div class=\"wpb_wrapper\">\n\t\t\t<p><span style=\"color: #000000;\"><strong><span style=\"font-family: futura; font-size: 12pt;\">URUGUAY<\/span><\/strong><\/span><\/p>\n<table cellspacing=\"0\" cellpadding=\"0\">\n<tbody>\n<tr>\n<td valign=\"top\"><strong><span style=\"color: #000000; font-family: Futura; font-size: medium;\">Right:<\/span><\/strong><\/td>\n<td valign=\"top\"><strong><span style=\"color: #000000; font-family: Futura; font-size: medium;\">Fuente(s)<\/span><\/strong><\/td>\n<td valign=\"top\"><strong><span style=\"color: #000000; font-family: Futura; font-size: medium;\">Direcci\u00f3n online<\/span><\/strong><\/td>\n<\/tr>\n<tr>\n<td valign=\"top\"><strong><span style=\"color: #000000; font-family: Futura; font-size: medium;\">Matrimonio igualitario<\/span><\/strong><\/p>\n<p><strong><span style=\"color: #000000; font-family: Futura; font-size: medium;\">2013<\/span><\/strong><\/td>\n<td valign=\"top\"><span style=\"color: #000000; font-family: Futura; font-size: medium;\">Ultima Hora, 2013<\/span><\/p>\n<p><span style=\"color: #000000; font-family: Futura; font-size: medium;\">Pie de foto: Vigencia. A partir de hoy entra en vigor la ley que permite la uni\u00f3n civil de personas del mismo sexo en Uruguay.<\/span><\/td>\n<td valign=\"top\"><span style=\"color: #0b4cb4; font-family: Futura; font-size: medium;\"><a href=\"https:\/\/www.ultimahora.com\/desde-hoy-los-homosexuales-se-podran-casar-uruguay-n710190.html\"><u>https:\/\/www.ultimahora.com\/desde-hoy-los-homosexuales-se-podran-casar-uruguay-n710190.html<\/u><u><\/u><\/a><\/span><\/td>\n<\/tr>\n<tr>\n<td rowspan=\"3\" valign=\"top\"><strong><span style=\"color: #000000; font-family: Futura; font-size: medium;\">Seguridad social (salud); Derecho a la vida (una vida digna): Trabajo (derecho a la no discriminaci\u00f3n laboral)<\/span><\/strong><\/p>\n<p><strong><span style=\"color: #000000; font-family: Futura; font-size: medium;\">2018<\/span><\/strong><\/td>\n<td valign=\"top\"><span style=\"color: #000000; font-family: Futura; font-size: medium;\">Ra\u00fal Mart\u00ednez, The New York Times, 2018<\/span><\/p>\n<p><span style=\"color: #000000; font-family: Futura; font-size: medium;\"><span class=\"Apple-converted-space\">\u00a0<\/span>Pie de foto: Hubo celebraciones de activistas en el Parlamento uruguayo por la aprobaci\u00f3n de la Ley Integral para Personas Trans.Credit&#8230;Ra\u00fal Mart\u00ednez\/EPA-EFE.<\/span><\/td>\n<td valign=\"top\"><span style=\"color: #0b4cb4; font-family: Futura; font-size: medium;\"><a href=\"https:\/\/www.nytimes.com\/es\/2018\/10\/19\/espanol\/uruguay-ley-trans.html\"><u>https:\/\/www.nytimes.com\/es\/2018\/10\/19\/espanol\/uruguay-ley-trans.html<\/u><u><\/u><\/a><\/span><\/td>\n<\/tr>\n<tr>\n<td valign=\"top\"><span style=\"color: #000000; font-family: Futura; font-size: medium;\">Ra\u00fal Mart\u00ednez, France24, 2018<\/span><\/p>\n<p><span style=\"color: #000000; font-family: Futura; font-size: medium;\">Pie de foto: Integrantes de colectivos trans asisten desde la tribuna de invitados al pleno celebrado el 19 de octubre de 2018 en la C\u00e1mara de Diputados uruguaya donde fue aprobada la Ley Integral para Personas Trans.\u00a0Ra\u00fal Mart\u00ednez \/ EFE.<\/span><\/td>\n<td valign=\"top\"><span style=\"color: #0b4cb4; font-family: Futura; font-size: medium;\"><a href=\"https:\/\/www.france24.com\/es\/20181019-ley-trans-aprobada-congreso-uruguay\"><u>https:\/\/www.france24.com\/es\/20181019-ley-trans-aprobada-congreso-uruguay<\/u><u><\/u><\/a><\/span><\/td>\n<\/tr>\n<tr>\n<td valign=\"top\"><span style=\"color: #000000; font-family: Futura; font-size: medium;\">Constancia Moreira en Aletia, 2018<\/span><\/td>\n<td valign=\"top\"><span style=\"color: #0b4cb4; font-family: Futura; font-size: medium;\"><a href=\"https:\/\/es.aleteia.org\/2018\/10\/19\/que-es-la-ley-integral-para-personas-trans-que-fue-aprobada-en-uruguay\/\"><u>https:\/\/es.aleteia.org\/2018\/10\/19\/que-es-la-ley-integral-para-personas-trans-que-fue-aprobada-en-uruguay\/<\/u><u><\/u><\/a><\/span><\/td>\n<\/tr>\n<\/tbody>\n<\/table>\n\n\t\t<\/div>\n\t<\/div>\n<\/div><\/div><\/div><\/div>","protected":false},"excerpt":{"rendered":"<p>URUGUAY Derecho Fuente(s) Direcci\u00f3n online Matrimonio igualitario 2013 Ultima Hora, 2013 Pie de foto: Vigencia. A partir de hoy entra en vigor la ley que permite la uni\u00f3n civil de personas del mismo sexo en Uruguay. https:\/\/www.ultimahora.com\/desde-hoy-los-homosexuales-se-podran-casar-uruguay-n710190.html Seguridad social (salud); Derecho a la vida (una vida digna): Trabajo (derecho a la no discriminaci\u00f3n laboral) 2018&hellip;<\/p>","protected":false},"author":1,"featured_media":0,"parent":0,"menu_order":0,"comment_status":"closed","ping_status":"closed","template":"","meta":[],"class_list":["post-1644","page","type-page","status-publish","hentry","description-off"],"yoast_head":"<!-- This site is optimized with the Yoast SEO plugin v26.9 - https:\/\/yoast.com\/product\/yoast-seo-wordpress\/ -->\n<title>Fuentes Uruguay - BETWEEN LGBT*<\/title>\n<meta name=\"robots\" content=\"index, follow, max-snippet:-1, max-image-preview:large, max-video-preview:-1\" \/>\n<link rel=\"canonical\" href=\"https:\/\/www.betweenlgbt.com.mx\/en\/fuente-uruguay\/\" \/>\n<meta property=\"og:locale\" content=\"en_GB\" \/>\n<meta property=\"og:type\" content=\"article\" \/>\n<meta property=\"og:title\" content=\"Fuentes Uruguay - BETWEEN LGBT*\" \/>\n<meta property=\"og:url\" content=\"https:\/\/www.betweenlgbt.com.mx\/en\/fuente-uruguay\/\" \/>\n<meta property=\"og:site_name\" content=\"BETWEEN LGBT*\" \/>\n<meta property=\"article:modified_time\" content=\"2022-02-23T21:21:16+00:00\" \/>\n<meta name=\"twitter:card\" content=\"summary_large_image\" \/>\n<meta name=\"twitter:label1\" content=\"Estimated reading time\" \/>\n\t<meta name=\"twitter:data1\" content=\"1 minute\" \/>\n<script type=\"application\/ld+json\" class=\"yoast-schema-graph\">{\"@context\":\"https:\/\/schema.org\",\"@graph\":[{\"@type\":\"WebPage\",\"@id\":\"https:\/\/www.betweenlgbt.com.mx\/fuente-uruguay\/\",\"url\":\"https:\/\/www.betweenlgbt.com.mx\/fuente-uruguay\/\",\"name\":\"Fuentes Uruguay - BETWEEN LGBT*\",\"isPartOf\":{\"@id\":\"https:\/\/www.betweenlgbt.com.mx\/#website\"},\"datePublished\":\"2022-01-31T19:07:46+00:00\",\"dateModified\":\"2022-02-23T21:21:16+00:00\",\"breadcrumb\":{\"@id\":\"https:\/\/www.betweenlgbt.com.mx\/fuente-uruguay\/#breadcrumb\"},\"inLanguage\":\"en-GB\",\"potentialAction\":[{\"@type\":\"ReadAction\",\"target\":[\"https:\/\/www.betweenlgbt.com.mx\/fuente-uruguay\/\"]}]},{\"@type\":\"BreadcrumbList\",\"@id\":\"https:\/\/www.betweenlgbt.com.mx\/fuente-uruguay\/#breadcrumb\",\"itemListElement\":[{\"@type\":\"ListItem\",\"position\":1,\"name\":\"Portada\",\"item\":\"https:\/\/www.betweenlgbt.com.mx\/\"},{\"@type\":\"ListItem\",\"position\":2,\"name\":\"Fuentes Uruguay\"}]},{\"@type\":\"WebSite\",\"@id\":\"https:\/\/www.betweenlgbt.com.mx\/#website\",\"url\":\"https:\/\/www.betweenlgbt.com.mx\/\",\"name\":\"BETWEEN LGBT*\",\"description\":\"BETWEEN LGBT* es una plataforma para consulta de derechos humanos de la poblaci\u00f3n LGBT en M\u00e9xico y Am\u00e9rica Latina\",\"publisher\":{\"@id\":\"https:\/\/www.betweenlgbt.com.mx\/#organization\"},\"potentialAction\":[{\"@type\":\"SearchAction\",\"target\":{\"@type\":\"EntryPoint\",\"urlTemplate\":\"https:\/\/www.betweenlgbt.com.mx\/?s={search_term_string}\"},\"query-input\":{\"@type\":\"PropertyValueSpecification\",\"valueRequired\":true,\"valueName\":\"search_term_string\"}}],\"inLanguage\":\"en-GB\"},{\"@type\":\"Organization\",\"@id\":\"https:\/\/www.betweenlgbt.com.mx\/#organization\",\"name\":\"BETWEEN LGBT*\",\"url\":\"https:\/\/www.betweenlgbt.com.mx\/\",\"logo\":{\"@type\":\"ImageObject\",\"inLanguage\":\"en-GB\",\"@id\":\"https:\/\/www.betweenlgbt.com.mx\/#\/schema\/logo\/image\/\",\"url\":\"https:\/\/www.betweenlgbt.com.mx\/wp-content\/uploads\/2021\/12\/Captura-de-Pantalla-2021-12-20-a-las-14.19.48.png\",\"contentUrl\":\"https:\/\/www.betweenlgbt.com.mx\/wp-content\/uploads\/2021\/12\/Captura-de-Pantalla-2021-12-20-a-las-14.19.48.png\",\"width\":464,\"height\":332,\"caption\":\"BETWEEN LGBT*\"},\"image\":{\"@id\":\"https:\/\/www.betweenlgbt.com.mx\/#\/schema\/logo\/image\/\"}}]}<\/script>\n<!-- \/ Yoast SEO plugin. -->","yoast_head_json":{"title":"Fuentes Uruguay - BETWEEN LGBT*","robots":{"index":"index","follow":"follow","max-snippet":"max-snippet:-1","max-image-preview":"max-image-preview:large","max-video-preview":"max-video-preview:-1"},"canonical":"https:\/\/www.betweenlgbt.com.mx\/en\/fuente-uruguay\/","og_locale":"en_GB","og_type":"article","og_title":"Fuentes Uruguay - BETWEEN LGBT*","og_url":"https:\/\/www.betweenlgbt.com.mx\/en\/fuente-uruguay\/","og_site_name":"BETWEEN LGBT*","article_modified_time":"2022-02-23T21:21:16+00:00","twitter_card":"summary_large_image","twitter_misc":{"Estimated reading time":"1 minute"},"schema":{"@context":"https:\/\/schema.org","@graph":[{"@type":"WebPage","@id":"https:\/\/www.betweenlgbt.com.mx\/fuente-uruguay\/","url":"https:\/\/www.betweenlgbt.com.mx\/fuente-uruguay\/","name":"Fuentes Uruguay - BETWEEN LGBT*","isPartOf":{"@id":"https:\/\/www.betweenlgbt.com.mx\/#website"},"datePublished":"2022-01-31T19:07:46+00:00","dateModified":"2022-02-23T21:21:16+00:00","breadcrumb":{"@id":"https:\/\/www.betweenlgbt.com.mx\/fuente-uruguay\/#breadcrumb"},"inLanguage":"en-GB","potentialAction":[{"@type":"ReadAction","target":["https:\/\/www.betweenlgbt.com.mx\/fuente-uruguay\/"]}]},{"@type":"BreadcrumbList","@id":"https:\/\/www.betweenlgbt.com.mx\/fuente-uruguay\/#breadcrumb","itemListElement":[{"@type":"ListItem","position":1,"name":"Portada","item":"https:\/\/www.betweenlgbt.com.mx\/"},{"@type":"ListItem","position":2,"name":"Fuentes Uruguay"}]},{"@type":"WebSite","@id":"https:\/\/www.betweenlgbt.com.mx\/#website","url":"https:\/\/www.betweenlgbt.com.mx\/","name":"BETWEEN LGBT*","description":"BETWEEN LGBT* es una plataforma para consulta de derechos humanos de la poblaci\u00f3n LGBT en M\u00e9xico y Am\u00e9rica Latina","publisher":{"@id":"https:\/\/www.betweenlgbt.com.mx\/#organization"},"potentialAction":[{"@type":"SearchAction","target":{"@type":"EntryPoint","urlTemplate":"https:\/\/www.betweenlgbt.com.mx\/?s={search_term_string}"},"query-input":{"@type":"PropertyValueSpecification","valueRequired":true,"valueName":"search_term_string"}}],"inLanguage":"en-GB"},{"@type":"Organization","@id":"https:\/\/www.betweenlgbt.com.mx\/#organization","name":"BETWEEN LGBT*","url":"https:\/\/www.betweenlgbt.com.mx\/","logo":{"@type":"ImageObject","inLanguage":"en-GB","@id":"https:\/\/www.betweenlgbt.com.mx\/#\/schema\/logo\/image\/","url":"https:\/\/www.betweenlgbt.com.mx\/wp-content\/uploads\/2021\/12\/Captura-de-Pantalla-2021-12-20-a-las-14.19.48.png","contentUrl":"https:\/\/www.betweenlgbt.com.mx\/wp-content\/uploads\/2021\/12\/Captura-de-Pantalla-2021-12-20-a-las-14.19.48.png","width":464,"height":332,"caption":"BETWEEN LGBT*"},"image":{"@id":"https:\/\/www.betweenlgbt.com.mx\/#\/schema\/logo\/image\/"}}]}},"_links":{"self":[{"href":"https:\/\/www.betweenlgbt.com.mx\/en\/wp-json\/wp\/v2\/pages\/1644","targetHints":{"allow":["GET"]}}],"collection":[{"href":"https:\/\/www.betweenlgbt.com.mx\/en\/wp-json\/wp\/v2\/pages"}],"about":[{"href":"https:\/\/www.betweenlgbt.com.mx\/en\/wp-json\/wp\/v2\/types\/page"}],"author":[{"embeddable":true,"href":"https:\/\/www.betweenlgbt.com.mx\/en\/wp-json\/wp\/v2\/users\/1"}],"replies":[{"embeddable":true,"href":"https:\/\/www.betweenlgbt.com.mx\/en\/wp-json\/wp\/v2\/comments?post=1644"}],"version-history":[{"count":0,"href":"https:\/\/www.betweenlgbt.com.mx\/en\/wp-json\/wp\/v2\/pages\/1644\/revisions"}],"wp:attachment":[{"href":"https:\/\/www.betweenlgbt.com.mx\/en\/wp-json\/wp\/v2\/media?parent=1644"}],"curies":[{"name":"wp","href":"https:\/\/api.w.org\/{rel}","templated":true}]}}