{"id":1633,"date":"2022-01-31T18:55:15","date_gmt":"2022-01-31T18:55:15","guid":{"rendered":"https:\/\/www.betweenlgbt.com.mx\/?page_id=1633"},"modified":"2022-01-31T18:55:15","modified_gmt":"2022-01-31T18:55:15","slug":"fuente-tlaxcala","status":"publish","type":"page","link":"https:\/\/www.betweenlgbt.com.mx\/en\/fuente-tlaxcala\/","title":{"rendered":"Fuente Tlaxcala"},"content":{"rendered":"<table cellspacing=\"0\" cellpadding=\"0\">\n<tbody>\n<tr>\n<td valign=\"top\"><span style=\"color: #000000; font-family: Futura; font-size: small;\">TLAXCALA<\/span><\/td>\n<td valign=\"top\"><\/td>\n<td valign=\"top\"><\/td>\n<\/tr>\n<tr>\n<td valign=\"top\"><span style=\"color: #000000; font-family: Futura; font-size: small;\">Right:<\/span><\/td>\n<td valign=\"top\"><span style=\"color: #000000; font-family: Futura; font-size: small;\">Fuente<\/span><\/td>\n<td valign=\"top\"><span style=\"color: #000000; font-family: Futura; font-size: small;\">Direcci\u00f3n online<\/span><\/td>\n<\/tr>\n<tr>\n<td valign=\"top\"><span style=\"color: #000000; font-family: Futura; font-size: small;\">Identidad de g\u00e9nero<\/span><\/p>\n<p><span style=\"color: #000000; font-family: Futura; font-size: small;\">2019<\/span><\/td>\n<td valign=\"top\"><span style=\"color: #000000; font-family: Futura; font-size: small;\">Homosensual, 2021<\/span><\/p>\n<p><span style=\"color: #000000; font-family: Futura; font-size: small;\">Pie de foto: Diversos miembros de la comunidad LGBT+ y del Parlamento Juvenil se juntaron hace un mes para impulsar la iniciativa de la ley de identidad de g\u00e9nero que hoy es una realidad<\/span><\/td>\n<td valign=\"top\"><span style=\"color: #0000e9; font-family: Futura; font-size: small;\"><a href=\"https:\/\/www.homosensual.com\/lgbt\/tlaxcala-acaba-de-aprobar-la-ley-de-identidad-de-genero\/\"><u>https:\/\/www.homosensual.com\/lgbt\/tlaxcala-acaba-de-aprobar-la-ley-de-identidad-de-genero\/<\/u><u><\/u><\/a><\/span><\/td>\n<\/tr>\n<tr>\n<td rowspan=\"2\" valign=\"top\"><span style=\"color: #000000; font-family: Futura; font-size: small;\">Matrimonio igualitario<\/span><\/p>\n<p><span style=\"color: #000000; font-family: Futura; font-size: small;\">2020<\/span><\/td>\n<td valign=\"top\"><span style=\"color: #000000; font-family: Futura; font-size: small;\">El Sol de Tlaxcala, 2020<\/span><\/p>\n<p><span style=\"color: #000000; font-family: Futura; font-size: small;\">Pie de foto: Integrantes de la comunidad LGBT celebraron la decisi\u00f3n de los diputados locales de aprobar el matrimonio igualitario en Tlaxcala<\/span><\/td>\n<td valign=\"top\"><span style=\"color: #0000e9; font-family: Futura; font-size: small;\"><a href=\"https:\/\/www.elsoldetlaxcala.com.mx\/local\/es-una-realidad-el-matrimonio-igualitario-en-tlaxcala-se-convierte-en-el-estado-22-si-al-matrimonio-civil-estado-22-derechos-humanos-reforma-codigo-civil-6109495.html\"><u>https:\/\/www.elsoldetlaxcala.com.mx\/local\/es-una-realidad-el-matrimonio-igualitario-en-tlaxcala-se-convierte-en-el-estado-22-si-al-matrimonio-civil-estado-22-derechos-humanos-reforma-codigo-civil-6109495.html<\/u><u><\/u><\/a><\/span><\/td>\n<\/tr>\n<tr>\n<td valign=\"top\"><span style=\"color: #000000; font-family: Futura; font-size: small;\">Karla Mu\u00f1et\u00f3n en El Sol de Tlaxcala, 2020<\/span><\/td>\n<td valign=\"top\"><span style=\"color: #0000e9; font-family: Futura; font-size: small;\"><a href=\"https:\/\/www.elsoldemexico.com.mx\/republica\/sociedad\/tlaxcala-aprueba-matrimonio-igualitario-derechos-humanos-reforma-codigo-civil-6110054.html\"><u>https:\/\/www.elsoldemexico.com.mx\/republica\/sociedad\/tlaxcala-aprueba-matrimonio-igualitario-derechos-humanos-reforma-codigo-civil-6110054.html<\/u><u><\/u><\/a><\/span><\/td>\n<\/tr>\n<\/tbody>\n<\/table>","protected":false},"excerpt":{"rendered":"<p>TLAXCALA Derecho Fuente Direcci\u00f3n online Identidad de g\u00e9nero 2019 Homosensual, 2021 Pie de foto: Diversos miembros de la comunidad LGBT+ y del Parlamento Juvenil se juntaron hace un mes para impulsar la iniciativa de la ley de identidad de g\u00e9nero que hoy es una realidad https:\/\/www.homosensual.com\/lgbt\/tlaxcala-acaba-de-aprobar-la-ley-de-identidad-de-genero\/ Matrimonio igualitario 2020 El Sol de Tlaxcala, 2020 Pie&hellip;<\/p>","protected":false},"author":1,"featured_media":0,"parent":0,"menu_order":0,"comment_status":"closed","ping_status":"closed","template":"","meta":[],"class_list":["post-1633","page","type-page","status-publish","hentry","description-off"],"yoast_head":"<!-- This site is optimized with the Yoast SEO plugin v26.9 - https:\/\/yoast.com\/product\/yoast-seo-wordpress\/ -->\n<title>Fuente Tlaxcala - BETWEEN LGBT*<\/title>\n<meta name=\"robots\" content=\"index, follow, max-snippet:-1, max-image-preview:large, max-video-preview:-1\" \/>\n<link rel=\"canonical\" href=\"https:\/\/www.betweenlgbt.com.mx\/en\/fuente-tlaxcala\/\" \/>\n<meta property=\"og:locale\" content=\"en_GB\" \/>\n<meta property=\"og:type\" content=\"article\" \/>\n<meta property=\"og:title\" content=\"Fuente Tlaxcala - BETWEEN LGBT*\" \/>\n<meta property=\"og:description\" content=\"TLAXCALA Derecho Fuente Direcci\u00f3n online Identidad de g\u00e9nero 2019 Homosensual, 2021 Pie de foto: Diversos miembros de la comunidad LGBT+ y del Parlamento Juvenil se juntaron hace un mes para impulsar la iniciativa de la ley de identidad de g\u00e9nero que hoy es una realidad https:\/\/www.homosensual.com\/lgbt\/tlaxcala-acaba-de-aprobar-la-ley-de-identidad-de-genero\/ Matrimonio igualitario 2020 El Sol de Tlaxcala, 2020 Pie&hellip;\" \/>\n<meta property=\"og:url\" content=\"https:\/\/www.betweenlgbt.com.mx\/en\/fuente-tlaxcala\/\" \/>\n<meta property=\"og:site_name\" content=\"BETWEEN LGBT*\" \/>\n<meta name=\"twitter:card\" content=\"summary_large_image\" \/>\n<meta name=\"twitter:label1\" content=\"Estimated reading time\" \/>\n\t<meta name=\"twitter:data1\" content=\"1 minute\" \/>\n<script type=\"application\/ld+json\" class=\"yoast-schema-graph\">{\"@context\":\"https:\/\/schema.org\",\"@graph\":[{\"@type\":\"WebPage\",\"@id\":\"https:\/\/www.betweenlgbt.com.mx\/fuente-tlaxcala\/\",\"url\":\"https:\/\/www.betweenlgbt.com.mx\/fuente-tlaxcala\/\",\"name\":\"Fuente Tlaxcala - BETWEEN LGBT*\",\"isPartOf\":{\"@id\":\"https:\/\/www.betweenlgbt.com.mx\/#website\"},\"datePublished\":\"2022-01-31T18:55:15+00:00\",\"breadcrumb\":{\"@id\":\"https:\/\/www.betweenlgbt.com.mx\/fuente-tlaxcala\/#breadcrumb\"},\"inLanguage\":\"en-GB\",\"potentialAction\":[{\"@type\":\"ReadAction\",\"target\":[\"https:\/\/www.betweenlgbt.com.mx\/fuente-tlaxcala\/\"]}]},{\"@type\":\"BreadcrumbList\",\"@id\":\"https:\/\/www.betweenlgbt.com.mx\/fuente-tlaxcala\/#breadcrumb\",\"itemListElement\":[{\"@type\":\"ListItem\",\"position\":1,\"name\":\"Portada\",\"item\":\"https:\/\/www.betweenlgbt.com.mx\/\"},{\"@type\":\"ListItem\",\"position\":2,\"name\":\"Fuente Tlaxcala\"}]},{\"@type\":\"WebSite\",\"@id\":\"https:\/\/www.betweenlgbt.com.mx\/#website\",\"url\":\"https:\/\/www.betweenlgbt.com.mx\/\",\"name\":\"BETWEEN LGBT*\",\"description\":\"BETWEEN LGBT* es una plataforma para consulta de derechos humanos de la poblaci\u00f3n LGBT en M\u00e9xico y Am\u00e9rica Latina\",\"publisher\":{\"@id\":\"https:\/\/www.betweenlgbt.com.mx\/#organization\"},\"potentialAction\":[{\"@type\":\"SearchAction\",\"target\":{\"@type\":\"EntryPoint\",\"urlTemplate\":\"https:\/\/www.betweenlgbt.com.mx\/?s={search_term_string}\"},\"query-input\":{\"@type\":\"PropertyValueSpecification\",\"valueRequired\":true,\"valueName\":\"search_term_string\"}}],\"inLanguage\":\"en-GB\"},{\"@type\":\"Organization\",\"@id\":\"https:\/\/www.betweenlgbt.com.mx\/#organization\",\"name\":\"BETWEEN LGBT*\",\"url\":\"https:\/\/www.betweenlgbt.com.mx\/\",\"logo\":{\"@type\":\"ImageObject\",\"inLanguage\":\"en-GB\",\"@id\":\"https:\/\/www.betweenlgbt.com.mx\/#\/schema\/logo\/image\/\",\"url\":\"https:\/\/www.betweenlgbt.com.mx\/wp-content\/uploads\/2021\/12\/Captura-de-Pantalla-2021-12-20-a-las-14.19.48.png\",\"contentUrl\":\"https:\/\/www.betweenlgbt.com.mx\/wp-content\/uploads\/2021\/12\/Captura-de-Pantalla-2021-12-20-a-las-14.19.48.png\",\"width\":464,\"height\":332,\"caption\":\"BETWEEN LGBT*\"},\"image\":{\"@id\":\"https:\/\/www.betweenlgbt.com.mx\/#\/schema\/logo\/image\/\"}}]}<\/script>\n<!-- \/ Yoast SEO plugin. -->","yoast_head_json":{"title":"Fuente Tlaxcala - BETWEEN LGBT*","robots":{"index":"index","follow":"follow","max-snippet":"max-snippet:-1","max-image-preview":"max-image-preview:large","max-video-preview":"max-video-preview:-1"},"canonical":"https:\/\/www.betweenlgbt.com.mx\/en\/fuente-tlaxcala\/","og_locale":"en_GB","og_type":"article","og_title":"Fuente Tlaxcala - BETWEEN LGBT*","og_description":"TLAXCALA Derecho Fuente Direcci\u00f3n online Identidad de g\u00e9nero 2019 Homosensual, 2021 Pie de foto: Diversos miembros de la comunidad LGBT+ y del Parlamento Juvenil se juntaron hace un mes para impulsar la iniciativa de la ley de identidad de g\u00e9nero que hoy es una realidad https:\/\/www.homosensual.com\/lgbt\/tlaxcala-acaba-de-aprobar-la-ley-de-identidad-de-genero\/ Matrimonio igualitario 2020 El Sol de Tlaxcala, 2020 Pie&hellip;","og_url":"https:\/\/www.betweenlgbt.com.mx\/en\/fuente-tlaxcala\/","og_site_name":"BETWEEN LGBT*","twitter_card":"summary_large_image","twitter_misc":{"Estimated reading time":"1 minute"},"schema":{"@context":"https:\/\/schema.org","@graph":[{"@type":"WebPage","@id":"https:\/\/www.betweenlgbt.com.mx\/fuente-tlaxcala\/","url":"https:\/\/www.betweenlgbt.com.mx\/fuente-tlaxcala\/","name":"Fuente Tlaxcala - BETWEEN LGBT*","isPartOf":{"@id":"https:\/\/www.betweenlgbt.com.mx\/#website"},"datePublished":"2022-01-31T18:55:15+00:00","breadcrumb":{"@id":"https:\/\/www.betweenlgbt.com.mx\/fuente-tlaxcala\/#breadcrumb"},"inLanguage":"en-GB","potentialAction":[{"@type":"ReadAction","target":["https:\/\/www.betweenlgbt.com.mx\/fuente-tlaxcala\/"]}]},{"@type":"BreadcrumbList","@id":"https:\/\/www.betweenlgbt.com.mx\/fuente-tlaxcala\/#breadcrumb","itemListElement":[{"@type":"ListItem","position":1,"name":"Portada","item":"https:\/\/www.betweenlgbt.com.mx\/"},{"@type":"ListItem","position":2,"name":"Fuente Tlaxcala"}]},{"@type":"WebSite","@id":"https:\/\/www.betweenlgbt.com.mx\/#website","url":"https:\/\/www.betweenlgbt.com.mx\/","name":"BETWEEN LGBT*","description":"BETWEEN LGBT* es una plataforma para consulta de derechos humanos de la poblaci\u00f3n LGBT en M\u00e9xico y Am\u00e9rica Latina","publisher":{"@id":"https:\/\/www.betweenlgbt.com.mx\/#organization"},"potentialAction":[{"@type":"SearchAction","target":{"@type":"EntryPoint","urlTemplate":"https:\/\/www.betweenlgbt.com.mx\/?s={search_term_string}"},"query-input":{"@type":"PropertyValueSpecification","valueRequired":true,"valueName":"search_term_string"}}],"inLanguage":"en-GB"},{"@type":"Organization","@id":"https:\/\/www.betweenlgbt.com.mx\/#organization","name":"BETWEEN LGBT*","url":"https:\/\/www.betweenlgbt.com.mx\/","logo":{"@type":"ImageObject","inLanguage":"en-GB","@id":"https:\/\/www.betweenlgbt.com.mx\/#\/schema\/logo\/image\/","url":"https:\/\/www.betweenlgbt.com.mx\/wp-content\/uploads\/2021\/12\/Captura-de-Pantalla-2021-12-20-a-las-14.19.48.png","contentUrl":"https:\/\/www.betweenlgbt.com.mx\/wp-content\/uploads\/2021\/12\/Captura-de-Pantalla-2021-12-20-a-las-14.19.48.png","width":464,"height":332,"caption":"BETWEEN LGBT*"},"image":{"@id":"https:\/\/www.betweenlgbt.com.mx\/#\/schema\/logo\/image\/"}}]}},"_links":{"self":[{"href":"https:\/\/www.betweenlgbt.com.mx\/en\/wp-json\/wp\/v2\/pages\/1633","targetHints":{"allow":["GET"]}}],"collection":[{"href":"https:\/\/www.betweenlgbt.com.mx\/en\/wp-json\/wp\/v2\/pages"}],"about":[{"href":"https:\/\/www.betweenlgbt.com.mx\/en\/wp-json\/wp\/v2\/types\/page"}],"author":[{"embeddable":true,"href":"https:\/\/www.betweenlgbt.com.mx\/en\/wp-json\/wp\/v2\/users\/1"}],"replies":[{"embeddable":true,"href":"https:\/\/www.betweenlgbt.com.mx\/en\/wp-json\/wp\/v2\/comments?post=1633"}],"version-history":[{"count":0,"href":"https:\/\/www.betweenlgbt.com.mx\/en\/wp-json\/wp\/v2\/pages\/1633\/revisions"}],"wp:attachment":[{"href":"https:\/\/www.betweenlgbt.com.mx\/en\/wp-json\/wp\/v2\/media?parent=1633"}],"curies":[{"name":"wp","href":"https:\/\/api.w.org\/{rel}","templated":true}]}}