{"id":1608,"date":"2022-01-31T18:41:56","date_gmt":"2022-01-31T18:41:56","guid":{"rendered":"https:\/\/www.betweenlgbt.com.mx\/?page_id=1608"},"modified":"2022-01-31T18:41:56","modified_gmt":"2022-01-31T18:41:56","slug":"fuente-jalisco","status":"publish","type":"page","link":"https:\/\/www.betweenlgbt.com.mx\/en\/fuente-jalisco\/","title":{"rendered":"Fuente Jalisco"},"content":{"rendered":"<table cellspacing=\"0\" cellpadding=\"0\">\n<tbody>\n<tr>\n<td valign=\"top\"><span style=\"color: #000000; font-family: Futura; font-size: small;\">JALISCO<\/span><\/td>\n<td valign=\"top\"><\/td>\n<td valign=\"top\"><\/td>\n<\/tr>\n<tr>\n<td valign=\"top\"><span style=\"color: #000000; font-family: Futura; font-size: small;\">Right:<\/span><\/td>\n<td valign=\"top\"><span style=\"color: #000000; font-family: Futura; font-size: small;\">Fuente<\/span><\/td>\n<td valign=\"top\"><span style=\"color: #000000; font-family: Futura; font-size: small;\">Direcci\u00f3n online<\/span><\/td>\n<\/tr>\n<tr>\n<td valign=\"top\"><span style=\"color: #000000; font-family: Futura; font-size: small;\">Matrimonio igualitario<\/span><\/p>\n<p><span style=\"color: #000000; font-family: Futura; font-size: small;\">2016<\/span><\/td>\n<td valign=\"top\"><span style=\"color: #000000; font-family: Futura; font-size: small;\">Ka.Volta<\/span><\/td>\n<td valign=\"top\"><span style=\"color: #0000e9; font-family: Futura; font-size: small;\"><a href=\"https:\/\/www.kavolta.com\/2018\/06\/a-mano-suelta-matrimonio-igualitario\/\"><u>https:\/\/www.kavolta.com\/2018\/06\/a-mano-suelta-matrimonio-igualitario\/<\/u><u><\/u><\/a><\/span><\/td>\n<\/tr>\n<tr>\n<td rowspan=\"3\" valign=\"top\"><span style=\"color: #000000; font-family: Futura; font-size: small;\">Identidad de g\u00e9nero<\/span><\/p>\n<p><span style=\"color: #000000; font-family: Futura; font-size: small;\">2020<\/span><\/td>\n<td valign=\"top\"><span style=\"color: #000000; font-family: Futura; font-size: small;\">Cuartoscuro en La Raz\u00f3n, 2021<\/span><\/p>\n<p><span style=\"color: #000000; font-family: Futura; font-size: small;\">Pie de foto: El derecho a la identidad de las personas trans fue reconocido en Jalisco el pasado 29 de octubre de 2020, en un decreto publicado en el peri\u00f3dico oficial de la entidad.<\/span><\/td>\n<td valign=\"top\"><span style=\"color: #0000e9; font-family: Futura; font-size: small;\"><a href=\"https:\/\/www.razon.com.mx\/estados\/646-personas-realizan-cambio-identidad-genero-jalisco-10-son-menores-edad-457577\"><u>https:\/\/www.razon.com.mx\/estados\/646-personas-realizan-cambio-identidad-genero-jalisco-10-son-menores-edad-457577<\/u><u><\/u><\/a><\/span><\/td>\n<\/tr>\n<tr>\n<td valign=\"top\"><span style=\"color: #000000; font-family: Futura; font-size: small;\">Prensa\u00a0el Mar en Gobierno del Estado de Jalisco, 2020<\/span><\/td>\n<td valign=\"top\"><span style=\"color: #0000e9; font-family: Futura; font-size: small;\"><a href=\"https:\/\/www.jalisco.gob.mx\/es\/prensa\/noticias\/116421\"><u>https:\/\/www.jalisco.gob.mx\/es\/prensa\/noticias\/116421<\/u><u><\/u><\/a><\/span><\/td>\n<\/tr>\n<tr>\n<td valign=\"top\"><span style=\"color: #000000; font-family: Futura; font-size: small;\">ZonaDocs, 2020<\/span><\/td>\n<td valign=\"top\"><span style=\"color: #0000e9; font-family: Futura; font-size: small;\"><a href=\"https:\/\/www.zonadocs.mx\/2020\/11\/17\/en-jalisco-14-nines-y-adolescentes-trans-obtienen-el-reconocimiento-legal-de-su-identidad-de-genero\/\"><u>https:\/\/www.zonadocs.mx\/2020\/11\/17\/en-jalisco-14-nines-y-adolescentes-trans-obtienen-el-reconocimiento-legal-de-su-identidad-de-genero\/<\/u><u><\/u><\/a><\/span><\/td>\n<\/tr>\n<\/tbody>\n<\/table>","protected":false},"excerpt":{"rendered":"<p>JALISCO Derecho Fuente Direcci\u00f3n online Matrimonio igualitario 2016 Ka.Volta https:\/\/www.kavolta.com\/2018\/06\/a-mano-suelta-matrimonio-igualitario\/ Identidad de g\u00e9nero 2020 Cuartoscuro en La Raz\u00f3n, 2021 Pie de foto: El derecho a la identidad de las personas trans fue reconocido en Jalisco el pasado 29 de octubre de 2020, en un decreto publicado en el peri\u00f3dico oficial de la entidad. https:\/\/www.razon.com.mx\/estados\/646-personas-realizan-cambio-identidad-genero-jalisco-10-son-menores-edad-457577 Prensa\u00a0el&hellip;<\/p>","protected":false},"author":1,"featured_media":0,"parent":0,"menu_order":0,"comment_status":"closed","ping_status":"closed","template":"","meta":[],"class_list":["post-1608","page","type-page","status-publish","hentry","description-off"],"yoast_head":"<!-- This site is optimized with the Yoast SEO plugin v26.9 - https:\/\/yoast.com\/product\/yoast-seo-wordpress\/ -->\n<title>Fuente Jalisco - BETWEEN LGBT*<\/title>\n<meta name=\"robots\" content=\"index, follow, max-snippet:-1, max-image-preview:large, max-video-preview:-1\" \/>\n<link rel=\"canonical\" href=\"https:\/\/www.betweenlgbt.com.mx\/en\/fuente-jalisco\/\" \/>\n<meta property=\"og:locale\" content=\"en_GB\" \/>\n<meta property=\"og:type\" content=\"article\" \/>\n<meta property=\"og:title\" content=\"Fuente Jalisco - BETWEEN LGBT*\" \/>\n<meta property=\"og:description\" content=\"JALISCO Derecho Fuente Direcci\u00f3n online Matrimonio igualitario 2016 Ka.Volta https:\/\/www.kavolta.com\/2018\/06\/a-mano-suelta-matrimonio-igualitario\/ Identidad de g\u00e9nero 2020 Cuartoscuro en La Raz\u00f3n, 2021 Pie de foto: El derecho a la identidad de las personas trans fue reconocido en Jalisco el pasado 29 de octubre de 2020, en un decreto publicado en el peri\u00f3dico oficial de la entidad. https:\/\/www.razon.com.mx\/estados\/646-personas-realizan-cambio-identidad-genero-jalisco-10-son-menores-edad-457577 Prensa\u00a0el&hellip;\" \/>\n<meta property=\"og:url\" content=\"https:\/\/www.betweenlgbt.com.mx\/en\/fuente-jalisco\/\" \/>\n<meta property=\"og:site_name\" content=\"BETWEEN LGBT*\" \/>\n<meta name=\"twitter:card\" content=\"summary_large_image\" \/>\n<script type=\"application\/ld+json\" class=\"yoast-schema-graph\">{\"@context\":\"https:\/\/schema.org\",\"@graph\":[{\"@type\":\"WebPage\",\"@id\":\"https:\/\/www.betweenlgbt.com.mx\/fuente-jalisco\/\",\"url\":\"https:\/\/www.betweenlgbt.com.mx\/fuente-jalisco\/\",\"name\":\"Fuente Jalisco - BETWEEN LGBT*\",\"isPartOf\":{\"@id\":\"https:\/\/www.betweenlgbt.com.mx\/#website\"},\"datePublished\":\"2022-01-31T18:41:56+00:00\",\"breadcrumb\":{\"@id\":\"https:\/\/www.betweenlgbt.com.mx\/fuente-jalisco\/#breadcrumb\"},\"inLanguage\":\"en-GB\",\"potentialAction\":[{\"@type\":\"ReadAction\",\"target\":[\"https:\/\/www.betweenlgbt.com.mx\/fuente-jalisco\/\"]}]},{\"@type\":\"BreadcrumbList\",\"@id\":\"https:\/\/www.betweenlgbt.com.mx\/fuente-jalisco\/#breadcrumb\",\"itemListElement\":[{\"@type\":\"ListItem\",\"position\":1,\"name\":\"Portada\",\"item\":\"https:\/\/www.betweenlgbt.com.mx\/\"},{\"@type\":\"ListItem\",\"position\":2,\"name\":\"Fuente Jalisco\"}]},{\"@type\":\"WebSite\",\"@id\":\"https:\/\/www.betweenlgbt.com.mx\/#website\",\"url\":\"https:\/\/www.betweenlgbt.com.mx\/\",\"name\":\"BETWEEN LGBT*\",\"description\":\"BETWEEN LGBT* es una plataforma para consulta de derechos humanos de la poblaci\u00f3n LGBT en M\u00e9xico y Am\u00e9rica Latina\",\"publisher\":{\"@id\":\"https:\/\/www.betweenlgbt.com.mx\/#organization\"},\"potentialAction\":[{\"@type\":\"SearchAction\",\"target\":{\"@type\":\"EntryPoint\",\"urlTemplate\":\"https:\/\/www.betweenlgbt.com.mx\/?s={search_term_string}\"},\"query-input\":{\"@type\":\"PropertyValueSpecification\",\"valueRequired\":true,\"valueName\":\"search_term_string\"}}],\"inLanguage\":\"en-GB\"},{\"@type\":\"Organization\",\"@id\":\"https:\/\/www.betweenlgbt.com.mx\/#organization\",\"name\":\"BETWEEN LGBT*\",\"url\":\"https:\/\/www.betweenlgbt.com.mx\/\",\"logo\":{\"@type\":\"ImageObject\",\"inLanguage\":\"en-GB\",\"@id\":\"https:\/\/www.betweenlgbt.com.mx\/#\/schema\/logo\/image\/\",\"url\":\"https:\/\/www.betweenlgbt.com.mx\/wp-content\/uploads\/2021\/12\/Captura-de-Pantalla-2021-12-20-a-las-14.19.48.png\",\"contentUrl\":\"https:\/\/www.betweenlgbt.com.mx\/wp-content\/uploads\/2021\/12\/Captura-de-Pantalla-2021-12-20-a-las-14.19.48.png\",\"width\":464,\"height\":332,\"caption\":\"BETWEEN LGBT*\"},\"image\":{\"@id\":\"https:\/\/www.betweenlgbt.com.mx\/#\/schema\/logo\/image\/\"}}]}<\/script>\n<!-- \/ Yoast SEO plugin. -->","yoast_head_json":{"title":"Fuente Jalisco - BETWEEN LGBT*","robots":{"index":"index","follow":"follow","max-snippet":"max-snippet:-1","max-image-preview":"max-image-preview:large","max-video-preview":"max-video-preview:-1"},"canonical":"https:\/\/www.betweenlgbt.com.mx\/en\/fuente-jalisco\/","og_locale":"en_GB","og_type":"article","og_title":"Fuente Jalisco - BETWEEN LGBT*","og_description":"JALISCO Derecho Fuente Direcci\u00f3n online Matrimonio igualitario 2016 Ka.Volta https:\/\/www.kavolta.com\/2018\/06\/a-mano-suelta-matrimonio-igualitario\/ Identidad de g\u00e9nero 2020 Cuartoscuro en La Raz\u00f3n, 2021 Pie de foto: El derecho a la identidad de las personas trans fue reconocido en Jalisco el pasado 29 de octubre de 2020, en un decreto publicado en el peri\u00f3dico oficial de la entidad. https:\/\/www.razon.com.mx\/estados\/646-personas-realizan-cambio-identidad-genero-jalisco-10-son-menores-edad-457577 Prensa\u00a0el&hellip;","og_url":"https:\/\/www.betweenlgbt.com.mx\/en\/fuente-jalisco\/","og_site_name":"BETWEEN LGBT*","twitter_card":"summary_large_image","schema":{"@context":"https:\/\/schema.org","@graph":[{"@type":"WebPage","@id":"https:\/\/www.betweenlgbt.com.mx\/fuente-jalisco\/","url":"https:\/\/www.betweenlgbt.com.mx\/fuente-jalisco\/","name":"Fuente Jalisco - BETWEEN LGBT*","isPartOf":{"@id":"https:\/\/www.betweenlgbt.com.mx\/#website"},"datePublished":"2022-01-31T18:41:56+00:00","breadcrumb":{"@id":"https:\/\/www.betweenlgbt.com.mx\/fuente-jalisco\/#breadcrumb"},"inLanguage":"en-GB","potentialAction":[{"@type":"ReadAction","target":["https:\/\/www.betweenlgbt.com.mx\/fuente-jalisco\/"]}]},{"@type":"BreadcrumbList","@id":"https:\/\/www.betweenlgbt.com.mx\/fuente-jalisco\/#breadcrumb","itemListElement":[{"@type":"ListItem","position":1,"name":"Portada","item":"https:\/\/www.betweenlgbt.com.mx\/"},{"@type":"ListItem","position":2,"name":"Fuente Jalisco"}]},{"@type":"WebSite","@id":"https:\/\/www.betweenlgbt.com.mx\/#website","url":"https:\/\/www.betweenlgbt.com.mx\/","name":"BETWEEN LGBT*","description":"BETWEEN LGBT* es una plataforma para consulta de derechos humanos de la poblaci\u00f3n LGBT en M\u00e9xico y Am\u00e9rica Latina","publisher":{"@id":"https:\/\/www.betweenlgbt.com.mx\/#organization"},"potentialAction":[{"@type":"SearchAction","target":{"@type":"EntryPoint","urlTemplate":"https:\/\/www.betweenlgbt.com.mx\/?s={search_term_string}"},"query-input":{"@type":"PropertyValueSpecification","valueRequired":true,"valueName":"search_term_string"}}],"inLanguage":"en-GB"},{"@type":"Organization","@id":"https:\/\/www.betweenlgbt.com.mx\/#organization","name":"BETWEEN LGBT*","url":"https:\/\/www.betweenlgbt.com.mx\/","logo":{"@type":"ImageObject","inLanguage":"en-GB","@id":"https:\/\/www.betweenlgbt.com.mx\/#\/schema\/logo\/image\/","url":"https:\/\/www.betweenlgbt.com.mx\/wp-content\/uploads\/2021\/12\/Captura-de-Pantalla-2021-12-20-a-las-14.19.48.png","contentUrl":"https:\/\/www.betweenlgbt.com.mx\/wp-content\/uploads\/2021\/12\/Captura-de-Pantalla-2021-12-20-a-las-14.19.48.png","width":464,"height":332,"caption":"BETWEEN LGBT*"},"image":{"@id":"https:\/\/www.betweenlgbt.com.mx\/#\/schema\/logo\/image\/"}}]}},"_links":{"self":[{"href":"https:\/\/www.betweenlgbt.com.mx\/en\/wp-json\/wp\/v2\/pages\/1608","targetHints":{"allow":["GET"]}}],"collection":[{"href":"https:\/\/www.betweenlgbt.com.mx\/en\/wp-json\/wp\/v2\/pages"}],"about":[{"href":"https:\/\/www.betweenlgbt.com.mx\/en\/wp-json\/wp\/v2\/types\/page"}],"author":[{"embeddable":true,"href":"https:\/\/www.betweenlgbt.com.mx\/en\/wp-json\/wp\/v2\/users\/1"}],"replies":[{"embeddable":true,"href":"https:\/\/www.betweenlgbt.com.mx\/en\/wp-json\/wp\/v2\/comments?post=1608"}],"version-history":[{"count":0,"href":"https:\/\/www.betweenlgbt.com.mx\/en\/wp-json\/wp\/v2\/pages\/1608\/revisions"}],"wp:attachment":[{"href":"https:\/\/www.betweenlgbt.com.mx\/en\/wp-json\/wp\/v2\/media?parent=1608"}],"curies":[{"name":"wp","href":"https:\/\/api.w.org\/{rel}","templated":true}]}}