{"id":1565,"date":"2022-01-31T18:12:59","date_gmt":"2022-01-31T18:12:59","guid":{"rendered":"https:\/\/www.betweenlgbt.com.mx\/?page_id=1565"},"modified":"2022-09-28T06:20:34","modified_gmt":"2022-09-28T06:20:34","slug":"fuentes-ecuador","status":"publish","type":"page","link":"https:\/\/www.betweenlgbt.com.mx\/en\/fuentes-ecuador\/","title":{"rendered":"Fuentes Ecuador"},"content":{"rendered":"<div class=\"vc_row wpb_row vc_row-fluid\"><div class=\"wpb_column vc_column_container vc_col-sm-12\"><div class=\"vc_column-inner\"><div class=\"wpb_wrapper\">\n\t<div class=\"wpb_text_column wpb_content_element\" >\n\t\t<div class=\"wpb_wrapper\">\n\t\t\t<h2><span style=\"color: #000000;\"><strong><span style=\"font-size: 12pt; font-family: futura;\">ECUADOR<\/span><\/strong><\/span><\/h2>\n<table width=\"0\">\n<tbody>\n<tr>\n<td width=\"95\">\n<p style=\"text-align: center;\"><span style=\"font-size: 12pt;\"><strong><span style=\"color: #000000;\">Right:<\/span><\/strong><\/span><\/p>\n<\/td>\n<td style=\"text-align: center;\" width=\"101\"><span style=\"font-size: 12pt;\"><strong><span style=\"color: #000000;\">Fuente<\/span><\/strong><\/span><\/td>\n<td width=\"486\">\n<p style=\"text-align: center;\"><span style=\"font-size: 12pt;\"><strong><span style=\"color: #000000;\">Direcci\u00f3n online<\/span><\/strong><\/span><\/p>\n<\/td>\n<\/tr>\n<tr>\n<td width=\"95\">\n<p style=\"text-align: center;\"><span style=\"font-size: 12pt; color: #000000;\"><strong>Trabajo (Derecho a la no discriminaci\u00f3n laboral)<\/strong><\/span><\/p>\n<p style=\"text-align: center;\"><span style=\"font-size: 12pt; color: #000000;\"><strong>2015<\/strong><\/span><\/p>\n<\/td>\n<td width=\"101\">\n<p style=\"text-align: center;\"><span style=\"font-size: 12pt; color: #333333;\">Agencia EFE, 2015<\/span><\/p>\n<\/td>\n<td width=\"486\">\n<p style=\"text-align: center;\"><span style=\"font-size: 12pt;\"><a href=\"https:\/\/estaticos.efe.com\/efecom\/recursos2\/imagen.aspx?-P-2fL4Jfo8HOMhOkPPaX7zMZR-P-2f1jUOLMm-P-2fCQ4TncnkXVSTX-P-2bAoG0sxzXPZPAk5l-P-2fU5UGqCbHX4ZKdzkEUkyEAXMng-P-3d-P-3d\">https:\/\/estaticos.efe.com\/efecom\/recursos2\/imagen.aspx?-P-2fL4Jfo8HOMhOkPPaX7zMZR-P-2f1jUOLMm-P-2fCQ4TncnkXVSTX-P-2bAoG0sxzXPZPAk5l-P-2fU5UGqCbHX4ZKdzkEUkyEAXMng-P-3d-P-3d<\/a><\/span><\/p>\n<\/td>\n<\/tr>\n<tr>\n<td width=\"95\">\n<p style=\"text-align: center;\"><span style=\"font-size: 12pt; color: #000000;\"><strong>Identidad de g\u00e9nero<\/strong><\/span><\/p>\n<p style=\"text-align: center;\"><span style=\"font-size: 12pt; color: #000000;\"><strong>2016<\/strong><\/span><\/p>\n<\/td>\n<td width=\"101\">\n<p style=\"text-align: center;\"><span style=\"color: #333333; font-size: 12pt;\">20minutos, 2016<\/span><\/p>\n<p style=\"text-align: center;\"><span style=\"color: #333333; font-size: 12pt;\">Pie de foto: Miembros de la Federaci\u00f3n Ecuatoriana de Organizaciones LGBT<\/span><\/p>\n<\/td>\n<td width=\"486\">\n<p style=\"text-align: center;\"><span style=\"font-size: 12pt;\"><a href=\"https:\/\/cdnb.20m.es\/sites\/126\/2015\/12\/Los-miembros-de-la-Federaci%C3%B3n-Ecuatoriana-de-Organizaciones-LGBT.jpg\">https:\/\/cdnb.20m.es\/sites\/126\/2015\/12\/Los-miembros-de-la-Federaci%C3%B3n-Ecuatoriana-de-Organizaciones-LGBT.jpg<\/a><\/span><\/p>\n<p>&nbsp;<\/td>\n<\/tr>\n<tr>\n<td rowspan=\"3\" width=\"95\">\n<p style=\"text-align: center;\"><span style=\"color: #000000; font-size: 12pt;\"><strong>Matrimonio igualitario<\/strong><\/span><\/p>\n<p style=\"text-align: center;\"><span style=\"color: #000000; font-size: 12pt;\"><strong>2019<\/strong><\/span><\/p>\n<\/td>\n<td width=\"101\">\n<p style=\"text-align: center;\"><span style=\"color: #333333; font-size: 12pt;\">La Naci\u00f3n, 2019<\/span><\/p>\n<p style=\"text-align: center;\"><span style=\"color: #333333; font-size: 12pt;\">Pie de foto: Con el voto de mayor\u00eda, la Corte \u201creconoci\u00f3 el matrimonio entre personas del mismo sexo&#8221;<\/span><\/p>\n<\/td>\n<td style=\"text-align: center;\" width=\"486\"><span style=\"font-size: 12pt;\"><a href=\"https:\/\/resizer.glanacion.com\/resizer\/30-ErQON3YAg2pzQwgomahNZrBE=\/768x0\/filters:quality(80)\/cloudfront-us-east-1.images.arcpublishing.com\/lanacionar\/6DXPORPAZVGU7DKV4BBYEPIEIY.jpg\">https:\/\/resizer.glanacion.com\/resizer\/30-ErQON3YAg2pzQwgomahNZrBE=\/768&#215;0\/filters:quality(80)\/cloudfront-us-east-1.images.arcpublishing.com\/lanacionar\/6DXPORPAZVGU7DKV4BBYEPIEIY.jpg<\/a><\/span><\/td>\n<\/tr>\n<tr>\n<td width=\"101\">\n<p style=\"text-align: center;\"><span style=\"color: #333333; font-size: 12pt;\">Cr\u00edtica, 2019<\/span><\/p>\n<p style=\"text-align: center;\"><span style=\"color: #333333; font-size: 12pt;\">Pie de foto: Celebran primer matrimonio gay en Ecuador<\/span><\/p>\n<\/td>\n<td width=\"486\">\n<p style=\"text-align: center;\"><span style=\"font-size: 12pt;\"><a href=\"https:\/\/www.critica.com.pa\/sites\/default\/files\/matrimonio_gay.jpeg\">https:\/\/www.critica.com.pa\/sites\/default\/files\/matrimonio_gay.jpeg<\/a><\/span><\/p>\n<p>&nbsp;<\/td>\n<\/tr>\n<tr>\n<td width=\"101\">\n<p style=\"text-align: center;\"><span style=\"color: #333333; font-size: 12pt;\">Extra.ec, 2019<\/span><\/p>\n<p style=\"text-align: center;\"><span style=\"color: #000000; font-size: 12pt;\"><span style=\"color: #333333;\">Agosto de 2013. Pamela Troya y Gabriela Correa llegaron al Registro Civil, en Quito, para intentar casarse<\/span><\/span><\/p>\n<\/td>\n<td style=\"text-align: center;\" width=\"486\"><span style=\"font-size: 12pt;\"><a href=\"https:\/\/www.extra.ec\/noticia\/actualidad\/homosexualidad-derechos-lucha-castigo-muerte-2847805.html\">https:\/\/www.extra.ec\/noticia\/actualidad\/homosexualidad-derechos-lucha-castigo-muerte-2847805.html<\/a><\/span><\/td>\n<\/tr>\n<tr>\n<td rowspan=\"2\" width=\"95\">\n<p style=\"text-align: center;\"><strong><span style=\"color: #000000; font-size: 12pt;\">Cambio de sexo en c\u00e9dula<\/span><\/strong><\/p>\n<p style=\"text-align: center;\"><strong><span style=\"color: #000000;\">2022<\/span><\/strong><\/p>\n<\/td>\n<td width=\"101\">\n<p style=\"text-align: center;\"><span style=\"color: #333333; font-size: 12pt;\">Diane Rodr\u00edguez, 2022<\/span><\/p>\n<\/td>\n<td style=\"text-align: center;\" width=\"486\"><span style=\"font-size: 12pt;\"><a href=\"https:\/\/twitter.com\/DianeRodriguezZ\/status\/1574557869680128001\">https:\/\/twitter.com\/DianeRodriguezZ\/status\/1574557869680128001<\/a><\/span><\/td>\n<\/tr>\n<tr>\n<td width=\"101\">\n<p style=\"text-align: center;\"><span style=\"color: #333333; font-size: 12pt;\">Diane Rodr\u00edguez, 2022<\/span><\/p>\n<\/td>\n<td style=\"text-align: center;\" width=\"486\"><span style=\"font-size: 12pt;\"><a href=\"https:\/\/twitter.com\/DianeRodriguezZ\/status\/1551974508944302080\/photo\/1\">https:\/\/twitter.com\/DianeRodriguezZ\/status\/1551974508944302080\/photo\/1<\/a><\/span><\/td>\n<\/tr>\n<\/tbody>\n<\/table>\n\n\t\t<\/div>\n\t<\/div>\n<\/div><\/div><\/div><\/div>","protected":false},"excerpt":{"rendered":"<p>ECUADOR Derecho Fuente Direcci\u00f3n online Trabajo (Derecho a la no discriminaci\u00f3n laboral) 2015 Agencia EFE, 2015 https:\/\/estaticos.efe.com\/efecom\/recursos2\/imagen.aspx?-P-2fL4Jfo8HOMhOkPPaX7zMZR-P-2f1jUOLMm-P-2fCQ4TncnkXVSTX-P-2bAoG0sxzXPZPAk5l-P-2fU5UGqCbHX4ZKdzkEUkyEAXMng-P-3d-P-3d Identidad de g\u00e9nero 2016 20minutos, 2016 Pie de foto: Miembros de la Federaci\u00f3n Ecuatoriana de Organizaciones LGBT https:\/\/cdnb.20m.es\/sites\/126\/2015\/12\/Los-miembros-de-la-Federaci%C3%B3n-Ecuatoriana-de-Organizaciones-LGBT.jpg &nbsp; Matrimonio igualitario 2019 La Naci\u00f3n, 2019 Pie de foto: Con el voto de mayor\u00eda, la Corte \u201creconoci\u00f3 el matrimonio&hellip;<\/p>","protected":false},"author":1,"featured_media":0,"parent":0,"menu_order":0,"comment_status":"closed","ping_status":"closed","template":"","meta":[],"class_list":["post-1565","page","type-page","status-publish","hentry","description-off"],"yoast_head":"<!-- This site is optimized with the Yoast SEO plugin v26.9 - https:\/\/yoast.com\/product\/yoast-seo-wordpress\/ -->\n<title>Fuentes Ecuador - BETWEEN LGBT*<\/title>\n<meta name=\"robots\" content=\"index, follow, max-snippet:-1, max-image-preview:large, max-video-preview:-1\" \/>\n<link rel=\"canonical\" href=\"https:\/\/www.betweenlgbt.com.mx\/en\/fuentes-ecuador\/\" \/>\n<meta property=\"og:locale\" content=\"en_GB\" \/>\n<meta property=\"og:type\" content=\"article\" \/>\n<meta property=\"og:title\" content=\"Fuentes Ecuador - BETWEEN LGBT*\" \/>\n<meta property=\"og:url\" content=\"https:\/\/www.betweenlgbt.com.mx\/en\/fuentes-ecuador\/\" \/>\n<meta property=\"og:site_name\" content=\"BETWEEN LGBT*\" \/>\n<meta property=\"article:modified_time\" content=\"2022-09-28T06:20:34+00:00\" \/>\n<meta name=\"twitter:card\" content=\"summary_large_image\" \/>\n<meta name=\"twitter:label1\" content=\"Estimated reading time\" \/>\n\t<meta name=\"twitter:data1\" content=\"1 minute\" \/>\n<script type=\"application\/ld+json\" class=\"yoast-schema-graph\">{\"@context\":\"https:\/\/schema.org\",\"@graph\":[{\"@type\":\"WebPage\",\"@id\":\"https:\/\/www.betweenlgbt.com.mx\/fuentes-ecuador\/\",\"url\":\"https:\/\/www.betweenlgbt.com.mx\/fuentes-ecuador\/\",\"name\":\"Fuentes Ecuador - BETWEEN LGBT*\",\"isPartOf\":{\"@id\":\"https:\/\/www.betweenlgbt.com.mx\/#website\"},\"datePublished\":\"2022-01-31T18:12:59+00:00\",\"dateModified\":\"2022-09-28T06:20:34+00:00\",\"breadcrumb\":{\"@id\":\"https:\/\/www.betweenlgbt.com.mx\/fuentes-ecuador\/#breadcrumb\"},\"inLanguage\":\"en-GB\",\"potentialAction\":[{\"@type\":\"ReadAction\",\"target\":[\"https:\/\/www.betweenlgbt.com.mx\/fuentes-ecuador\/\"]}]},{\"@type\":\"BreadcrumbList\",\"@id\":\"https:\/\/www.betweenlgbt.com.mx\/fuentes-ecuador\/#breadcrumb\",\"itemListElement\":[{\"@type\":\"ListItem\",\"position\":1,\"name\":\"Portada\",\"item\":\"https:\/\/www.betweenlgbt.com.mx\/\"},{\"@type\":\"ListItem\",\"position\":2,\"name\":\"Fuentes Ecuador\"}]},{\"@type\":\"WebSite\",\"@id\":\"https:\/\/www.betweenlgbt.com.mx\/#website\",\"url\":\"https:\/\/www.betweenlgbt.com.mx\/\",\"name\":\"BETWEEN LGBT*\",\"description\":\"BETWEEN LGBT* es una plataforma para consulta de derechos humanos de la poblaci\u00f3n LGBT en M\u00e9xico y Am\u00e9rica Latina\",\"publisher\":{\"@id\":\"https:\/\/www.betweenlgbt.com.mx\/#organization\"},\"potentialAction\":[{\"@type\":\"SearchAction\",\"target\":{\"@type\":\"EntryPoint\",\"urlTemplate\":\"https:\/\/www.betweenlgbt.com.mx\/?s={search_term_string}\"},\"query-input\":{\"@type\":\"PropertyValueSpecification\",\"valueRequired\":true,\"valueName\":\"search_term_string\"}}],\"inLanguage\":\"en-GB\"},{\"@type\":\"Organization\",\"@id\":\"https:\/\/www.betweenlgbt.com.mx\/#organization\",\"name\":\"BETWEEN LGBT*\",\"url\":\"https:\/\/www.betweenlgbt.com.mx\/\",\"logo\":{\"@type\":\"ImageObject\",\"inLanguage\":\"en-GB\",\"@id\":\"https:\/\/www.betweenlgbt.com.mx\/#\/schema\/logo\/image\/\",\"url\":\"https:\/\/www.betweenlgbt.com.mx\/wp-content\/uploads\/2021\/12\/Captura-de-Pantalla-2021-12-20-a-las-14.19.48.png\",\"contentUrl\":\"https:\/\/www.betweenlgbt.com.mx\/wp-content\/uploads\/2021\/12\/Captura-de-Pantalla-2021-12-20-a-las-14.19.48.png\",\"width\":464,\"height\":332,\"caption\":\"BETWEEN LGBT*\"},\"image\":{\"@id\":\"https:\/\/www.betweenlgbt.com.mx\/#\/schema\/logo\/image\/\"}}]}<\/script>\n<!-- \/ Yoast SEO plugin. -->","yoast_head_json":{"title":"Fuentes Ecuador - BETWEEN LGBT*","robots":{"index":"index","follow":"follow","max-snippet":"max-snippet:-1","max-image-preview":"max-image-preview:large","max-video-preview":"max-video-preview:-1"},"canonical":"https:\/\/www.betweenlgbt.com.mx\/en\/fuentes-ecuador\/","og_locale":"en_GB","og_type":"article","og_title":"Fuentes Ecuador - BETWEEN LGBT*","og_url":"https:\/\/www.betweenlgbt.com.mx\/en\/fuentes-ecuador\/","og_site_name":"BETWEEN LGBT*","article_modified_time":"2022-09-28T06:20:34+00:00","twitter_card":"summary_large_image","twitter_misc":{"Estimated reading time":"1 minute"},"schema":{"@context":"https:\/\/schema.org","@graph":[{"@type":"WebPage","@id":"https:\/\/www.betweenlgbt.com.mx\/fuentes-ecuador\/","url":"https:\/\/www.betweenlgbt.com.mx\/fuentes-ecuador\/","name":"Fuentes Ecuador - BETWEEN LGBT*","isPartOf":{"@id":"https:\/\/www.betweenlgbt.com.mx\/#website"},"datePublished":"2022-01-31T18:12:59+00:00","dateModified":"2022-09-28T06:20:34+00:00","breadcrumb":{"@id":"https:\/\/www.betweenlgbt.com.mx\/fuentes-ecuador\/#breadcrumb"},"inLanguage":"en-GB","potentialAction":[{"@type":"ReadAction","target":["https:\/\/www.betweenlgbt.com.mx\/fuentes-ecuador\/"]}]},{"@type":"BreadcrumbList","@id":"https:\/\/www.betweenlgbt.com.mx\/fuentes-ecuador\/#breadcrumb","itemListElement":[{"@type":"ListItem","position":1,"name":"Portada","item":"https:\/\/www.betweenlgbt.com.mx\/"},{"@type":"ListItem","position":2,"name":"Fuentes Ecuador"}]},{"@type":"WebSite","@id":"https:\/\/www.betweenlgbt.com.mx\/#website","url":"https:\/\/www.betweenlgbt.com.mx\/","name":"BETWEEN LGBT*","description":"BETWEEN LGBT* es una plataforma para consulta de derechos humanos de la poblaci\u00f3n LGBT en M\u00e9xico y Am\u00e9rica Latina","publisher":{"@id":"https:\/\/www.betweenlgbt.com.mx\/#organization"},"potentialAction":[{"@type":"SearchAction","target":{"@type":"EntryPoint","urlTemplate":"https:\/\/www.betweenlgbt.com.mx\/?s={search_term_string}"},"query-input":{"@type":"PropertyValueSpecification","valueRequired":true,"valueName":"search_term_string"}}],"inLanguage":"en-GB"},{"@type":"Organization","@id":"https:\/\/www.betweenlgbt.com.mx\/#organization","name":"BETWEEN LGBT*","url":"https:\/\/www.betweenlgbt.com.mx\/","logo":{"@type":"ImageObject","inLanguage":"en-GB","@id":"https:\/\/www.betweenlgbt.com.mx\/#\/schema\/logo\/image\/","url":"https:\/\/www.betweenlgbt.com.mx\/wp-content\/uploads\/2021\/12\/Captura-de-Pantalla-2021-12-20-a-las-14.19.48.png","contentUrl":"https:\/\/www.betweenlgbt.com.mx\/wp-content\/uploads\/2021\/12\/Captura-de-Pantalla-2021-12-20-a-las-14.19.48.png","width":464,"height":332,"caption":"BETWEEN LGBT*"},"image":{"@id":"https:\/\/www.betweenlgbt.com.mx\/#\/schema\/logo\/image\/"}}]}},"_links":{"self":[{"href":"https:\/\/www.betweenlgbt.com.mx\/en\/wp-json\/wp\/v2\/pages\/1565","targetHints":{"allow":["GET"]}}],"collection":[{"href":"https:\/\/www.betweenlgbt.com.mx\/en\/wp-json\/wp\/v2\/pages"}],"about":[{"href":"https:\/\/www.betweenlgbt.com.mx\/en\/wp-json\/wp\/v2\/types\/page"}],"author":[{"embeddable":true,"href":"https:\/\/www.betweenlgbt.com.mx\/en\/wp-json\/wp\/v2\/users\/1"}],"replies":[{"embeddable":true,"href":"https:\/\/www.betweenlgbt.com.mx\/en\/wp-json\/wp\/v2\/comments?post=1565"}],"version-history":[{"count":0,"href":"https:\/\/www.betweenlgbt.com.mx\/en\/wp-json\/wp\/v2\/pages\/1565\/revisions"}],"wp:attachment":[{"href":"https:\/\/www.betweenlgbt.com.mx\/en\/wp-json\/wp\/v2\/media?parent=1565"}],"curies":[{"name":"wp","href":"https:\/\/api.w.org\/{rel}","templated":true}]}}